{"id":85624,"date":"2026-01-29T18:14:27","date_gmt":"2026-01-29T18:14:27","guid":{"rendered":"https:\/\/go-st.vizia.si\/?post_type=product&#038;p=85624"},"modified":"2026-02-12T09:49:20","modified_gmt":"2026-02-12T09:49:20","slug":"enorocna-namizna-mesalna-baterija-00206433","status":"publish","type":"product","link":"https:\/\/go-st.vizia.si\/?product=enorocna-namizna-mesalna-baterija-00206433","title":{"rendered":"Enoro\u010dna namizna me\u0161alna baterija, 00206433"},"content":{"rendered":"<h3 class=\"desc-headings\">Poudarki<\/h3>\n<ul>\n<li>Visokokakovostna armatura, izdelana v Italiji<\/li>\n<li>Iz visokokakovostnega kromiranega medenine<\/li>\n<li>Enoro\u010dajni me\u0161alnik za toplo in hladno vodo<\/li>\n<li>30 cm izlivni izliv<\/li>\n<li>Radius izliva: 360\u00b0<\/li>\n<\/ul>\n<h3 class=\"desc-headings\">Informacije o izdelku<\/h3>\n<p>Koda: 00206433<br \/>Pipica: A 280<\/p>\n<h3 class=\"desc-headings\">Tehni\u010dne informacije<\/h3>\n<ul>\n<li>Premer izvrtine v mizi: 32\u201335 mm<\/li>\n<li>Skupna vi\u0161ina: pribli\u017eno 34,7 cm<\/li>\n<li>Vi\u0161ina izliva: 28,7 cm<\/li>\n<li>Izpad pipa: 30 cm<\/li>\n<li>Pretok pri 4 bar: 18 l\/min<\/li>\n<li>Najve\u010dji tlak vode: 5 bar<\/li>\n<li>Velikost priklju\u010dka: 1\/2\"<\/li>\n<\/ul>\n","protected":false},"excerpt":{"rendered":"<p>Enodr\u017ena armatura z me\u0161alno ro\u010dico<br \/>30 cm izlivna cev<br \/>360\u00b0 radius<\/p>\n","protected":false},"featured_media":85655,"comment_status":"open","ping_status":"closed","template":"","meta":{"_acf_changed":false},"product_brand":[166],"product_cat":[57],"product_tag":[],"class_list":{"0":"post-85624","1":"product","2":"type-product","3":"status-publish","4":"has-post-thumbnail","6":"product_brand-mayway","7":"product_cat-pipe","9":"first","10":"instock","11":"shipping-taxable","12":"purchasable","13":"product-type-simple"},"acf":[],"_links":{"self":[{"href":"https:\/\/go-st.vizia.si\/index.php?rest_route=\/wp\/v2\/product\/85624","targetHints":{"allow":["GET"]}}],"collection":[{"href":"https:\/\/go-st.vizia.si\/index.php?rest_route=\/wp\/v2\/product"}],"about":[{"href":"https:\/\/go-st.vizia.si\/index.php?rest_route=\/wp\/v2\/types\/product"}],"replies":[{"embeddable":true,"href":"https:\/\/go-st.vizia.si\/index.php?rest_route=%2Fwp%2Fv2%2Fcomments&post=85624"}],"wp:featuredmedia":[{"embeddable":true,"href":"https:\/\/go-st.vizia.si\/index.php?rest_route=\/wp\/v2\/media\/85655"}],"wp:attachment":[{"href":"https:\/\/go-st.vizia.si\/index.php?rest_route=%2Fwp%2Fv2%2Fmedia&parent=85624"}],"wp:term":[{"taxonomy":"product_brand","embeddable":true,"href":"https:\/\/go-st.vizia.si\/index.php?rest_route=%2Fwp%2Fv2%2Fproduct_brand&post=85624"},{"taxonomy":"product_cat","embeddable":true,"href":"https:\/\/go-st.vizia.si\/index.php?rest_route=%2Fwp%2Fv2%2Fproduct_cat&post=85624"},{"taxonomy":"product_tag","embeddable":true,"href":"https:\/\/go-st.vizia.si\/index.php?rest_route=%2Fwp%2Fv2%2Fproduct_tag&post=85624"}],"curies":[{"name":"wp","href":"https:\/\/api.w.org\/{rel}","templated":true}]}}