{"id":85627,"date":"2026-01-29T18:14:27","date_gmt":"2026-01-29T18:14:27","guid":{"rendered":"https:\/\/go-st.vizia.si\/?post_type=product&#038;p=85627"},"modified":"2026-02-12T09:49:20","modified_gmt":"2026-02-12T09:49:20","slug":"dvorocna-tus-baterija-top-class-00958030","status":"publish","type":"product","link":"https:\/\/go-st.vizia.si\/?product=dvorocna-tus-baterija-top-class-00958030","title":{"rendered":"Dvoro\u010dna tu\u0161 baterija, Top Class, 00958030"},"content":{"rendered":"<p>Posodo je treba pred \u010di\u0161\u010denjem v pomivalnem stroju o\u010distiti najhuj\u0161ih ne\u010disto\u010d, saj le tako dose\u017eete optimalen rezultat pomivanja! Naj bo v restavracijah, \u0161olah, na prireditvah ali v mnogih drugih podro\u010djih uporabe, MAYWAY prha za pomivanje posode je idealna za to, saj olaj\u0161a delo in zagotavlja higienske rezultate.<\/p>\n<h3 class=\"desc-headings\">Poudarki<\/h3>\n<ul>\n<li>Visokokakovostna armatura, izdelana v Italiji<\/li>\n<li>Iz visokokakovostnega kromiranega medenine<\/li>\n<li>Enostavna namestitev na mizo<\/li>\n<li>2 me\u0161alni ventili za toplo in hladno vodo<\/li>\n<li>1 vodni ventil na stojni cevi za vrtljivi pip<\/li>\n<li>Vodovodna pipa\/vrtljiva pipa (25 cm)<\/li>\n<li>Stojalo s stenskim nosilcem<\/li>\n<li>Plastificirana oja\u010dena cev<\/li>\n<li>Spiralna vzmet s poliamidno prevleko<\/li>\n<li>Spiralna vzmet z za\u0161\u010ditnim obro\u010dem za za\u0161\u010dito cevi<\/li>\n<li>Ergonomi\u010dna ro\u010dna tu\u0161 glava<\/li>\n<li>Stopenjsko nastavljiva mo\u010d curka<\/li>\n<li>Vklju\u010dno z zavoro za neprekinjeno delovanje<\/li>\n<li>Brez povratnega udarca<\/li>\n<\/ul>\n<h3 class=\"desc-headings\">Informacije o izdelku<\/h3>\n<p>Vodovodna pipa: A 250<\/p>\n<h3 class=\"desc-headings\">Tehni\u010dne informacije<\/h3>\n<ul>\n<li>Premer izvrtine v mizi: 3 cm<\/li>\n<li>Skupna vi\u0161ina pribli\u017eno: 124 cm<\/li>\n<li>Vi\u0161ina izliva: 27 cm<\/li>\n<li>Izpad pipe: 30 cm<\/li>\n<li>Pretok pri 3 bar: 17 l\/min<\/li>\n<li>Najve\u010dji tlak vode: 5 bar<\/li>\n<li>Velikost priklju\u010dka: 3\/8\" F<\/li>\n<\/ul>\n","protected":false},"excerpt":{"rendered":"<p>Enodr\u017ena prha za pomivanje posode<br \/>za enostavno namestitev na mizo<br \/>vklju\u010dno s stenskim nosilcem<br \/>me\u0161alni ventili za toplo in hladno vodo <br \/>Skupna vi\u0161ina pribli\u017eno: 124 cm<\/p>\n","protected":false},"featured_media":85658,"comment_status":"open","ping_status":"closed","template":"","meta":{"_acf_changed":false},"product_brand":[166],"product_cat":[57],"product_tag":[],"class_list":{"0":"post-85627","1":"product","2":"type-product","3":"status-publish","4":"has-post-thumbnail","6":"product_brand-mayway","7":"product_cat-pipe","9":"first","10":"instock","11":"shipping-taxable","12":"purchasable","13":"product-type-simple"},"acf":[],"_links":{"self":[{"href":"https:\/\/go-st.vizia.si\/index.php?rest_route=\/wp\/v2\/product\/85627","targetHints":{"allow":["GET"]}}],"collection":[{"href":"https:\/\/go-st.vizia.si\/index.php?rest_route=\/wp\/v2\/product"}],"about":[{"href":"https:\/\/go-st.vizia.si\/index.php?rest_route=\/wp\/v2\/types\/product"}],"replies":[{"embeddable":true,"href":"https:\/\/go-st.vizia.si\/index.php?rest_route=%2Fwp%2Fv2%2Fcomments&post=85627"}],"wp:featuredmedia":[{"embeddable":true,"href":"https:\/\/go-st.vizia.si\/index.php?rest_route=\/wp\/v2\/media\/85658"}],"wp:attachment":[{"href":"https:\/\/go-st.vizia.si\/index.php?rest_route=%2Fwp%2Fv2%2Fmedia&parent=85627"}],"wp:term":[{"taxonomy":"product_brand","embeddable":true,"href":"https:\/\/go-st.vizia.si\/index.php?rest_route=%2Fwp%2Fv2%2Fproduct_brand&post=85627"},{"taxonomy":"product_cat","embeddable":true,"href":"https:\/\/go-st.vizia.si\/index.php?rest_route=%2Fwp%2Fv2%2Fproduct_cat&post=85627"},{"taxonomy":"product_tag","embeddable":true,"href":"https:\/\/go-st.vizia.si\/index.php?rest_route=%2Fwp%2Fv2%2Fproduct_tag&post=85627"}],"curies":[{"name":"wp","href":"https:\/\/api.w.org\/{rel}","templated":true}]}}