{"id":85662,"date":"2026-01-29T18:14:36","date_gmt":"2026-01-29T18:14:36","guid":{"rendered":"https:\/\/go-st.vizia.si\/?post_type=product&#038;p=85662"},"modified":"2026-02-26T08:36:52","modified_gmt":"2026-02-26T08:36:52","slug":"stenska-tus-baterija","status":"publish","type":"product","link":"https:\/\/go-st.vizia.si\/?product=stenska-tus-baterija","title":{"rendered":"Stenska pipa z visokim tu\u0161em"},"content":{"rendered":"<p>Enoro\u010dna, vi\u0161ina 1020mm<\/p>\n<p>Me\u0161alnik z eno luknjo za predpranje s premi\u010dnim izlivom in premium prho, kratka ro\u010dica<\/p>\n","protected":false},"excerpt":{"rendered":"<p>Enoro\u010dna, vi\u0161ina 1020mm<\/p>\n<p>Me\u0161alnik z eno luknjo za predpranje s premi\u010dnim izlivom in premium prho, kratka ro\u010dica<\/p>\n","protected":false},"featured_media":85689,"comment_status":"open","ping_status":"closed","template":"","meta":{"_acf_changed":false},"product_brand":[],"product_cat":[57],"product_tag":[],"class_list":{"0":"post-85662","1":"product","2":"type-product","3":"status-publish","4":"has-post-thumbnail","6":"product_cat-pipe","8":"first","9":"instock","10":"shipping-taxable","11":"purchasable","12":"product-type-simple"},"acf":[],"_links":{"self":[{"href":"https:\/\/go-st.vizia.si\/index.php?rest_route=\/wp\/v2\/product\/85662","targetHints":{"allow":["GET"]}}],"collection":[{"href":"https:\/\/go-st.vizia.si\/index.php?rest_route=\/wp\/v2\/product"}],"about":[{"href":"https:\/\/go-st.vizia.si\/index.php?rest_route=\/wp\/v2\/types\/product"}],"replies":[{"embeddable":true,"href":"https:\/\/go-st.vizia.si\/index.php?rest_route=%2Fwp%2Fv2%2Fcomments&post=85662"}],"wp:featuredmedia":[{"embeddable":true,"href":"https:\/\/go-st.vizia.si\/index.php?rest_route=\/wp\/v2\/media\/85689"}],"wp:attachment":[{"href":"https:\/\/go-st.vizia.si\/index.php?rest_route=%2Fwp%2Fv2%2Fmedia&parent=85662"}],"wp:term":[{"taxonomy":"product_brand","embeddable":true,"href":"https:\/\/go-st.vizia.si\/index.php?rest_route=%2Fwp%2Fv2%2Fproduct_brand&post=85662"},{"taxonomy":"product_cat","embeddable":true,"href":"https:\/\/go-st.vizia.si\/index.php?rest_route=%2Fwp%2Fv2%2Fproduct_cat&post=85662"},{"taxonomy":"product_tag","embeddable":true,"href":"https:\/\/go-st.vizia.si\/index.php?rest_route=%2Fwp%2Fv2%2Fproduct_tag&post=85662"}],"curies":[{"name":"wp","href":"https:\/\/api.w.org\/{rel}","templated":true}]}}