{"id":85672,"date":"2026-01-29T18:14:37","date_gmt":"2026-01-29T18:14:37","guid":{"rendered":"https:\/\/go-st.vizia.si\/?post_type=product&#038;p=85672"},"modified":"2026-02-12T09:49:29","modified_gmt":"2026-02-12T09:49:29","slug":"pomivalni-stroj-za-kozarce-isy-tech-34-10s","status":"publish","type":"product","link":"https:\/\/go-st.vizia.si\/?product=pomivalni-stroj-za-kozarce-isy-tech-34-10s","title":{"rendered":"POMIVALNI STROJ ZA KOZARCE ISY TECH 34-10S"},"content":{"rendered":"<p><span>Pomivalni stroji za kozarce MAYWAY iz <\/span><strong>kompaktne serije ISY TECH<\/strong><span> so odli\u010dni za podjetja, ki dajejo velik poudarek kompaktnim dimenzijam in enostavni uporabi pomivalnega stroja. Omogo\u010dajo vam hitro in u\u010dinkovito delo. Vgrajena funkcija ThermoStop in digitalni prikaz temperature zagotavljata varno delovanje <\/span><strong>ob upo\u0161tevanju veljavnih higienskih smernic.<\/strong><span> Kljub kompaktnim dimenzijam imajo <\/span><strong>pomivalni stroji MAYWAY<\/strong><span> serije ISY TECH dvojno steno (konstrukcija vrat\/pokrova) in na\u0161e najnovej\u0161e tehnologije. <\/span><\/p>\n<h3 class=\"desc-headings\">Poudarki<\/h3>\n<ul>\n<li>V celoti iz nerjave\u010dega jekla<\/li>\n<li>Elektromehansko krmiljenje<\/li>\n<li>Enostavno in zanesljivo upravljanje s kombinacijo upravljalnih gumbov, 2-mestnega LED-digitalnega prikazovalnika in 3 LED-lu\u010dk za stanje<\/li>\n<li>Napake kode omogo\u010dajo hitro in enostavno odpravljanje napak<\/li>\n<li>Dvojna stena vratne konstrukcije<\/li>\n<li>Zvarjena konstrukcija rezervoarja<\/li>\n<\/ul>\n<h3 class=\"desc-headings\">Informacije o izdelku<\/h3>\n<ul>\n<li>Spodnji pralni rok<\/li>\n<li>Zgornji in spodnji rok za izpiranje<\/li>\n<li>Peristalti\u010dni dozator za izpiranje<\/li>\n<li>Samodejno \u010di\u0161\u010denje ob koncu uporabe<\/li>\n<li>Vsebina rezervoarja: 8 l<\/li>\n<li>Trajanje izpiranja: 120 sek.\n<li>Temperatura pranja: 60 \u00b0C<\/li>\n<li>Temperatura izpiranja: 80 \u00b0C<\/li>\n<li>Poraba vode na izpiranje: 2,1 l<\/li>\n<li>Maks. odprtina vrat: 32 cm<\/li>\n<li>Maks. uporabna vi\u0161ina polnjenja: 30 cm<\/li>\n<\/ul>\n<h3 class=\"desc-headings\">Tehni\u010dne informacije<\/h3>\n<ul>\n<li>Ura produktivnost: 30 ko\u0161ar<\/li>\n<li>Priklju\u010dek: 230 V \/ 3,5 kW<\/li>\n<li>Dimenzije: 43,6 x 53,5 x 67 cm (\u0160xGxV)<a href=\"https:\/\/www.mayway.eu\/et\/search?p=1&q=ISYTECH34-10S&o=7&n=12&cf=21010000\" target=\"_blank\"><br \/><\/a><\/li>\n<\/ul>\n<h3 class=\"desc-headings\">Prilo\u017eena oprema<\/h3>\n<ul>\n<li>2 ko\u0161a za kozarce 38,5 x 38,5 cm<\/li>\n<li>1 dr\u017ealo za jedilni pribor<\/li>\n<\/ul>\n","protected":false},"excerpt":{"rendered":"<p>Vgrajen razku\u017eevalnik<br \/>Ura: 30 ko\u0161aric<br \/>Priklju\u010dek: 230 V \/ 3,5 kW<br \/>Dimenzije: 43,6 x 53,5 x 67 cm (\u0160xGxV)<\/p>\n","protected":false},"featured_media":85720,"comment_status":"open","ping_status":"closed","template":"","meta":{"_acf_changed":false},"product_brand":[1060],"product_cat":[85],"product_tag":[],"class_list":{"0":"post-85672","1":"product","2":"type-product","3":"status-publish","4":"has-post-thumbnail","6":"product_brand-colged","7":"product_cat-podpultni-pomivalni-stroji-za-kozarce","9":"first","10":"instock","11":"shipping-taxable","12":"purchasable","13":"product-type-simple"},"acf":[],"_links":{"self":[{"href":"https:\/\/go-st.vizia.si\/index.php?rest_route=\/wp\/v2\/product\/85672","targetHints":{"allow":["GET"]}}],"collection":[{"href":"https:\/\/go-st.vizia.si\/index.php?rest_route=\/wp\/v2\/product"}],"about":[{"href":"https:\/\/go-st.vizia.si\/index.php?rest_route=\/wp\/v2\/types\/product"}],"replies":[{"embeddable":true,"href":"https:\/\/go-st.vizia.si\/index.php?rest_route=%2Fwp%2Fv2%2Fcomments&post=85672"}],"wp:featuredmedia":[{"embeddable":true,"href":"https:\/\/go-st.vizia.si\/index.php?rest_route=\/wp\/v2\/media\/85720"}],"wp:attachment":[{"href":"https:\/\/go-st.vizia.si\/index.php?rest_route=%2Fwp%2Fv2%2Fmedia&parent=85672"}],"wp:term":[{"taxonomy":"product_brand","embeddable":true,"href":"https:\/\/go-st.vizia.si\/index.php?rest_route=%2Fwp%2Fv2%2Fproduct_brand&post=85672"},{"taxonomy":"product_cat","embeddable":true,"href":"https:\/\/go-st.vizia.si\/index.php?rest_route=%2Fwp%2Fv2%2Fproduct_cat&post=85672"},{"taxonomy":"product_tag","embeddable":true,"href":"https:\/\/go-st.vizia.si\/index.php?rest_route=%2Fwp%2Fv2%2Fproduct_tag&post=85672"}],"curies":[{"name":"wp","href":"https:\/\/api.w.org\/{rel}","templated":true}]}}