{"id":85776,"date":"2026-01-29T18:14:53","date_gmt":"2026-01-29T18:14:53","guid":{"rendered":"https:\/\/go-st.vizia.si\/?post_type=product&#038;p=85776"},"modified":"2026-02-26T08:36:51","modified_gmt":"2026-02-26T08:36:51","slug":"univerzalni-stroj-za-pomivanje-posode-top-tech-36l-23","status":"publish","type":"product","link":"https:\/\/go-st.vizia.si\/?product=univerzalni-stroj-za-pomivanje-posode-top-tech-36l-23","title":{"rendered":"Pomivalni stroj za \u010drno posodo TOP TECH T36L-23"},"content":{"rendered":"<p><strong>Pomivalni stroji MAYWAY<\/strong> serije <strong>TopTech<\/strong> so izdelani za najzahtevnej\u0161e naloge \u010di\u0161\u010denja. Stranke iz visoke gastronomije cenijo <strong>popolne rezultate \u010di\u0161\u010denja<\/strong> teh popolnoma opremljenih pomivalnih strojev, med zadovoljnimi strankami MAYWAY TopTech pa je tudi veliko vrhunskih vinarjev. Tehnologija <strong>MAYWAY ProRinse<\/strong> CRP za izpiranje, ki je neodvisna od tlaka vode iz vodovoda, z zaprtim sistemom bojlerja in \u010drpalko za izpiranje, zagotavlja konstantno visoko temperaturo izpiranja pri vedno konstantnem tlaku vode za izpiranje. To vodi do neprimerljivih rezultatov pranja. Inovativna tehnologija MAYWAY omogo\u010da zmanj\u0161anje porabe vode na do 1,5 litra na pralni cikel. Kratki programi in nizka poraba vode zmanj\u0161ujejo stro\u0161ke energije in kemikalij. Poraba energije, kemikalij in vode je pribli\u017eno 15 % ni\u017eja kot pri ve\u010dini primerljivih pomivalnih strojev.<\/p>\n<p>Enostavna uporaba z novim, velikim in ve\u010dbarvnim LCD-zaslonom je najpomembnej\u0161i element nove konzole za upravljanje TopTech. Ta olaj\u0161a branje informacij na zaslonu tudi z ve\u010dje razdalje. Pomivalni stroji TopTech se upravljajo s pomo\u010djo tipkovnice Soft-Touch, ki se je v praksi izkazala \u017ee ve\u010d let. V skladu z na\u010delom \u201eena tipka \u2013 ena funkcija\u201c glavne in posebne programe upravljate s posameznimi tipkami Soft-Touch. Vse informacije o sistemu so jasno prikazane v ve\u010d barvah stanja v obliki \u010drt, simbolov ali v obliki besedila. To razumemo pod pojmom <strong>\u201eUseful Innovations\u201c<\/strong>.<\/p>\n<p><strong>Popolna higiena:<\/strong> \u010ci\u0161\u010denje pomivalnega stroja ob koncu delovnega dneva je malo priljubljena naloga. Pomivalni stroji TopTech imajo za to koristne tehnologije in funkcije, ki olaj\u0161ajo to delo, kot so pritrdilni ro\u010daji, u\u010dinkovito trojno filtriranje z velikimi filtri iz nerjave\u010dega jekla, zmogljiv program samo\u010distilne funkcije, pomivalni prostor brez cevi, zaobljeni koti in globoko vle\u010dene vodilne letve. \u017de pri razvoju je bila pozornost namenjena <strong>higieni ter hitremu in enostavnemu \u010di\u0161\u010denju<\/strong>.<\/p>\n<h3 class=\"desc-headings\">Poudarki<\/h3>\n<ul>\n<li><strong>Vgrajena<\/strong> pompa za izpiranje<\/li>\n<li><strong>Vgrajena<\/strong> izpustna \u010drpalka<\/li>\n<li><strong>Peristalti\u010dno<\/strong> doziranje izpiranja<\/li>\n<li><strong>Peristalti\u010dno<\/strong> doziranje \u010distila<\/li>\n<li><strong>DuoFlow<\/strong> patentirana pompa za pranje, var\u010dna in tiha<\/li>\n<li><strong>HiTech<\/strong> 3-kraki kombinirani ro\u010daj za pranje in izpiranje iz izredno lahkega kompozitnega materiala<\/li>\n<li><strong>UltraRinse\u2083<\/strong> sistem izpiranja z do 60 % prihrankom vode<\/li>\n<li><strong>ProRinse<\/strong> CRP tehnologija izpiranja<\/li>\n<li><strong>Evolution\u2083<\/strong> avtomatsko delno praznjenje vode iz rezervoarja<\/li>\n<li><strong>ProGressive<\/strong> trojno filtriranje za stalno \u010di\u0161\u010denje pralnega sredstva<\/li>\n<li><strong>EnergySaving<\/strong> sistem za var\u010devanje z energijo \u2013 zni\u017eanje temperature v stanju pripravljenosti<\/li>\n<li><strong>ProDose<\/strong> sistem za nadzor izpiranja<\/li>\n<li><strong>HotWash<\/strong> sistem ogrevanja zagotavlja kraj\u0161e \u010dase izpiranja in izbolj\u0161ano zmogljivost stroja<\/li>\n<li><strong>ProHeat<\/strong> vzporedno delovanje ogrevanja rezervoarja in bojlerja, 20 % vi\u0161ja temperatura pranja<\/li>\n<li><strong>QuickReady<\/strong> upravljanje z energijo za skraj\u0161anje \u010dasa ogrevanja, ki se lahko vklopi<\/li>\n<li><strong>ThermoStop<\/strong> nadzor izpiranja za ohranjanje temperature izpiranja<\/li>\n<li><strong>ProClean<\/strong> avtomatsko samodejno \u010di\u0161\u010denje<\/li>\n<li><strong>ProSelf<\/strong> avtomatsko praznjenje rezervoarja<\/li>\n<li><strong>Sistem samodiagnostike<\/strong> prek LCD-zaslona v obliki besedila in simbolov<\/li>\n<li><strong>SmartScreen<\/strong> velik ve\u010dbarvni LCD-zaslon s tipkami Soft-Touch<\/li>\n<li><strong>Prikaz temperature<\/strong> prek LCD-zaslona<\/li>\n<\/ul>\n<h3 class=\"desc-headings\">Informacije o izdelku<\/h3>\n<ul>\n<li>Velikost ko\u0161a: 50 x 60 cm<\/li>\n<li>V celoti iz nerjave\u010dega jekla<\/li>\n<li>Dvojno izolirana konstrukcija vrat<\/li>\n<li>Uravnote\u017eena vrata z masivnim ro\u010dajem<\/li>\n<li>Dvojna konstrukcija ohi\u0161ja<\/li>\n<li>Vtisnjena zaobljena vodila ko\u0161a za pomivanje<\/li>\n<li>Vtisnjena konstrukcija rezervoarja<\/li>\n<li>Elektronsko krmiljeno izpiranje<\/li>\n<li>Sistem Break-Tank z atmosferskim bojlerjem<\/li>\n<li>Velika re\u0161etka rezervoarja iz nerjave\u010dega jekla<\/li>\n<li>Varnostni filter za pomivalno \u010drpalko<\/li>\n<li>Elektronsko krmiljena \u010drpalka za dodatno izpiranje<\/li>\n<li>Elektronsko krmiljeno doziranje sredstva za izpiranje<\/li>\n<li>Elektronsko krmiljeno doziranje \u010distila<\/li>\n<li>Elektronsko krmiljena odto\u010dna \u010drpalka<\/li>\n<li>Avtomatsko praznjenje rezervoarja<\/li>\n<li>Zbiranje podatkov o pranju in \u0161tevilo ciklov<\/li>\n<li>Vgrajen USB-vmesnik<\/li>\n<li>Za MAYWAY <a href=\"https:\/\/www.mayway.eu\/umkehrosmose-system-ws140\" target=\"_self\">obratno osmozo<\/a> ali <a href=\"https:\/\/www.mayway.eu\/teilentsalzungsanlage-mte1017r-digiflow\" target=\"_self\">delno razsoljevanje<\/a><\/li>\n<\/ul>\n<h3 class=\"desc-headings\">Tehni\u010dne informacije<\/h3>\n<ul>\n<li>Teoreti\u010dna zmogljivost, pribli\u017eno 40 ko\u0161ar\/h<\/li>\n<li>Temperatura pranja: 65 \u00b0C<\/li>\n<li>Temperatura izpiranja: 85 \u00b0C<\/li>\n<li>Poraba vode na izpiranje: 2,4\u20135 l<\/li>\n<li>Maks. odprtina vrat: 40,5 cm<\/li>\n<li>Maks. uporabna vi\u0161ina polnjenja: 38 cm<\/li>\n<li>Vsebina rezervoarja: 23 l<\/li>\n<li>Vsebina bojlerja: 7 l<\/li>\n<li>Ogrevanje rezervoarja: 2100 W<\/li>\n<li>Ogrevanje bojlerja: 6000 W<\/li>\n<li>Mo\u010d pralne \u010drpalke: 700 W<\/li>\n<li>Povezovalna mo\u010d: 8800 W<\/li>\n<li>Napajanje: 400 V \/ 50 Hz \/ 3 N<\/li>\n<li>Najve\u010dja jakost toka: 16 A<\/li>\n<li>Minimalni in maksimalni tlak vode: 1,5\u20136 bar<\/li>\n<li>Minimalna in maksimalna temperatura vode: 15\u201360 \u00b0C<\/li>\n<li>Dimenzije: 60 x 70 x 85 cm (\u0160xGxV)<\/li>\n<li>Globina z odprtimi vrati: 113,5 cm<\/li>\n<\/ul>\n<h3 class=\"desc-headings\">Prilo\u017eena oprema<\/h3>\n<ul>\n<li>1 re\u0161etka iz nerjave\u010dega jekla (\u0160xG): 50 x 60 cm za zaboje E2<\/li>\n<li>1 vlo\u017eek iz nerjave\u010dega jekla za 5 pladnjev ali pladnjev<\/li>\n<li>2 m dovodni cev \u00be\"<\/li>\n<li>2 m odvodni cev<\/li>\n<li>Priklju\u010dni kabel (400 V)<\/li>\n<li>Dol\u017eina cevi za sredstvo za lo\u0161\u010danje: pribl. 1,9 m<\/li>\n<li>Dol\u017eina cevi za \u010distilo: pribl. 1,9 m<\/li>\n<\/ul>\n","protected":false},"excerpt":{"rendered":"<p>12 glavnih programov pomivanja<br \/>3 posebni programi pomivanja<br \/>Visoka zmogljivost s termi\u010dno dezinfekcijo<br \/>Trajanje pomivanja: 90\u2013120\u2013240\u2013360\u2013720 sek. <br \/>Velikost ko\u0161are: 50 x 60 cm<br \/>Povezava: 400 V \/ 8,8 kW<br \/>Dimenzije: 60 x 70 x 85 cm (\u0160xGxV)<\/p>\n","protected":false},"featured_media":85815,"comment_status":"open","ping_status":"closed","template":"","meta":{"_acf_changed":false},"product_brand":[1060],"product_cat":[86],"product_tag":[],"class_list":{"0":"post-85776","1":"product","2":"type-product","3":"status-publish","4":"has-post-thumbnail","6":"product_brand-colged","7":"product_cat-podpultni-pomivalni-stroji-za-posodo","9":"first","10":"instock","11":"shipping-taxable","12":"purchasable","13":"product-type-simple"},"acf":[],"_links":{"self":[{"href":"https:\/\/go-st.vizia.si\/index.php?rest_route=\/wp\/v2\/product\/85776","targetHints":{"allow":["GET"]}}],"collection":[{"href":"https:\/\/go-st.vizia.si\/index.php?rest_route=\/wp\/v2\/product"}],"about":[{"href":"https:\/\/go-st.vizia.si\/index.php?rest_route=\/wp\/v2\/types\/product"}],"replies":[{"embeddable":true,"href":"https:\/\/go-st.vizia.si\/index.php?rest_route=%2Fwp%2Fv2%2Fcomments&post=85776"}],"wp:featuredmedia":[{"embeddable":true,"href":"https:\/\/go-st.vizia.si\/index.php?rest_route=\/wp\/v2\/media\/85815"}],"wp:attachment":[{"href":"https:\/\/go-st.vizia.si\/index.php?rest_route=%2Fwp%2Fv2%2Fmedia&parent=85776"}],"wp:term":[{"taxonomy":"product_brand","embeddable":true,"href":"https:\/\/go-st.vizia.si\/index.php?rest_route=%2Fwp%2Fv2%2Fproduct_brand&post=85776"},{"taxonomy":"product_cat","embeddable":true,"href":"https:\/\/go-st.vizia.si\/index.php?rest_route=%2Fwp%2Fv2%2Fproduct_cat&post=85776"},{"taxonomy":"product_tag","embeddable":true,"href":"https:\/\/go-st.vizia.si\/index.php?rest_route=%2Fwp%2Fv2%2Fproduct_tag&post=85776"}],"curies":[{"name":"wp","href":"https:\/\/api.w.org\/{rel}","templated":true}]}}