{"id":85781,"date":"2026-01-29T18:14:53","date_gmt":"2026-01-29T18:14:53","guid":{"rendered":"https:\/\/go-st.vizia.si\/?post_type=product&#038;p=85781"},"modified":"2026-02-12T09:46:35","modified_gmt":"2026-02-12T09:46:35","slug":"pomivalni-stroj-za-posodo-mayway-sanitech-3633t","status":"publish","type":"product","link":"https:\/\/go-st.vizia.si\/?product=pomivalni-stroj-za-posodo-mayway-sanitech-3633t","title":{"rendered":"Pomivalni stroj za posodo, MAYWAY, SANITECH 3633T"},"content":{"rendered":"<p><span><strong>Pomivalni stroj MAYWAY<\/strong> serije<\/span><strong> SaniTech <\/strong><span>z zagotavlja s posebnimi programi pomivanja po A0 = 60<strong> v skladu s predpisi za medicinsko podro\u010dje<\/strong> <strong>odli\u010dno higieno<\/strong>. Zagotavlja <strong>zmanj\u0161anje bakterij<\/strong> na posodi <strong>za 99,9999 %<\/strong> (6 log). Poleg tega je v skladu z DIN10512 in dosega minimalno raven termi\u010dne dezinfekcije po A0 = 60.\u00a0<span>Serija<\/span><strong> MAYWAY SaniTech <\/strong>ima ohi\u0161je iz dvojno stenske nerjave\u010dega jekla in je med pomivalno komoro in zunanjo steno izolirana z 10 mm zra\u010dnim slojem, ki prepre\u010duje hrup in toplotno razpr\u0161itev. Notranjost stroja je globoko vle\u010dena, v stranske stene pa je \u017ee vgrajena podpora za ko\u0161are. Poleg tega je notranjost brez cevi in robov, kar zagotavlja <strong>brezkompromisno higieno<\/strong>.<\/p>\n<p><span>Enostavno upravljanje omogo\u010da<\/span><strong> <span class=\"tooltipsall tooltipsincontent classtoolTips0\" data-hasqtip=\"0\">SmartScreen<\/span><\/strong><span> nadzor, ki ima <strong>4 tipke Soft-Touch<\/strong> v kombinaciji z velikim in dobro berljivim barvno kodiranim <strong>LCD-zaslonom<\/strong>. S kombinacijo barv in grafik je stanje pomivanja vidno na prvi pogled. Poleg tega se prika\u017eejo tudi parametri delovanja, kot so temperatura v rezervoarju in bojlerju ali \u0161tevilo izpiranja, ter informacije avtomatskega diagnosti\u010dnega sistema.<br \/><span>Z vgrajenim <\/span><strong>meh\u010dalnikom vode<\/strong><span> je avtomatsko zagotovljeno stalno optimalno varovanje stroja pred apnencem, tudi pri zelo trdi vodi.<\/span><\/p>\n<p><\/span><span>Za <strong>posebno higieno<\/strong> je na voljo <strong>ve\u010d programov termi\u010dne dezinfekcije<\/strong>, ki se izvajajo v skladu s postopkom A0. <\/span><\/span><\/span><\/p>\n<h3 class=\"desc-headings\">Poudarki<\/h3>\n<ul>\n<li><strong>DuoFlow<\/strong> patentirana pompa za pranje, var\u010dna in tiha<\/li>\n<li><strong>HotWash<\/strong> sistem ogrevanja zagotavlja kraj\u0161e \u010dase pomivanja in izbolj\u0161ano zmogljivost stroja<\/li>\n<li><strong>ThermoStop<\/strong> nadzor nad izpiranjem za ohranjanje temperature izpiranja<\/li>\n<li><strong>EnergySaving<\/strong> sistem za var\u010devanje z energijo \u2013 zni\u017eanje temperature v stanju pripravljenosti<\/li>\n<li><strong>ProGressive<\/strong> trojno filtriranje za stalno \u010di\u0161\u010denje pralnega razredka<\/li>\n<li><strong>UltraRinse\u2083<\/strong> sistem dodatnega izpiranja z do 60 % prihrankom vode<\/li>\n<li><strong>ProRinse<\/strong> CRP tehnologija dodatnega izpiranja<\/li>\n<li><strong>ProDose<\/strong> sistem za nadzor izpiranja<\/li>\n<li><strong>SmartScreen<\/strong> velik ve\u010dbarvni LCD-zaslon s tipkami Soft-Touch<\/li>\n<li><strong>Prikaz temperature<\/strong> na LCD-zaslonu<\/li>\n<\/ul>\n<h3 class=\"desc-headings\">Informacije o izdelku<\/h3>\n<ul>\n<li>Velikost ko\u0161are: 50 x 50 cm<\/li>\n<li>V celoti iz nerjave\u010dega jekla<\/li>\n<li>Dvojno izolirana konstrukcija vrat<\/li>\n<li>Uravnote\u017eena vrata z masivnim ro\u010dajem<\/li>\n<li>Dvojno izolirana konstrukcija ohi\u0161ja<\/li>\n<li>Vtisnjena zaobljena vodila ko\u0161a za pomivanje<\/li>\n<li>Vtisnjena konstrukcija rezervoarja<\/li>\n<li>Elektronsko krmiljeno izpiranje<\/li>\n<li>Sistem Break-Tank z atmosferskim bojlerjem<\/li>\n<li>Velika re\u0161etka rezervoarja iz nerjave\u010dega jekla<\/li>\n<li>Varnostni filter za pomivalno \u010drpalko<\/li>\n<li>Elektronsko krmiljena \u010drpalka za dodatno izpiranje<\/li>\n<li>Elektronsko krmiljeno doziranje sredstva za izpiranje<\/li>\n<li>Elektronsko krmiljeno doziranje \u010distila<\/li>\n<li>Elektronsko krmiljena odto\u010dna \u010drpalka<\/li>\n<li>Avtomatsko praznjenje rezervoarja<\/li>\n<li>Zbiranje podatkov o pranju in \u0161tevilo ciklov<\/li>\n<li>Vgrajen USB-vmesnik<\/li>\n<li>Za MAYWAY <a href=\"https:\/\/www.mayway.eu\/umkehrosmose-system-ws140\" target=\"_self\">obratno osmozo<\/a> ali <a href=\"https:\/\/www.mayway.eu\/teilentsalzungsanlage-mte1017r-digiflow\" target=\"_self\">delno razsoljevanje<\/a><\/li>\n<\/ul>\n<h3 class=\"desc-headings\">Tehni\u010dne informacije<\/h3>\n<ul>\n<li>Teoreti\u010dna zmogljivost, pribli\u017eno 40 ko\u0161ar\/uro<\/li>\n<li>Temperatura pranja: 60\u00b0 - 75\u00b0C<\/li>\n<li>Temperatura izpiranja: 67\u00b0 - 90\u00b0C<\/li>\n<li>Poraba vode na ko\u0161aro: 2,2 l<\/li>\n<li>Maks. odprtina vrat: 38,5 cm<\/li>\n<li>Maks. uporabna vi\u0161ina polnjenja: 32,5 cm<\/li>\n<li>Vsebina rezervoarja: 15 l<\/li>\n<li>Vsebina bojlerja: 6 l<\/li>\n<li>Ogrevanje rezervoarja: 2100 W<\/li>\n<li>Ogrevanje bojlerja: 6000 W<\/li>\n<li>Mo\u010d pralne \u010drpalke: 470 W<\/li>\n<li>Napajanje: 400 V \/ 8,6 kW<\/li>\n<li>Najve\u010dja jakost toka: 16 A<\/li>\n<li>Dimenzije: 60 x 60 x 82 cm (\u0160xGxV)<\/li>\n<\/ul>\n<h3 class=\"desc-headings\">Prilo\u017eena oprema<\/h3>\n<ul>\n<li>1 univerzalni ploski ko\u0161 (\u0160xG): 50 x 50 cm<\/li>\n<li>1 ko\u0161 za kro\u017enike (\u0160xG): 50 x 50 cm<\/li>\n<li>1 ko\u0161 za jedilni pribor<\/li>\n<li>2 m dovodni cev \u00be\"<\/li>\n<li>2 m odvodni cev<\/li>\n<li>Priklju\u010dni kabel (400V)<\/li>\n<li>Dol\u017eina cevi za splakovalno sredstvo: pribl. 1,8 m<\/li>\n<li>Dol\u017eina cevi za \u010distilo: pribl. 1,8 m<\/li>\n<\/ul>\n","protected":false},"excerpt":{"rendered":"<p><span><span>Vgrajen <\/span>meh\u010dalec vode<br \/>Termodekontaminacija v skladu s<br \/> predpisi na medicinskem podro\u010dju<\/span><br \/><span>Trajanje izpiranja: 90\u2013120\u2013240 sek. + posebni programi<\/span><br \/><span>Velikost ko\u0161are: 50 x 50 cm<\/span><br \/><span>Povezovalna vrednost: 400 V \/ 8,6 kW<\/span><br \/><span>Dimenzije: 60 x 60 x 82 cm (\u0160xGxV)<\/span><\/p>\n","protected":false},"featured_media":85820,"comment_status":"open","ping_status":"closed","template":"","meta":{"_acf_changed":false},"product_brand":[1060],"product_cat":[86],"product_tag":[],"class_list":{"0":"post-85781","1":"product","2":"type-product","3":"status-publish","4":"has-post-thumbnail","6":"product_brand-colged","7":"product_cat-podpultni-pomivalni-stroji-za-posodo","9":"first","10":"instock","11":"shipping-taxable","12":"purchasable","13":"product-type-simple"},"acf":[],"_links":{"self":[{"href":"https:\/\/go-st.vizia.si\/index.php?rest_route=\/wp\/v2\/product\/85781","targetHints":{"allow":["GET"]}}],"collection":[{"href":"https:\/\/go-st.vizia.si\/index.php?rest_route=\/wp\/v2\/product"}],"about":[{"href":"https:\/\/go-st.vizia.si\/index.php?rest_route=\/wp\/v2\/types\/product"}],"replies":[{"embeddable":true,"href":"https:\/\/go-st.vizia.si\/index.php?rest_route=%2Fwp%2Fv2%2Fcomments&post=85781"}],"wp:featuredmedia":[{"embeddable":true,"href":"https:\/\/go-st.vizia.si\/index.php?rest_route=\/wp\/v2\/media\/85820"}],"wp:attachment":[{"href":"https:\/\/go-st.vizia.si\/index.php?rest_route=%2Fwp%2Fv2%2Fmedia&parent=85781"}],"wp:term":[{"taxonomy":"product_brand","embeddable":true,"href":"https:\/\/go-st.vizia.si\/index.php?rest_route=%2Fwp%2Fv2%2Fproduct_brand&post=85781"},{"taxonomy":"product_cat","embeddable":true,"href":"https:\/\/go-st.vizia.si\/index.php?rest_route=%2Fwp%2Fv2%2Fproduct_cat&post=85781"},{"taxonomy":"product_tag","embeddable":true,"href":"https:\/\/go-st.vizia.si\/index.php?rest_route=%2Fwp%2Fv2%2Fproduct_tag&post=85781"}],"curies":[{"name":"wp","href":"https:\/\/api.w.org\/{rel}","templated":true}]}}