{"id":85804,"date":"2026-01-29T18:14:53","date_gmt":"2026-01-29T18:14:53","guid":{"rendered":"https:\/\/go-st.vizia.si\/?post_type=product&#038;p=85804"},"modified":"2026-02-12T09:43:03","modified_gmt":"2026-02-12T09:43:03","slug":"aparat-za-vakuumsko-pakiranje-idea-30","status":"publish","type":"product","link":"https:\/\/go-st.vizia.si\/?product=aparat-za-vakuumsko-pakiranje-idea-30","title":{"rendered":"APARAT ZA VAKUUMSKO PAKIRANJE, IDEA 30"},"content":{"rendered":"<p>Linija<strong> Idea Line<\/strong> vklju\u010duje vse prednosti tehnologije Orved: <strong>senzor absolutnega tlaka<\/strong> za popolno vakuumsko zapiranje v vseh okoli\u0161\u010dinah, hidroformirano vakuumsko komoro za trajno kakovost in enostavno \u010di\u0161\u010denje, <strong>Power Sealing<\/strong> za ve\u010dkratno zapiranje prekrivajo\u010dih se vakuumskih vre\u010dk. Zahvaljujo\u010d notranjim senzorjem lahko pakirni stroji Idea Line v vseh pogojih zagotovijo popolno vakuumsko zapiranje za vse vrste izdelkov, <strong>\u017eivila ali neprehrambene izdelke ali tudi teko\u010dine<\/strong>. Robustna komora z zaobljenimi vogali olaj\u0161a \u010di\u0161\u010denje po uporabi.<\/p>\n<h3 class=\"desc-headings\">Poudarki<\/h3>\n<ul>\n<li>Robustno ohi\u0161je, v celoti iz nerjave\u010dega jekla<\/li>\n<li>Vodotesna upravljalna plo\u0161\u010da<\/li>\n<li>10 vakuumskih programov<\/li>\n<li>3 serijski programi za posode<\/li>\n<li>Absolutni vakuumski senzor, natan\u010den vakuum ne glede na vreme in vi\u0161ino<\/li>\n<li>Visokokakovostna in zmogljiva visokozmogljiva \u010drpalka<\/li>\n<li>Izjemno kratki vakuumski cikli za hitro pakiranje<\/li>\n<li>Vakuumiranje mogo\u010de znotraj ali zunaj vakuumske komore<\/li>\n<li>Power Sealing za ve\u010dkratno zapiranje prekrivajo\u010dih se vakuumskih vre\u010dk<\/li>\n<li>Hitro in enostavno \u010di\u0161\u010denje zaradi zaobljenih vogalov<\/li>\n<li>Brez\u017ei\u010dni varilni nosilec<\/li>\n<li>Avtomatski program za razvla\u017eevanje \u010drpalke (H2Out)<\/li>\n<li>Dodatna oprema za vakuum v zunanjih vre\u010dkah (Easy)<\/li>\n<\/ul>\n<h3 class=\"desc-headings\">Tehni\u010dne informacije<\/h3>\n<ul>\n<li>Vakuumska zmogljivost: 8 m3\/h<\/li>\n<li>Vakuumska raven max. 2 mbar<\/li>\n<li>Vakuumska komora: 33,2 x 33,5 x 17 cm (\u0160xGxV)<\/li>\n<li>Primerne vakuumske vre\u010dke: max. \u0161irina 30 cm<\/li>\n<li>Elektri\u010dni priklju\u010dek: 230 V \/ 600 W<\/li>\n<li>Dimenzije: 43,3 x 50,2 x 37,8 cm (\u0160xGxV)<\/li>\n<\/ul>\n","protected":false},"excerpt":{"rendered":"<p><span>Krmiljenje senzorja absolutnega tlaka<\/span><br \/>Varilna letev: 31 cm<br \/>Vakuumska zmogljivost: 8 m3\/h<br \/>Vakuumska raven max. 2 mbar<br \/>Vakuumska komora: 33,2 x 33,5 x 17 cm (\u0160xGxV)<br \/>Primerne vakuumske vre\u010dke: max. \u0161irina 30 cm<br \/>Elektri\u010dni priklju\u010dek: 230 V \/ 600 W<br \/>Dimenzije: 43,3 x 50,2 x 37,8 cm (\u0160xGxV)<\/p>\n","protected":false},"featured_media":85911,"comment_status":"open","ping_status":"closed","template":"","meta":{"_acf_changed":false},"product_brand":[223],"product_cat":[120],"product_tag":[],"class_list":{"0":"post-85804","1":"product","2":"type-product","3":"status-publish","4":"has-post-thumbnail","6":"product_brand-orved","7":"product_cat-aparati-za-vakuumiranje-priprava-zivil","9":"first","10":"instock","11":"shipping-taxable","12":"purchasable","13":"product-type-simple"},"acf":[],"_links":{"self":[{"href":"https:\/\/go-st.vizia.si\/index.php?rest_route=\/wp\/v2\/product\/85804","targetHints":{"allow":["GET"]}}],"collection":[{"href":"https:\/\/go-st.vizia.si\/index.php?rest_route=\/wp\/v2\/product"}],"about":[{"href":"https:\/\/go-st.vizia.si\/index.php?rest_route=\/wp\/v2\/types\/product"}],"replies":[{"embeddable":true,"href":"https:\/\/go-st.vizia.si\/index.php?rest_route=%2Fwp%2Fv2%2Fcomments&post=85804"}],"wp:featuredmedia":[{"embeddable":true,"href":"https:\/\/go-st.vizia.si\/index.php?rest_route=\/wp\/v2\/media\/85911"}],"wp:attachment":[{"href":"https:\/\/go-st.vizia.si\/index.php?rest_route=%2Fwp%2Fv2%2Fmedia&parent=85804"}],"wp:term":[{"taxonomy":"product_brand","embeddable":true,"href":"https:\/\/go-st.vizia.si\/index.php?rest_route=%2Fwp%2Fv2%2Fproduct_brand&post=85804"},{"taxonomy":"product_cat","embeddable":true,"href":"https:\/\/go-st.vizia.si\/index.php?rest_route=%2Fwp%2Fv2%2Fproduct_cat&post=85804"},{"taxonomy":"product_tag","embeddable":true,"href":"https:\/\/go-st.vizia.si\/index.php?rest_route=%2Fwp%2Fv2%2Fproduct_tag&post=85804"}],"curies":[{"name":"wp","href":"https:\/\/api.w.org\/{rel}","templated":true}]}}