{"id":85855,"date":"2026-01-29T18:15:13","date_gmt":"2026-01-29T18:15:13","guid":{"rendered":"https:\/\/go-st.vizia.si\/?post_type=product&#038;p=85855"},"modified":"2026-02-12T09:46:35","modified_gmt":"2026-02-12T09:46:35","slug":"multifunkcijski-aparat-za-vakuumiranje-idea-42","status":"publish","type":"product","link":"https:\/\/go-st.vizia.si\/?product=multifunkcijski-aparat-za-vakuumiranje-idea-42","title":{"rendered":"MULTIFUNKCIJSKI APARAT ZA VAKUUMIRANJE, IDEA 42"},"content":{"rendered":"<p>Vse, kar ste doslej imeli za nemogo\u010de, je zdaj na dosegu roke. Serija Orved Hi-Line je bila razvita za enostavno in hitro konzerviranje \u017eivil v najbolj\u0161ih pogojih. Odkrijte prednosti IDEA Hi-Line, ki niso omejene le na vakuumsko pakiranje. Odli\u010dno se prilega za mariniranje hrane in omogo\u010da enostavno konzerviranje sadja in zelenjave. Prihranite \u010das pri pripravi in delajte stro\u0161kovno u\u010dinkovito z vedno enakimi rezultati. Posebej primerno za uporabo v restavracijah, hotelih, cateringih, mesnicah, mlekarijah in predelavi hrane.<\/p>\n<h3 class=\"desc-headings\">Poudarki<\/h3>\n<ul>\n<li>Robustno ohi\u0161je, v celoti izdelano iz nerjave\u010dega jekla<\/li>\n<li>Vodotesna upravljalna plo\u0161\u010da<\/li>\n<li>Shranjevanje do 10 prilagojenih vakuumskih programov<\/li>\n<li>13 standardnih programov za posode in kuharske programe<\/li>\n<li>Absolutni vakuumski senzor, natan\u010den vakuum ne glede na vreme in nadmorsko vi\u0161ino<\/li>\n<li>Visokokakovostna in zmogljiva visokozmogljiva \u010drpalka<\/li>\n<li>Izjemno kratki vakuumski cikli za hitro pakiranje<\/li>\n<li>Vakuumiranje znotraj ali zunaj vakuumske komore<\/li>\n<li>Power Sealing za ve\u010dkratno zapiranje prekrivajo\u010dih se vakuumskih vre\u010dk<\/li>\n<li>Hitro in enostavno \u010di\u0161\u010denje zaradi zaobljenih vogalov<\/li>\n<li>Brez\u017ei\u010dna varilna palica<\/li>\n<li>Avtomatski program za razvla\u017eevanje \u010drpalke (H2Out)<\/li>\n<li>Dodatki za vakuum v zunanjih vre\u010dkah (Easy)<\/li>\n<\/ul>\n<h3 class=\"desc-headings\">Informacije o izdelku<\/h3>\n<ul>\n<li>Varilna palica: 1 x 41 cm<\/li>\n<li>Vakuumska zmogljivost: 20 m3\/h<\/li>\n<li>Vakuumska komora: 44,1 x 44,9 x 17 cm (\u0160xGxV)<\/li>\n<li>Primerne vakuumske vre\u010dke: maks. \u0161irina 40 cm<\/li>\n<li>Elektri\u010dni priklju\u010dek: 230 V \/ 800 W<\/li>\n<li>Dimenzije: 53,9 x 61,2 x 46 cm (\u0160xGxV)<\/li>\n<\/ul>\n","protected":false},"excerpt":{"rendered":"<p>Krmiljenje s senzorjem absolutnega tlaka<br \/>Varilna letev: 1 x 41 cm<br \/>Vakuumska zmogljivost: 20 m3\/h<br \/>Vakuumska komora: 44,1 x 44,9 x 17 cm (\u0160xGxV)<br \/>Primerne vakuumske vre\u010dke: maks. \u0161irina 40 cm<br \/>Elektri\u010dni priklju\u010dek: 230 V \/ 800 W<br \/>Dimenzije: 53,9 x 61,2 x 46 cm (\u0160xGxV)<\/p>\n","protected":false},"featured_media":85925,"comment_status":"open","ping_status":"closed","template":"","meta":{"_acf_changed":false},"product_brand":[223],"product_cat":[120],"product_tag":[],"class_list":{"0":"post-85855","1":"product","2":"type-product","3":"status-publish","4":"has-post-thumbnail","6":"product_brand-orved","7":"product_cat-aparati-za-vakuumiranje-priprava-zivil","9":"first","10":"instock","11":"shipping-taxable","12":"purchasable","13":"product-type-simple"},"acf":[],"_links":{"self":[{"href":"https:\/\/go-st.vizia.si\/index.php?rest_route=\/wp\/v2\/product\/85855","targetHints":{"allow":["GET"]}}],"collection":[{"href":"https:\/\/go-st.vizia.si\/index.php?rest_route=\/wp\/v2\/product"}],"about":[{"href":"https:\/\/go-st.vizia.si\/index.php?rest_route=\/wp\/v2\/types\/product"}],"replies":[{"embeddable":true,"href":"https:\/\/go-st.vizia.si\/index.php?rest_route=%2Fwp%2Fv2%2Fcomments&post=85855"}],"wp:featuredmedia":[{"embeddable":true,"href":"https:\/\/go-st.vizia.si\/index.php?rest_route=\/wp\/v2\/media\/85925"}],"wp:attachment":[{"href":"https:\/\/go-st.vizia.si\/index.php?rest_route=%2Fwp%2Fv2%2Fmedia&parent=85855"}],"wp:term":[{"taxonomy":"product_brand","embeddable":true,"href":"https:\/\/go-st.vizia.si\/index.php?rest_route=%2Fwp%2Fv2%2Fproduct_brand&post=85855"},{"taxonomy":"product_cat","embeddable":true,"href":"https:\/\/go-st.vizia.si\/index.php?rest_route=%2Fwp%2Fv2%2Fproduct_cat&post=85855"},{"taxonomy":"product_tag","embeddable":true,"href":"https:\/\/go-st.vizia.si\/index.php?rest_route=%2Fwp%2Fv2%2Fproduct_tag&post=85855"}],"curies":[{"name":"wp","href":"https:\/\/api.w.org\/{rel}","templated":true}]}}