{"id":85856,"date":"2026-01-29T18:15:13","date_gmt":"2026-01-29T18:15:13","guid":{"rendered":"https:\/\/go-st.vizia.si\/?post_type=product&#038;p=85856"},"modified":"2026-02-12T09:43:03","modified_gmt":"2026-02-12T09:43:03","slug":"aparat-za-vakuumsko-pakiranje-profi-2","status":"publish","type":"product","link":"https:\/\/go-st.vizia.si\/?product=aparat-za-vakuumsko-pakiranje-profi-2","title":{"rendered":"aparat za vakuumsko pakiranje, PROFI 2"},"content":{"rendered":"<p>Visokokakovostna naprava za vro\u010de zape\u010datenje, zape\u010datnik za posode ORVED, idealna za supermarkete, delikatesne trgovine, dostavne in take-away storitve.\u00a0Termosvetilnik zagotavlja popolno zapiranje, tudi pri mastnih in oljnih konzerviranih \u017eivilih itd. Odlikuje ga fiksna delovna plo\u0161\u010da, ki zagotavlja enakomerno zapiranje robov in omogo\u010da uporabo posod iz anticorodalnega aluminija.<br \/><a href=\"https:\/\/www.youtube.com\/watch?v=eHrnU2sb9IU\" target=\"_blank\"><strong><span style=\"font-size: large; color: #99cc00;\">Oglejte si video o izdelku<\/span><\/strong><\/a><\/p>\n<h3 class=\"desc-headings\">Poudarki<\/h3>\n<ul>\n<li>Kompaktna zasnova<\/li>\n<li>Robustno ohi\u0161je, v celoti izdelano iz nerjave\u010dega jekla<\/li>\n<li>Digitalni nadzorni panel za elektronsko krmiljenje<\/li>\n<li>Takoj pripravljen za uporabo<\/li>\n<li>\u010cisto in tesno varjenje lupin<\/li>\n<li>Ohranjanje okusa in vonja<\/li>\n<li>Idealno za trdne, teko\u010de in mehke izdelke<\/li>\n<li>Avtomatski no\u017e za rezanje folije<\/li>\n<li>Sprememba oblike v nekaj sekundah<\/li>\n<\/ul>\n<h3 class=\"desc-headings\">Tehni\u010dne informacije<\/h3>\n<ul>\n<li>Elektri\u010dna mo\u010d: 230 V \/ 750 W<\/li>\n<li>Dimenzije: 26 x 53 x 34\/69 cm (\u0160xGxV)<\/li>\n<li>Te\u017ea: 16,5 kg<\/li>\n<\/ul>\n<h3 class=\"desc-headings\">Prilo\u017eena oprema<\/h3>\n<p>1 x oblika po izbiri, za 1x 18,9 x 26 cm ali 1x 9,3 x 13,5 cm + 1x 13,5 x 18,9 cm<br \/>1 x rolica folije (300 mm)<\/p>\n","protected":false},"excerpt":{"rendered":"<p>Zape\u010datitelj pladnjev z no\u017eem za rezanje folije<br \/>Pladnji max.: 19 x 26 cm<br \/>Elektri\u010dna mo\u010d: 230 V \/ 750 W<br \/>Dimenzije: 26 x 53 x 34\/69 cm (\u0160xGxV)<br \/>Te\u017ea: 16,5 kg<\/p>\n","protected":false},"featured_media":85927,"comment_status":"open","ping_status":"closed","template":"","meta":{"_acf_changed":false},"product_brand":[223],"product_cat":[120],"product_tag":[],"class_list":{"0":"post-85856","1":"product","2":"type-product","3":"status-publish","4":"has-post-thumbnail","6":"product_brand-orved","7":"product_cat-aparati-za-vakuumiranje-priprava-zivil","9":"first","10":"instock","11":"shipping-taxable","12":"purchasable","13":"product-type-simple"},"acf":[],"_links":{"self":[{"href":"https:\/\/go-st.vizia.si\/index.php?rest_route=\/wp\/v2\/product\/85856","targetHints":{"allow":["GET"]}}],"collection":[{"href":"https:\/\/go-st.vizia.si\/index.php?rest_route=\/wp\/v2\/product"}],"about":[{"href":"https:\/\/go-st.vizia.si\/index.php?rest_route=\/wp\/v2\/types\/product"}],"replies":[{"embeddable":true,"href":"https:\/\/go-st.vizia.si\/index.php?rest_route=%2Fwp%2Fv2%2Fcomments&post=85856"}],"wp:featuredmedia":[{"embeddable":true,"href":"https:\/\/go-st.vizia.si\/index.php?rest_route=\/wp\/v2\/media\/85927"}],"wp:attachment":[{"href":"https:\/\/go-st.vizia.si\/index.php?rest_route=%2Fwp%2Fv2%2Fmedia&parent=85856"}],"wp:term":[{"taxonomy":"product_brand","embeddable":true,"href":"https:\/\/go-st.vizia.si\/index.php?rest_route=%2Fwp%2Fv2%2Fproduct_brand&post=85856"},{"taxonomy":"product_cat","embeddable":true,"href":"https:\/\/go-st.vizia.si\/index.php?rest_route=%2Fwp%2Fv2%2Fproduct_cat&post=85856"},{"taxonomy":"product_tag","embeddable":true,"href":"https:\/\/go-st.vizia.si\/index.php?rest_route=%2Fwp%2Fv2%2Fproduct_tag&post=85856"}],"curies":[{"name":"wp","href":"https:\/\/api.w.org\/{rel}","templated":true}]}}