{"id":85866,"date":"2026-01-29T18:15:13","date_gmt":"2026-01-29T18:15:13","guid":{"rendered":"https:\/\/go-st.vizia.si\/?post_type=product&#038;p=85866"},"modified":"2026-02-12T09:46:33","modified_gmt":"2026-02-12T09:46:33","slug":"aparat-za-vakuumsko-pakiranje-vacuum-42","status":"publish","type":"product","link":"https:\/\/go-st.vizia.si\/?product=aparat-za-vakuumsko-pakiranje-vacuum-42","title":{"rendered":"aparat za vakuumsko pakiranje, VACUUM 42"},"content":{"rendered":"<p><span>Z vakuumsko pakirno napravo <\/span><strong>MAYWAY <\/strong><span>VACUUM 42 <\/strong><span>bodo va\u0161a \u017eivila dlje sve\u017ea in zdrava. Zunanja vakuumska naprava je idealna za enostavno in hitro vakuumiranje manj\u0161ih koli\u010din. <\/span><\/p>\n<h3 class=\"desc-headings\">Poudarki<\/h3>\n<ul>\n<li>Robustno ohi\u0161je, v celoti iz nerjave\u010dega jekla<\/li>\n<li>Kompaktne dimenzije<\/li>\n<li>Enostavno upravljanje s posebnim upravljalnim panelom<\/li>\n<li>Hitro in avtomatsko vakuumiranje<\/li>\n<li>Zmogljiva, samomazna \u010drpalka<\/li>\n<li>Vakuumiranje zunaj vakuumske komore z vakuumskimi vre\u010dkami z izboklinami<\/li>\n<li>Omogo\u010da vakuumiranje teko\u010dih izdelkov z vakuumskimi posodami<\/li>\n<li>Hitro in enostavno \u010di\u0161\u010denje<\/li>\n<\/ul>\n<h3 class=\"desc-headings\">Tehni\u010dne informacije<\/h3>\n<ul>\n<li>Vakuumska zmogljivost: 30 l\/min.\n<li>Elektri\u010dni priklju\u010dek: 230 V \/ 850 W\n<li>Dimenzije: 49 x 41,5 x 19,5 cm (\u0160xGxV)\n<\/ul>\n","protected":false},"excerpt":{"rendered":"<p>Zunanji vakuumski aparat<br \/>Varilna letev: 42 cm<br \/>Vakuumska zmogljivost: 30 l\/min<br \/>Povezava: 230 V \/ 1000 W<br \/>Dimenzije: 49 x 41,5 x 19,5 cm (\u0160xGxV)<\/p>\n","protected":false},"featured_media":85967,"comment_status":"open","ping_status":"closed","template":"","meta":{"_acf_changed":false},"product_brand":[223],"product_cat":[120],"product_tag":[],"class_list":{"0":"post-85866","1":"product","2":"type-product","3":"status-publish","4":"has-post-thumbnail","6":"product_brand-orved","7":"product_cat-aparati-za-vakuumiranje-priprava-zivil","9":"first","10":"instock","11":"shipping-taxable","12":"purchasable","13":"product-type-simple"},"acf":[],"_links":{"self":[{"href":"https:\/\/go-st.vizia.si\/index.php?rest_route=\/wp\/v2\/product\/85866","targetHints":{"allow":["GET"]}}],"collection":[{"href":"https:\/\/go-st.vizia.si\/index.php?rest_route=\/wp\/v2\/product"}],"about":[{"href":"https:\/\/go-st.vizia.si\/index.php?rest_route=\/wp\/v2\/types\/product"}],"replies":[{"embeddable":true,"href":"https:\/\/go-st.vizia.si\/index.php?rest_route=%2Fwp%2Fv2%2Fcomments&post=85866"}],"wp:featuredmedia":[{"embeddable":true,"href":"https:\/\/go-st.vizia.si\/index.php?rest_route=\/wp\/v2\/media\/85967"}],"wp:attachment":[{"href":"https:\/\/go-st.vizia.si\/index.php?rest_route=%2Fwp%2Fv2%2Fmedia&parent=85866"}],"wp:term":[{"taxonomy":"product_brand","embeddable":true,"href":"https:\/\/go-st.vizia.si\/index.php?rest_route=%2Fwp%2Fv2%2Fproduct_brand&post=85866"},{"taxonomy":"product_cat","embeddable":true,"href":"https:\/\/go-st.vizia.si\/index.php?rest_route=%2Fwp%2Fv2%2Fproduct_cat&post=85866"},{"taxonomy":"product_tag","embeddable":true,"href":"https:\/\/go-st.vizia.si\/index.php?rest_route=%2Fwp%2Fv2%2Fproduct_tag&post=85866"}],"curies":[{"name":"wp","href":"https:\/\/api.w.org\/{rel}","templated":true}]}}