{"id":85872,"date":"2026-01-29T18:15:13","date_gmt":"2026-01-29T18:15:13","guid":{"rendered":"https:\/\/go-st.vizia.si\/?post_type=product&#038;p=85872"},"modified":"2026-02-11T07:38:28","modified_gmt":"2026-02-11T07:38:28","slug":"mesalec-mesa-ip-120-xp-ba","status":"publish","type":"product","link":"https:\/\/go-st.vizia.si\/?product=mesalec-mesa-ip-120-xp-ba","title":{"rendered":"Me\u0161alec mesa IP 120 XP BA"},"content":{"rendered":"<p>Profesionalni me\u0161alec mesa IP 120 XP BA je celoti narejen iz inoxa. Moderen videz.&nbsp; Primeren za me\u0161anje in mletje mesa. Mo\u017enost nagibanja posode z avtomatskim zaklepanjem. Kole\u0161\u010dka za la\u017eje premikanje, z zavoro.<\/p>\n","protected":false},"excerpt":{"rendered":"<p>Profesionalni me\u0161alec mesa IP 120 XP BA je celoti narejen iz inoxa. Moderen videz.&nbsp; Primeren za me\u0161anje in mletje mesa. Mo\u017enost nagibanja posode z avtomatskim zaklepanjem. Kole\u0161\u010dka za la\u017eje premikanje, z zavoro.<\/p>\n","protected":false},"featured_media":85974,"comment_status":"open","ping_status":"closed","template":"","meta":{"_acf_changed":false},"product_brand":[],"product_cat":[131],"product_tag":[],"class_list":{"0":"post-85872","1":"product","2":"type-product","3":"status-publish","4":"has-post-thumbnail","6":"product_cat-mesalec-mesa","8":"first","9":"instock","10":"shipping-taxable","11":"purchasable","12":"product-type-simple"},"acf":[],"_links":{"self":[{"href":"https:\/\/go-st.vizia.si\/index.php?rest_route=\/wp\/v2\/product\/85872","targetHints":{"allow":["GET"]}}],"collection":[{"href":"https:\/\/go-st.vizia.si\/index.php?rest_route=\/wp\/v2\/product"}],"about":[{"href":"https:\/\/go-st.vizia.si\/index.php?rest_route=\/wp\/v2\/types\/product"}],"replies":[{"embeddable":true,"href":"https:\/\/go-st.vizia.si\/index.php?rest_route=%2Fwp%2Fv2%2Fcomments&post=85872"}],"wp:featuredmedia":[{"embeddable":true,"href":"https:\/\/go-st.vizia.si\/index.php?rest_route=\/wp\/v2\/media\/85974"}],"wp:attachment":[{"href":"https:\/\/go-st.vizia.si\/index.php?rest_route=%2Fwp%2Fv2%2Fmedia&parent=85872"}],"wp:term":[{"taxonomy":"product_brand","embeddable":true,"href":"https:\/\/go-st.vizia.si\/index.php?rest_route=%2Fwp%2Fv2%2Fproduct_brand&post=85872"},{"taxonomy":"product_cat","embeddable":true,"href":"https:\/\/go-st.vizia.si\/index.php?rest_route=%2Fwp%2Fv2%2Fproduct_cat&post=85872"},{"taxonomy":"product_tag","embeddable":true,"href":"https:\/\/go-st.vizia.si\/index.php?rest_route=%2Fwp%2Fv2%2Fproduct_tag&post=85872"}],"curies":[{"name":"wp","href":"https:\/\/api.w.org\/{rel}","templated":true}]}}