{"id":85873,"date":"2026-01-29T18:15:13","date_gmt":"2026-01-29T18:15:13","guid":{"rendered":"https:\/\/go-st.vizia.si\/?post_type=product&#038;p=85873"},"modified":"2026-02-11T07:38:28","modified_gmt":"2026-02-11T07:38:28","slug":"mesalec-mesa-ip-30m-y14","status":"publish","type":"product","link":"https:\/\/go-st.vizia.si\/?product=mesalec-mesa-ip-30m-y14","title":{"rendered":"Me\u0161alec mesa IP 30M Y14"},"content":{"rendered":"<p>Profesionalni me\u0161alec mesa IP 30M Y14 je celoti narejen iz inoxa. Dva lo\u010dena motorja za me\u0161anje mesa. Varnostno stikalo na pokrovu. Za la\u017eje premikanje naprave se lahko kot dodatno naro\u010dijo kole\u0161\u010dki z zavoro.<\/p>\n","protected":false},"excerpt":{"rendered":"<p>Profesionalni me\u0161alec mesa IP 30M Y14 je celoti narejen iz inoxa. Dva lo\u010dena motorja za me\u0161anje mesa. Varnostno stikalo na pokrovu. Za la\u017eje premikanje naprave se lahko kot dodatno naro\u010dijo kole\u0161\u010dki z zavoro.<\/p>\n","protected":false},"featured_media":85977,"comment_status":"open","ping_status":"closed","template":"","meta":{"_acf_changed":false},"product_brand":[222],"product_cat":[131],"product_tag":[],"class_list":{"0":"post-85873","1":"product","2":"type-product","3":"status-publish","4":"has-post-thumbnail","6":"product_brand-sirman","7":"product_cat-mesalec-mesa","9":"first","10":"instock","11":"shipping-taxable","12":"purchasable","13":"product-type-simple"},"acf":[],"_links":{"self":[{"href":"https:\/\/go-st.vizia.si\/index.php?rest_route=\/wp\/v2\/product\/85873","targetHints":{"allow":["GET"]}}],"collection":[{"href":"https:\/\/go-st.vizia.si\/index.php?rest_route=\/wp\/v2\/product"}],"about":[{"href":"https:\/\/go-st.vizia.si\/index.php?rest_route=\/wp\/v2\/types\/product"}],"replies":[{"embeddable":true,"href":"https:\/\/go-st.vizia.si\/index.php?rest_route=%2Fwp%2Fv2%2Fcomments&post=85873"}],"wp:featuredmedia":[{"embeddable":true,"href":"https:\/\/go-st.vizia.si\/index.php?rest_route=\/wp\/v2\/media\/85977"}],"wp:attachment":[{"href":"https:\/\/go-st.vizia.si\/index.php?rest_route=%2Fwp%2Fv2%2Fmedia&parent=85873"}],"wp:term":[{"taxonomy":"product_brand","embeddable":true,"href":"https:\/\/go-st.vizia.si\/index.php?rest_route=%2Fwp%2Fv2%2Fproduct_brand&post=85873"},{"taxonomy":"product_cat","embeddable":true,"href":"https:\/\/go-st.vizia.si\/index.php?rest_route=%2Fwp%2Fv2%2Fproduct_cat&post=85873"},{"taxonomy":"product_tag","embeddable":true,"href":"https:\/\/go-st.vizia.si\/index.php?rest_route=%2Fwp%2Fv2%2Fproduct_tag&post=85873"}],"curies":[{"name":"wp","href":"https:\/\/api.w.org\/{rel}","templated":true}]}}