{"id":85876,"date":"2026-01-29T18:15:14","date_gmt":"2026-01-29T18:15:14","guid":{"rendered":"https:\/\/go-st.vizia.si\/?post_type=product&#038;p=85876"},"modified":"2026-02-12T09:49:11","modified_gmt":"2026-02-12T09:49:11","slug":"mesoreznica-12-cq0-inox-unger","status":"publish","type":"product","link":"https:\/\/go-st.vizia.si\/?product=mesoreznica-12-cq0-inox-unger","title":{"rendered":"Mesoreznica 12\/CQ0 Inox Unger"},"content":{"rendered":"<p>Mlin\u010dek za meso 12\/CQ0je zmogljiv mlin\u010dek za meso s 5-delnim <strong>sistemom Unger<\/strong>, ki se je v profesionalnem okolju odli\u010dno izkazal. Zahvaljujo\u010d dvojni kombinaciji (no\u017e-luknjasta plo\u0161\u010da) je mogo\u010de dose\u010di ne le zelo fino konsistenco, ampak tudi brez te\u017eav predelati kose mesa, ki so zelo prepleteni s kitami.\u00a0Rezalna skupina je popolnoma snemljiva, kar je optimalno za <strong>shranjevanje v hladilniku (HACCP)<\/strong>, idealno za sekljanje mesa in proizvodnjo klobas. Najbolj primerna za uporabo v <strong>gastronomiji, samostojnih trgovcih, mesnicah<\/strong> ali za uporabo doma. <\/p>\n<h3 class=\"desc-headings\">Poudarki<\/h3>\n<ul>\n<li>Ohi\u0161je, lijak in rezalni sklop iz nerjave\u010dega jekla<\/li>\n<li>Rezalni sklop, popolnoma snemljiv<\/li>\n<li>Rezalni sklop je primeren za pomivanje v pomivalnem stroju in enostaven za \u010di\u0161\u010denje<\/li>\n<li>Posoda za polnjenje iz nerjave\u010dega jekla<\/li>\n<li>Upravljanje z obratom smeri vrtenja<\/li>\n<li>Gibanje motorja z oljnim kopeljo<\/li>\n<li>5-delni sistem Unger za zelo fino mleto meso (npr. za klobase)<\/li>\n<\/ul>\n<h3 class=\"desc-headings\">Informacije o izdelku<\/h3>\n<p>Tukaj najdete navodila za sestavo: <em><a href=\"https:\/\/www.mayway.eu\/zusammenbau-des-5-teiligen-unger-systems\" target=\"_blank\">Sestava 5-delnega sistema Unger<\/a><\/em><\/p>\n<h3 class=\"desc-headings\">Tehni\u010dne informacije<\/h3>\n<ul>\n<li>Odprtina za polnjenje: \u00d8 52 mm<\/li>\n<li>Ura: 100 - 160 kg<\/li>\n<li>Povezava: 400 V \/ 750 W<\/li>\n<li>Dimenzije: 27 x 44 x 40 cm (\u0160xGxV)<\/li>\n<li>Te\u017ea: 22 kg<\/li>\n<\/ul>\n<h3 class=\"desc-headings\">Prilo\u017eena oprema<\/h3>\n<ul>\n<li>2x 70-milimetrski srpast no\u017e s 3 krili, samoo\u0161iljiv<\/li>\n<li>1x 70-milimetrski predrezalnik<\/li>\n<li>1x 70-milimetrska luknjasta plo\u0161\u010da 8 mm<\/li>\n<li>1x 70-milimetrska luknjasta plo\u0161\u010da 4,5 mm<\/li>\n<li>1x distan\u010dni obro\u010d<\/li>\n<li>1x plasti\u010dni potisni bat<\/li>\n<li>1x posoda iz nerjave\u010dega jekla<\/li>\n<\/ul>\n","protected":false},"excerpt":{"rendered":"<p>Ura: 100 - 160 kg<br \/>Povezava: 400 V \/ 750 W<br \/>Dimenzije: 27 x 44 x 40 cm (\u0160xGxV)<br \/>Te\u017ea: 22 kg<\/p>\n","protected":false},"featured_media":85981,"comment_status":"open","ping_status":"closed","template":"","meta":{"_acf_changed":false},"product_brand":[167],"product_cat":[62],"product_tag":[],"class_list":{"0":"post-85876","1":"product","2":"type-product","3":"status-publish","4":"has-post-thumbnail","6":"product_brand-fimar","7":"product_cat-mesoreznice","9":"first","10":"instock","11":"shipping-taxable","12":"purchasable","13":"product-type-simple"},"acf":[],"_links":{"self":[{"href":"https:\/\/go-st.vizia.si\/index.php?rest_route=\/wp\/v2\/product\/85876","targetHints":{"allow":["GET"]}}],"collection":[{"href":"https:\/\/go-st.vizia.si\/index.php?rest_route=\/wp\/v2\/product"}],"about":[{"href":"https:\/\/go-st.vizia.si\/index.php?rest_route=\/wp\/v2\/types\/product"}],"replies":[{"embeddable":true,"href":"https:\/\/go-st.vizia.si\/index.php?rest_route=%2Fwp%2Fv2%2Fcomments&post=85876"}],"wp:featuredmedia":[{"embeddable":true,"href":"https:\/\/go-st.vizia.si\/index.php?rest_route=\/wp\/v2\/media\/85981"}],"wp:attachment":[{"href":"https:\/\/go-st.vizia.si\/index.php?rest_route=%2Fwp%2Fv2%2Fmedia&parent=85876"}],"wp:term":[{"taxonomy":"product_brand","embeddable":true,"href":"https:\/\/go-st.vizia.si\/index.php?rest_route=%2Fwp%2Fv2%2Fproduct_brand&post=85876"},{"taxonomy":"product_cat","embeddable":true,"href":"https:\/\/go-st.vizia.si\/index.php?rest_route=%2Fwp%2Fv2%2Fproduct_cat&post=85876"},{"taxonomy":"product_tag","embeddable":true,"href":"https:\/\/go-st.vizia.si\/index.php?rest_route=%2Fwp%2Fv2%2Fproduct_tag&post=85876"}],"curies":[{"name":"wp","href":"https:\/\/api.w.org\/{rel}","templated":true}]}}