{"id":85957,"date":"2026-01-29T18:15:36","date_gmt":"2026-01-29T18:15:36","guid":{"rendered":"https:\/\/go-st.vizia.si\/?post_type=product&#038;p=85957"},"modified":"2026-02-11T07:38:33","modified_gmt":"2026-02-11T07:38:33","slug":"salamoreznica-dolly-250-a","status":"publish","type":"product","link":"https:\/\/go-st.vizia.si\/?product=salamoreznica-dolly-250-a","title":{"rendered":"Salamoreznica Dolly 250\/A"},"content":{"rendered":"<p>Profesionalna salamoreznica DOLLY 250\/A je narejena iz masivnega ogrodja. Izredno enostavna in varna za uporabo. Premer rezila je 250 mm. Vklju\u010den tudi brusilnik rezila. Enostavno \u010di\u0161\u010denje.<\/p>\n","protected":false},"excerpt":{"rendered":"<p>Profesionalna salamoreznica DOLLY 250\/A je narejena iz masivnega ogrodja. Izredno enostavna in varna za uporabo. Premer rezila je 250 mm. Vklju\u010den tudi brusilnik rezila. Enostavno \u010di\u0161\u010denje.<\/p>\n","protected":false},"featured_media":86005,"comment_status":"open","ping_status":"closed","template":"","meta":{"_acf_changed":false},"product_brand":[1247],"product_cat":[116],"product_tag":[],"class_list":{"0":"post-85957","1":"product","2":"type-product","3":"status-publish","4":"has-post-thumbnail","6":"product_brand-r-g-v","7":"product_cat-salamoreznice-in-prsutoreznice","9":"first","10":"instock","11":"shipping-taxable","12":"purchasable","13":"product-type-simple"},"acf":[],"_links":{"self":[{"href":"https:\/\/go-st.vizia.si\/index.php?rest_route=\/wp\/v2\/product\/85957","targetHints":{"allow":["GET"]}}],"collection":[{"href":"https:\/\/go-st.vizia.si\/index.php?rest_route=\/wp\/v2\/product"}],"about":[{"href":"https:\/\/go-st.vizia.si\/index.php?rest_route=\/wp\/v2\/types\/product"}],"replies":[{"embeddable":true,"href":"https:\/\/go-st.vizia.si\/index.php?rest_route=%2Fwp%2Fv2%2Fcomments&post=85957"}],"wp:featuredmedia":[{"embeddable":true,"href":"https:\/\/go-st.vizia.si\/index.php?rest_route=\/wp\/v2\/media\/86005"}],"wp:attachment":[{"href":"https:\/\/go-st.vizia.si\/index.php?rest_route=%2Fwp%2Fv2%2Fmedia&parent=85957"}],"wp:term":[{"taxonomy":"product_brand","embeddable":true,"href":"https:\/\/go-st.vizia.si\/index.php?rest_route=%2Fwp%2Fv2%2Fproduct_brand&post=85957"},{"taxonomy":"product_cat","embeddable":true,"href":"https:\/\/go-st.vizia.si\/index.php?rest_route=%2Fwp%2Fv2%2Fproduct_cat&post=85957"},{"taxonomy":"product_tag","embeddable":true,"href":"https:\/\/go-st.vizia.si\/index.php?rest_route=%2Fwp%2Fv2%2Fproduct_tag&post=85957"}],"curies":[{"name":"wp","href":"https:\/\/api.w.org\/{rel}","templated":true}]}}