{"id":86012,"date":"2026-01-29T18:15:51","date_gmt":"2026-01-29T18:15:51","guid":{"rendered":"https:\/\/go-st.vizia.si\/?post_type=product&#038;p=86012"},"modified":"2026-02-12T09:43:06","modified_gmt":"2026-02-12T09:43:06","slug":"podstavek-za-prsutoreznico-volano","status":"publish","type":"product","link":"https:\/\/go-st.vizia.si\/?product=podstavek-za-prsutoreznico-volano","title":{"rendered":"Podstavek za pr\u0161utoreznico Volano"},"content":{"rendered":"","protected":false},"excerpt":{"rendered":"<p>Robustna konstrukcija iz litega \u017eeleza<br \/>Barva: VOLANO rde\u010da z zlatimi okraski<br \/>(Na voljo v vseh barvah RAL)<br \/>Vi\u0161ina: 79 cm<br \/>Nosilna plo\u0161\u010da: 40 \u00d7 50 cm <br \/>Te\u017ea: 54 kg<\/p>\n","protected":false},"featured_media":86046,"comment_status":"open","ping_status":"closed","template":"","meta":{"_acf_changed":false},"product_brand":[1301],"product_cat":[116],"product_tag":[],"class_list":{"0":"post-86012","1":"product","2":"type-product","3":"status-publish","4":"has-post-thumbnail","6":"product_brand-noaw","7":"product_cat-salamoreznice-in-prsutoreznice","9":"first","10":"instock","11":"shipping-taxable","12":"purchasable","13":"product-type-simple"},"acf":[],"_links":{"self":[{"href":"https:\/\/go-st.vizia.si\/index.php?rest_route=\/wp\/v2\/product\/86012","targetHints":{"allow":["GET"]}}],"collection":[{"href":"https:\/\/go-st.vizia.si\/index.php?rest_route=\/wp\/v2\/product"}],"about":[{"href":"https:\/\/go-st.vizia.si\/index.php?rest_route=\/wp\/v2\/types\/product"}],"replies":[{"embeddable":true,"href":"https:\/\/go-st.vizia.si\/index.php?rest_route=%2Fwp%2Fv2%2Fcomments&post=86012"}],"wp:featuredmedia":[{"embeddable":true,"href":"https:\/\/go-st.vizia.si\/index.php?rest_route=\/wp\/v2\/media\/86046"}],"wp:attachment":[{"href":"https:\/\/go-st.vizia.si\/index.php?rest_route=%2Fwp%2Fv2%2Fmedia&parent=86012"}],"wp:term":[{"taxonomy":"product_brand","embeddable":true,"href":"https:\/\/go-st.vizia.si\/index.php?rest_route=%2Fwp%2Fv2%2Fproduct_brand&post=86012"},{"taxonomy":"product_cat","embeddable":true,"href":"https:\/\/go-st.vizia.si\/index.php?rest_route=%2Fwp%2Fv2%2Fproduct_cat&post=86012"},{"taxonomy":"product_tag","embeddable":true,"href":"https:\/\/go-st.vizia.si\/index.php?rest_route=%2Fwp%2Fv2%2Fproduct_tag&post=86012"}],"curies":[{"name":"wp","href":"https:\/\/api.w.org\/{rel}","templated":true}]}}