{"id":86013,"date":"2026-01-29T18:15:51","date_gmt":"2026-01-29T18:15:51","guid":{"rendered":"https:\/\/go-st.vizia.si\/?post_type=product&#038;p=86013"},"modified":"2026-02-11T07:38:33","modified_gmt":"2026-02-11T07:38:33","slug":"salamoreznica-posevna-tasx-250","status":"publish","type":"product","link":"https:\/\/go-st.vizia.si\/?product=salamoreznica-posevna-tasx-250","title":{"rendered":"Salamoreznica po\u0161evna TASX 250"},"content":{"rendered":"<p>Profesionalna salamoreznica TASX 250 je narejena iz masivnega ogrodja. Rde\u010di dodatki. Izredno enostavna in varna za uporabo. Premer rezila je 250 mm. Enostavno \u010di\u0161\u010denje.<\/p>\n","protected":false},"excerpt":{"rendered":"<p>Profesionalna salamoreznica TASX 250 je narejena iz masivnega ogrodja. Rde\u010di dodatki. Izredno enostavna in varna za uporabo. Premer rezila je 250 mm. Enostavno \u010di\u0161\u010denje.<\/p>\n","protected":false},"featured_media":86047,"comment_status":"open","ping_status":"closed","template":"","meta":{"_acf_changed":false},"product_brand":[1301],"product_cat":[116],"product_tag":[],"class_list":{"0":"post-86013","1":"product","2":"type-product","3":"status-publish","4":"has-post-thumbnail","6":"product_brand-noaw","7":"product_cat-salamoreznice-in-prsutoreznice","9":"first","10":"instock","11":"shipping-taxable","12":"purchasable","13":"product-type-simple"},"acf":[],"_links":{"self":[{"href":"https:\/\/go-st.vizia.si\/index.php?rest_route=\/wp\/v2\/product\/86013","targetHints":{"allow":["GET"]}}],"collection":[{"href":"https:\/\/go-st.vizia.si\/index.php?rest_route=\/wp\/v2\/product"}],"about":[{"href":"https:\/\/go-st.vizia.si\/index.php?rest_route=\/wp\/v2\/types\/product"}],"replies":[{"embeddable":true,"href":"https:\/\/go-st.vizia.si\/index.php?rest_route=%2Fwp%2Fv2%2Fcomments&post=86013"}],"wp:featuredmedia":[{"embeddable":true,"href":"https:\/\/go-st.vizia.si\/index.php?rest_route=\/wp\/v2\/media\/86047"}],"wp:attachment":[{"href":"https:\/\/go-st.vizia.si\/index.php?rest_route=%2Fwp%2Fv2%2Fmedia&parent=86013"}],"wp:term":[{"taxonomy":"product_brand","embeddable":true,"href":"https:\/\/go-st.vizia.si\/index.php?rest_route=%2Fwp%2Fv2%2Fproduct_brand&post=86013"},{"taxonomy":"product_cat","embeddable":true,"href":"https:\/\/go-st.vizia.si\/index.php?rest_route=%2Fwp%2Fv2%2Fproduct_cat&post=86013"},{"taxonomy":"product_tag","embeddable":true,"href":"https:\/\/go-st.vizia.si\/index.php?rest_route=%2Fwp%2Fv2%2Fproduct_tag&post=86013"}],"curies":[{"name":"wp","href":"https:\/\/api.w.org\/{rel}","templated":true}]}}