{"id":86015,"date":"2026-01-29T18:15:52","date_gmt":"2026-01-29T18:15:52","guid":{"rendered":"https:\/\/go-st.vizia.si\/?post_type=product&#038;p=86015"},"modified":"2026-02-12T09:48:44","modified_gmt":"2026-02-12T09:48:44","slug":"salamoreznica-posevna-45-330gi","status":"publish","type":"product","link":"https:\/\/go-st.vizia.si\/?product=salamoreznica-posevna-45-330gi","title":{"rendered":"SALAMOREZNICA, PO\u0160EVNA 45\u00b0, 330GI"},"content":{"rendered":"<p>Izdelano v Italiji, najbolj kakovostni materiali so skrbno in z ljubeznijo do detajla obdelani. Profesionalno, kromirano rezilo tega profesionalnega univerzalnega rezalnika zagotavlja najbolj\u0161o kakovost rezanja in naredi va\u0161e jedi privla\u010dne na vsakem kro\u017eniku \u2013 z rezalniki MAYWAY do odli\u010dnega uspeha! <\/p>\n<h3 class=\"desc-headings\">Poudarki<\/h3>\n<ul>\n<li>Gonilni mehanizem<\/li>\n<li>Voz z mo\u010dnim naklonom 45\u00b0<\/li>\n<li>Debelina rezanja nastavljiva do 14 mm<\/li>\n<li>Ro\u010dni brusilnik no\u017eev<\/li>\n<li>Prezra\u010devan in mo\u010dan motor<\/li>\n<li>Podlaga za rezanje in premi\u010den dr\u017ealo za ostanke iz eloksiranega aluminija<\/li>\n<li>Vodilo in pokrov rezalne plo\u0161\u010de iz eloksiranega aluminija<\/li>\n<li>Vozek s plasti\u010dno za\u0161\u010dito za varno uporabo<\/li>\n<li>Enostavno in hitro \u010di\u0161\u010denje<\/li>\n<\/ul>\n<h3 class=\"desc-headings\">Informacije o izdelku<\/h3>\n<ul>\n<li>masivno ohi\u0161je <\/li>\n<li>premer rezila: 33 cm<\/li>\n<li>debelina reza 0\u201314 mm<\/li>\n<li>rezalna zmogljivost DM: 23 cm <\/li>\n<li>maks. velikost rezanega materiala: 23 x 30,5 cm<\/li>\n<li>Dovozna dol\u017eina: 36 cm<\/li>\n<li>Izredno \u0161iroka osnovna plo\u0161\u010da<\/li>\n<\/ul>\n<h3 class=\"desc-headings\">Tehni\u010dne informacije<\/h3>\n<ul>\n<li>Povezava: 230 V \/ 300 W<\/li>\n<li>Dimenzije: 56 x 68 x 61 cm (\u0160xGxV)<\/li>\n<\/ul>\n","protected":false},"excerpt":{"rendered":"<p>Z zobni\u0161kim pogonom<br \/>Rezalni no\u017e: 33 cm DM<br \/>Povezava: 230 V \/ 300 W<br \/>Dimenzije: 56 x 68 x 61 cm (\u0160xGxV)<\/p>\n","protected":false},"featured_media":86050,"comment_status":"open","ping_status":"closed","template":"","meta":{"_acf_changed":false},"product_brand":[1301],"product_cat":[116],"product_tag":[],"class_list":{"0":"post-86015","1":"product","2":"type-product","3":"status-publish","4":"has-post-thumbnail","6":"product_brand-noaw","7":"product_cat-salamoreznice-in-prsutoreznice","9":"first","10":"instock","11":"shipping-taxable","12":"purchasable","13":"product-type-simple"},"acf":[],"_links":{"self":[{"href":"https:\/\/go-st.vizia.si\/index.php?rest_route=\/wp\/v2\/product\/86015","targetHints":{"allow":["GET"]}}],"collection":[{"href":"https:\/\/go-st.vizia.si\/index.php?rest_route=\/wp\/v2\/product"}],"about":[{"href":"https:\/\/go-st.vizia.si\/index.php?rest_route=\/wp\/v2\/types\/product"}],"replies":[{"embeddable":true,"href":"https:\/\/go-st.vizia.si\/index.php?rest_route=%2Fwp%2Fv2%2Fcomments&post=86015"}],"wp:featuredmedia":[{"embeddable":true,"href":"https:\/\/go-st.vizia.si\/index.php?rest_route=\/wp\/v2\/media\/86050"}],"wp:attachment":[{"href":"https:\/\/go-st.vizia.si\/index.php?rest_route=%2Fwp%2Fv2%2Fmedia&parent=86015"}],"wp:term":[{"taxonomy":"product_brand","embeddable":true,"href":"https:\/\/go-st.vizia.si\/index.php?rest_route=%2Fwp%2Fv2%2Fproduct_brand&post=86015"},{"taxonomy":"product_cat","embeddable":true,"href":"https:\/\/go-st.vizia.si\/index.php?rest_route=%2Fwp%2Fv2%2Fproduct_cat&post=86015"},{"taxonomy":"product_tag","embeddable":true,"href":"https:\/\/go-st.vizia.si\/index.php?rest_route=%2Fwp%2Fv2%2Fproduct_tag&post=86015"}],"curies":[{"name":"wp","href":"https:\/\/api.w.org\/{rel}","templated":true}]}}