{"id":86017,"date":"2026-01-29T18:15:52","date_gmt":"2026-01-29T18:15:52","guid":{"rendered":"https:\/\/go-st.vizia.si\/?post_type=product&#038;p=86017"},"modified":"2026-02-12T09:48:21","modified_gmt":"2026-02-12T09:48:21","slug":"salamoreznica-posevna-250-gsa-d","status":"publish","type":"product","link":"https:\/\/go-st.vizia.si\/?product=salamoreznica-posevna-250-gsa-d","title":{"rendered":"Salamoreznica, po\u0161evna, 250 GSA\/D"},"content":{"rendered":"<p>Izdelano v Italiji, najbolj kakovostni materiali so skrbno in z ljubeznijo do detajla obdelani. Profesionalno, kromirano rezilo tega profesionalnega univerzalnega rezalnika zagotavlja najbolj\u0161o kakovost rezanja in naredi va\u0161e jedi privla\u010dne na vsakem kro\u017eniku \u2013 z rezalniki MAYWAY do odli\u010dnega uspeha!<\/p>\n<h3 class=\"desc-headings\">Poudarki<\/h3>\n<ul>\n<li>Velika zmogljivost rezanja<\/li>\n<li>Vozek z mo\u010dnim naklonom <\/li>\n<li>Debelina reza nastavljiva do 14 mm<\/li>\n<li>Mo\u010dan motor<\/li>\n<li>Vozek s plasti\u010dno za\u0161\u010dito za varno uporabo<\/li>\n<li>Enostavno in hitro \u010di\u0161\u010denje <\/li>\n<\/ul>\n<h3 class=\"desc-headings\">Informacije o izdelku<\/h3>\n<ul>\n<li>masivno ohi\u0161je <\/li>\n<li>premer diska: 25 cm<\/li>\n<li>debelina reza 0\u201314 mm<\/li>\n<li>rezalna zmogljivost DM: 15 cm<\/li>\n<li>maks. velikost rezanega materiala: 14,5 x 21 cm<\/li>\n<li>Dol\u017eina vozi\u010dka: 28 cm<\/li>\n<\/ul>\n<h3 class=\"desc-headings\">Tehni\u010dne informacije<\/h3>\n<ul>\n<li>Povezava: 230 V \/ 180 W<\/li>\n<li>Dimenzije: 53 x 64 x 51 cm (\u0160xGxV)<\/li>\n<\/ul>\n","protected":false},"excerpt":{"rendered":"<p>Rezalni no\u017e: 25 cm DM<br \/>Povezava: 230 V \/ 180 W<br \/>Dimenzije: 53 x 64 x 51 cm (\u0160xGxV)<\/p>\n","protected":false},"featured_media":86053,"comment_status":"open","ping_status":"closed","template":"","meta":{"_acf_changed":false},"product_brand":[],"product_cat":[116],"product_tag":[],"class_list":{"0":"post-86017","1":"product","2":"type-product","3":"status-publish","4":"has-post-thumbnail","6":"product_cat-salamoreznice-in-prsutoreznice","8":"first","9":"instock","10":"shipping-taxable","11":"purchasable","12":"product-type-simple"},"acf":[],"_links":{"self":[{"href":"https:\/\/go-st.vizia.si\/index.php?rest_route=\/wp\/v2\/product\/86017","targetHints":{"allow":["GET"]}}],"collection":[{"href":"https:\/\/go-st.vizia.si\/index.php?rest_route=\/wp\/v2\/product"}],"about":[{"href":"https:\/\/go-st.vizia.si\/index.php?rest_route=\/wp\/v2\/types\/product"}],"replies":[{"embeddable":true,"href":"https:\/\/go-st.vizia.si\/index.php?rest_route=%2Fwp%2Fv2%2Fcomments&post=86017"}],"wp:featuredmedia":[{"embeddable":true,"href":"https:\/\/go-st.vizia.si\/index.php?rest_route=\/wp\/v2\/media\/86053"}],"wp:attachment":[{"href":"https:\/\/go-st.vizia.si\/index.php?rest_route=%2Fwp%2Fv2%2Fmedia&parent=86017"}],"wp:term":[{"taxonomy":"product_brand","embeddable":true,"href":"https:\/\/go-st.vizia.si\/index.php?rest_route=%2Fwp%2Fv2%2Fproduct_brand&post=86017"},{"taxonomy":"product_cat","embeddable":true,"href":"https:\/\/go-st.vizia.si\/index.php?rest_route=%2Fwp%2Fv2%2Fproduct_cat&post=86017"},{"taxonomy":"product_tag","embeddable":true,"href":"https:\/\/go-st.vizia.si\/index.php?rest_route=%2Fwp%2Fv2%2Fproduct_tag&post=86017"}],"curies":[{"name":"wp","href":"https:\/\/api.w.org\/{rel}","templated":true}]}}