{"id":86018,"date":"2026-01-29T18:15:52","date_gmt":"2026-01-29T18:15:52","guid":{"rendered":"https:\/\/go-st.vizia.si\/?post_type=product&#038;p=86018"},"modified":"2026-02-11T07:38:33","modified_gmt":"2026-02-11T07:38:33","slug":"salamoreznica-za-prsut-volano-300-10","status":"publish","type":"product","link":"https:\/\/go-st.vizia.si\/?product=salamoreznica-za-prsut-volano-300-10","title":{"rendered":"SALAMOREZNICA ZA PR\u0160UT VOLANO 300\/10"},"content":{"rendered":"<h4>Tehni\u010dni podatki:<\/h4>\n<p>Premer no\u017ea: 30 cm<\/p>\n<p>Mo\u017enost rezanja: fi 21,5 ali 21,5x24 cm<\/p>\n<p>Nastavljiva debelina rezin do 3 mm.<\/p>\n<p>Mere: 54x75x51 cm (\u0160xGxV)<\/p>\n","protected":false},"excerpt":{"rendered":"<p>Profesionalna pr\u0161utoreznica VOLANO 300\/10 je v celoti narejena iz gus-aluminija in kromiranega jekla. Natan\u010dno rezanje rezin, brez trganja, kar pomeni zelo majhen odpadek. Enostavno \u010di\u0161\u010denje. Eleganten videz. Rezilo premera 300 mm.<\/p>\n","protected":false},"featured_media":86054,"comment_status":"open","ping_status":"closed","template":"","meta":{"_acf_changed":false},"product_brand":[1301],"product_cat":[116],"product_tag":[],"class_list":{"0":"post-86018","1":"product","2":"type-product","3":"status-publish","4":"has-post-thumbnail","6":"product_brand-noaw","7":"product_cat-salamoreznice-in-prsutoreznice","9":"first","10":"instock","11":"shipping-taxable","12":"purchasable","13":"product-type-simple"},"acf":[],"_links":{"self":[{"href":"https:\/\/go-st.vizia.si\/index.php?rest_route=\/wp\/v2\/product\/86018","targetHints":{"allow":["GET"]}}],"collection":[{"href":"https:\/\/go-st.vizia.si\/index.php?rest_route=\/wp\/v2\/product"}],"about":[{"href":"https:\/\/go-st.vizia.si\/index.php?rest_route=\/wp\/v2\/types\/product"}],"replies":[{"embeddable":true,"href":"https:\/\/go-st.vizia.si\/index.php?rest_route=%2Fwp%2Fv2%2Fcomments&post=86018"}],"wp:featuredmedia":[{"embeddable":true,"href":"https:\/\/go-st.vizia.si\/index.php?rest_route=\/wp\/v2\/media\/86054"}],"wp:attachment":[{"href":"https:\/\/go-st.vizia.si\/index.php?rest_route=%2Fwp%2Fv2%2Fmedia&parent=86018"}],"wp:term":[{"taxonomy":"product_brand","embeddable":true,"href":"https:\/\/go-st.vizia.si\/index.php?rest_route=%2Fwp%2Fv2%2Fproduct_brand&post=86018"},{"taxonomy":"product_cat","embeddable":true,"href":"https:\/\/go-st.vizia.si\/index.php?rest_route=%2Fwp%2Fv2%2Fproduct_cat&post=86018"},{"taxonomy":"product_tag","embeddable":true,"href":"https:\/\/go-st.vizia.si\/index.php?rest_route=%2Fwp%2Fv2%2Fproduct_tag&post=86018"}],"curies":[{"name":"wp","href":"https:\/\/api.w.org\/{rel}","templated":true}]}}