{"id":86034,"date":"2026-01-29T18:15:52","date_gmt":"2026-01-29T18:15:52","guid":{"rendered":"https:\/\/go-st.vizia.si\/?post_type=product&#038;p=86034"},"modified":"2026-02-12T09:49:24","modified_gmt":"2026-02-12T09:49:24","slug":"ozemalnik-solate","status":"publish","type":"product","link":"https:\/\/go-st.vizia.si\/?product=ozemalnik-solate","title":{"rendered":"O\u017eemalnik solate"},"content":{"rendered":"<p>Mayway centrifuga za solato iz trpe\u017ene plastike s prostornino 25 litrov je idealna za u\u010dinkovito, zanesljivo in higiensko pripravo hrustljavih solat ali sve\u017ee zelenjave.\u00a0V enem postopku je mogo\u010de oprati zelo velike koli\u010dine solate (do 5 glav solate), <span>primerna pa je tudi za su\u0161enje zelenjave<\/span>. Prednosti so enostavna uporaba, enostavno \u010di\u0161\u010denje in prihranek \u010dasa.<\/p>\n<h3 class=\"desc-headings\">Poudarki<\/h3>\n<ul>\n<li>Centrifugalno sito je odstranljivo in primerno za pomivanje v pomivalnem stroju<\/li>\n<li>Gonilnik z ro\u010dico z robustnim menjalnikom<\/li>\n<li>Plastika, primerna za \u017eivila<\/li>\n<li>Enostavna uporaba, enostavno \u010di\u0161\u010denje<\/li>\n<\/ul>\n<h3 class=\"desc-headings\">Tehni\u010dne informacije<\/h3>\n<p>Vsebina: 25 l. <br \/>Dimenzije: 43 x 56 cm (\u0160 x V)<\/p>\n","protected":false},"excerpt":{"rendered":"<p>Vsebina: 25 l.<br \/>Centrifugalno sito: odstranljivo<br \/>Pogon: ro\u010dni pogon<br \/>Material: plastika<br \/>Barva: oran\u017ena <br \/>Dimenzije: 43 x 56 cm (\u0160xV)<\/p>\n","protected":false},"featured_media":86079,"comment_status":"open","ping_status":"closed","template":"","meta":{"_acf_changed":false},"product_brand":[],"product_cat":[143],"product_tag":[],"class_list":{"0":"post-86034","1":"product","2":"type-product","3":"status-publish","4":"has-post-thumbnail","6":"product_cat-ostale-naprave-za-zelenjavo","8":"first","9":"instock","10":"shipping-taxable","11":"purchasable","12":"product-type-simple"},"acf":[],"_links":{"self":[{"href":"https:\/\/go-st.vizia.si\/index.php?rest_route=\/wp\/v2\/product\/86034","targetHints":{"allow":["GET"]}}],"collection":[{"href":"https:\/\/go-st.vizia.si\/index.php?rest_route=\/wp\/v2\/product"}],"about":[{"href":"https:\/\/go-st.vizia.si\/index.php?rest_route=\/wp\/v2\/types\/product"}],"replies":[{"embeddable":true,"href":"https:\/\/go-st.vizia.si\/index.php?rest_route=%2Fwp%2Fv2%2Fcomments&post=86034"}],"wp:featuredmedia":[{"embeddable":true,"href":"https:\/\/go-st.vizia.si\/index.php?rest_route=\/wp\/v2\/media\/86079"}],"wp:attachment":[{"href":"https:\/\/go-st.vizia.si\/index.php?rest_route=%2Fwp%2Fv2%2Fmedia&parent=86034"}],"wp:term":[{"taxonomy":"product_brand","embeddable":true,"href":"https:\/\/go-st.vizia.si\/index.php?rest_route=%2Fwp%2Fv2%2Fproduct_brand&post=86034"},{"taxonomy":"product_cat","embeddable":true,"href":"https:\/\/go-st.vizia.si\/index.php?rest_route=%2Fwp%2Fv2%2Fproduct_cat&post=86034"},{"taxonomy":"product_tag","embeddable":true,"href":"https:\/\/go-st.vizia.si\/index.php?rest_route=%2Fwp%2Fv2%2Fproduct_tag&post=86034"}],"curies":[{"name":"wp","href":"https:\/\/api.w.org\/{rel}","templated":true}]}}