{"id":86080,"date":"2026-01-29T18:16:03","date_gmt":"2026-01-29T18:16:03","guid":{"rendered":"https:\/\/go-st.vizia.si\/?post_type=product&#038;p=86080"},"modified":"2026-02-26T08:36:57","modified_gmt":"2026-02-26T08:36:57","slug":"palicni-mesalnik-mx25-s-s-palico","status":"publish","type":"product","link":"https:\/\/go-st.vizia.si\/?product=palicni-mesalnik-mx25-s-s-palico","title":{"rendered":"Pali\u010dni me\u0161alnik MX25 s palico"},"content":{"rendered":"<p><strong>Ro\u010dni me\u0161alnik FIMAR MX25<\/strong> je zmogljiv ro\u010dni me\u0161alnik, ki prepri\u010da s svojo vsestransko uporabo. Optimalen za <strong>me\u0161anje, rezanje, drobljenje in me\u0161anje<\/strong> \u017eivil. Idealno za <strong>pripravo juh, pirejev, omak, majoneze, paradi\u017enikove ka\u0161e, pesta<\/strong> in \u0161e mnogo ve\u010d.<\/p>\n<h3 class=\"desc-headings\">Poudarki<\/h3>\n<ul>\n<li>Me\u0161alna palica iz nerjave\u010dega jekla AISI 304<\/li>\n<li>Vklju\u010dno z me\u0161alno palico dol\u017eine 30 cm<\/li>\n<li>Robustno ohi\u0161je motorja<\/li>\n<li>Ro\u010daj le\u017ei prijetno v roki<\/li>\n<li>Zra\u010dno hlajeni motor<\/li>\n<li>Fiksna hitrost<\/li>\n<\/ul>\n<h3 class=\"desc-headings\">Tehni\u010dne informacije<\/h3>\n<ul>\n<li>Dol\u017eina me\u0161alnega droga: 300 mm<\/li>\n<li>Najve\u010dja globina potopitve: 190 mm<\/li>\n<li>Hitrost: 13.000 vrt.\/min.<\/li>\n<li>Te\u017ea: 2,2 kg<\/li>\n<li>Priklju\u010dek: 230 V \/ 250 W<\/li>\n<li>Dimenzije: 14 x 10 x 60 cm (\u0160xGxV)<\/li>\n<\/ul>\n<h3 class=\"desc-headings\">Prilo\u017eena oprema<\/h3>\n<ul>\n<li>Me\u0161alna palica dol\u017eine 30 cm<\/li>\n<\/ul>\n","protected":false},"excerpt":{"rendered":"<p><span>Dol\u017eina me\u0161alnika<\/span>: 300 mm<br \/>Najve\u010dja globina potopitve: 190 mm<br \/>Hitrost: 13.000 vrt.\/min.<br \/>Te\u017ea: 2,2 kg<br \/>Priklju\u010dek: 230 V \/ 250 W<br \/>Dimenzije: 14 x 10 x 60 cm (\u0160xGxV)<\/p>\n","protected":false},"featured_media":86110,"comment_status":"open","ping_status":"closed","template":"","meta":{"_acf_changed":false},"product_brand":[167],"product_cat":[66],"product_tag":[],"class_list":{"0":"post-86080","1":"product","2":"type-product","3":"status-publish","4":"has-post-thumbnail","6":"product_brand-fimar","7":"product_cat-palicni-mesalniki","9":"first","10":"instock","11":"shipping-taxable","12":"purchasable","13":"product-type-simple"},"acf":[],"_links":{"self":[{"href":"https:\/\/go-st.vizia.si\/index.php?rest_route=\/wp\/v2\/product\/86080","targetHints":{"allow":["GET"]}}],"collection":[{"href":"https:\/\/go-st.vizia.si\/index.php?rest_route=\/wp\/v2\/product"}],"about":[{"href":"https:\/\/go-st.vizia.si\/index.php?rest_route=\/wp\/v2\/types\/product"}],"replies":[{"embeddable":true,"href":"https:\/\/go-st.vizia.si\/index.php?rest_route=%2Fwp%2Fv2%2Fcomments&post=86080"}],"wp:featuredmedia":[{"embeddable":true,"href":"https:\/\/go-st.vizia.si\/index.php?rest_route=\/wp\/v2\/media\/86110"}],"wp:attachment":[{"href":"https:\/\/go-st.vizia.si\/index.php?rest_route=%2Fwp%2Fv2%2Fmedia&parent=86080"}],"wp:term":[{"taxonomy":"product_brand","embeddable":true,"href":"https:\/\/go-st.vizia.si\/index.php?rest_route=%2Fwp%2Fv2%2Fproduct_brand&post=86080"},{"taxonomy":"product_cat","embeddable":true,"href":"https:\/\/go-st.vizia.si\/index.php?rest_route=%2Fwp%2Fv2%2Fproduct_cat&post=86080"},{"taxonomy":"product_tag","embeddable":true,"href":"https:\/\/go-st.vizia.si\/index.php?rest_route=%2Fwp%2Fv2%2Fproduct_tag&post=86080"}],"curies":[{"name":"wp","href":"https:\/\/api.w.org\/{rel}","templated":true}]}}