{"id":86150,"date":"2026-01-29T18:16:13","date_gmt":"2026-01-29T18:16:13","guid":{"rendered":"https:\/\/go-st.vizia.si\/?post_type=product&#038;p=86150"},"modified":"2026-02-12T09:42:45","modified_gmt":"2026-02-12T09:42:45","slug":"rezalnik-sadja-in-zelenjave","status":"publish","type":"product","link":"https:\/\/go-st.vizia.si\/?product=rezalnik-sadja-in-zelenjave","title":{"rendered":"rezalnik sadja in zelenjave"},"content":{"rendered":"<p>S tem <strong>ro\u010dnim rezalnikom za sadje in zelenjavo<\/strong> lahko v najkraj\u0161em \u010dasu nare\u017eete npr. paradi\u017enike ali jajca na 6 enakomernih rezin.<\/p>\n","protected":false},"excerpt":{"rendered":"<p>Robustna konstrukcija<br \/>Ergonomski ro\u010daj<br \/>Razre\u017ee na 6 enakomernih rezin<br \/>Dimenzije: 26 x 35,5 x 48,5 cm (\u0160xGxV)<br \/>Brez posode GN<\/p>\n","protected":false},"featured_media":86181,"comment_status":"open","ping_status":"closed","template":"","meta":{"_acf_changed":false},"product_brand":[],"product_cat":[127],"product_tag":[],"class_list":{"0":"post-86150","1":"product","2":"type-product","3":"status-publish","4":"has-post-thumbnail","6":"product_cat-rezalniki-in-sekljalniki-sadja-in-zelenjave","8":"first","9":"instock","10":"shipping-taxable","11":"purchasable","12":"product-type-simple"},"acf":[],"_links":{"self":[{"href":"https:\/\/go-st.vizia.si\/index.php?rest_route=\/wp\/v2\/product\/86150","targetHints":{"allow":["GET"]}}],"collection":[{"href":"https:\/\/go-st.vizia.si\/index.php?rest_route=\/wp\/v2\/product"}],"about":[{"href":"https:\/\/go-st.vizia.si\/index.php?rest_route=\/wp\/v2\/types\/product"}],"replies":[{"embeddable":true,"href":"https:\/\/go-st.vizia.si\/index.php?rest_route=%2Fwp%2Fv2%2Fcomments&post=86150"}],"wp:featuredmedia":[{"embeddable":true,"href":"https:\/\/go-st.vizia.si\/index.php?rest_route=\/wp\/v2\/media\/86181"}],"wp:attachment":[{"href":"https:\/\/go-st.vizia.si\/index.php?rest_route=%2Fwp%2Fv2%2Fmedia&parent=86150"}],"wp:term":[{"taxonomy":"product_brand","embeddable":true,"href":"https:\/\/go-st.vizia.si\/index.php?rest_route=%2Fwp%2Fv2%2Fproduct_brand&post=86150"},{"taxonomy":"product_cat","embeddable":true,"href":"https:\/\/go-st.vizia.si\/index.php?rest_route=%2Fwp%2Fv2%2Fproduct_cat&post=86150"},{"taxonomy":"product_tag","embeddable":true,"href":"https:\/\/go-st.vizia.si\/index.php?rest_route=%2Fwp%2Fv2%2Fproduct_tag&post=86150"}],"curies":[{"name":"wp","href":"https:\/\/api.w.org\/{rel}","templated":true}]}}