{"id":86155,"date":"2026-01-29T18:16:13","date_gmt":"2026-01-29T18:16:13","guid":{"rendered":"https:\/\/go-st.vizia.si\/?post_type=product&#038;p=86155"},"modified":"2026-02-12T09:42:53","modified_gmt":"2026-02-12T09:42:53","slug":"aparat-za-gnetenje-testa-25-cns","status":"publish","type":"product","link":"https:\/\/go-st.vizia.si\/?product=aparat-za-gnetenje-testa-25-cns","title":{"rendered":"Aparat za gnetenje testa 25\/CNS"},"content":{"rendered":"<p><span>Univerzalni <\/span><strong>me\u0161alniki testa MAYWAY<\/strong><span>so nepogre\u0161ljivi pomo\u010dniki v picerijah, pekarnah, restavracijah ali menzah, idealni za temeljito me\u0161anje in gnetenje testa za pice, kruh, testenine, cmoke ali druge \u017eivilske izdelke.<\/span><\/p>\n<h3 class=\"desc-headings\">Poudarki<\/h3>\n<ul>\n<li>Masivno kovinsko ohi\u0161je, prevle\u010deno s praskam odpornim lakom<\/li>\n<li>Posoda, spirala in gnetilka iz nerjave\u010dega jekla<\/li>\n<li>Mo\u010dan motor me\u0161alnika<\/li>\n<li>Primeren za razli\u010dne vrste testa<\/li>\n<li>Pokrov za za\u0161\u010dito pred brizganjem z odprtino za polnjenje in varnostnim mikro stikalom<\/li>\n<li>Odklopni me\u0161alnik<\/li>\n<li>Odstranljiva posoda za me\u0161anje z varnostnim senzorjem<\/li>\n<li>Enostavno \u010di\u0161\u010denje<\/li>\n<\/ul>\n<h3 class=\"desc-headings\">Tehni\u010dne informacije<\/h3>\n<ul>\n<li>Kapaciteta: 25 kg \/ 32 l.<\/li>\n<li>Ura produktivnost: pribli\u017eno 75 kg<\/li>\n<li>Hitrost me\u0161anja: 90 vrtljajev na minuto<\/li>\n<li>Priklju\u010dek: 400 V \/ 1100 W<\/li>\n<li>Te\u017ea: 107 kg<\/li>\n<li>Dimenzije: 43 x 78 x 71 cm (\u0160xGxV)<\/li>\n<\/ul>\n","protected":false},"excerpt":{"rendered":"<p>Zmogljivost: 25 kg \/ 32 l.<br \/>Ura: pribli\u017eno 75 kg<br \/>Hitrost me\u0161anja: 90 rpm<br \/>Priklju\u010dek: 400 V \/ 1100 W<br \/>Te\u017ea: 107 kg<br \/>Dimenzije: 43 x 78 x 71 cm (\u0160xGxV)<\/p>\n","protected":false},"featured_media":86186,"comment_status":"open","ping_status":"closed","template":"","meta":{"_acf_changed":false},"product_brand":[167],"product_cat":[69],"product_tag":[],"class_list":{"0":"post-86155","1":"product","2":"type-product","3":"status-publish","4":"has-post-thumbnail","6":"product_brand-fimar","7":"product_cat-mesalci-za-testo","9":"first","10":"instock","11":"shipping-taxable","12":"purchasable","13":"product-type-simple"},"acf":[],"_links":{"self":[{"href":"https:\/\/go-st.vizia.si\/index.php?rest_route=\/wp\/v2\/product\/86155","targetHints":{"allow":["GET"]}}],"collection":[{"href":"https:\/\/go-st.vizia.si\/index.php?rest_route=\/wp\/v2\/product"}],"about":[{"href":"https:\/\/go-st.vizia.si\/index.php?rest_route=\/wp\/v2\/types\/product"}],"replies":[{"embeddable":true,"href":"https:\/\/go-st.vizia.si\/index.php?rest_route=%2Fwp%2Fv2%2Fcomments&post=86155"}],"wp:featuredmedia":[{"embeddable":true,"href":"https:\/\/go-st.vizia.si\/index.php?rest_route=\/wp\/v2\/media\/86186"}],"wp:attachment":[{"href":"https:\/\/go-st.vizia.si\/index.php?rest_route=%2Fwp%2Fv2%2Fmedia&parent=86155"}],"wp:term":[{"taxonomy":"product_brand","embeddable":true,"href":"https:\/\/go-st.vizia.si\/index.php?rest_route=%2Fwp%2Fv2%2Fproduct_brand&post=86155"},{"taxonomy":"product_cat","embeddable":true,"href":"https:\/\/go-st.vizia.si\/index.php?rest_route=%2Fwp%2Fv2%2Fproduct_cat&post=86155"},{"taxonomy":"product_tag","embeddable":true,"href":"https:\/\/go-st.vizia.si\/index.php?rest_route=%2Fwp%2Fv2%2Fproduct_tag&post=86155"}],"curies":[{"name":"wp","href":"https:\/\/api.w.org\/{rel}","templated":true}]}}