{"id":86166,"date":"2026-01-29T18:16:13","date_gmt":"2026-01-29T18:16:13","guid":{"rendered":"https:\/\/go-st.vizia.si\/?post_type=product&#038;p=86166"},"modified":"2026-02-12T09:43:08","modified_gmt":"2026-02-12T09:43:08","slug":"aparat-za-izdelavo-testenin-mpf-15","status":"publish","type":"product","link":"https:\/\/go-st.vizia.si\/?product=aparat-za-izdelavo-testenin-mpf-15","title":{"rendered":"APARAT ZA IZDELAVO TESTENIN MPF 1,5"},"content":{"rendered":"<p>Navdu\u0161ite in razvajajte svoje goste s sve\u017eimi, ro\u010dno izdelanimi testeninami, kakr\u0161ne sicer poznamo le iz Italije. S stroji za izdelavo testenin MAYWAY za gostinske obrate in velike kuhinje lahko hitro in enostavno pripravite svoje doma\u010de testenine. S \u0161tevilnimi rezili za testenine lahko hitro in enostavno izdelate razli\u010dne vrste testenin. Od caserecce do maccheroni, spaghetti & Co \u2013 z MAYWAY stroj\u010dki za testenine va\u0161i domi\u0161ljiji ni meja.<\/p>\n<h3 class=\"desc-headings\">Poudarki<\/h3>\n<ul>\n<li>Enostavno upravljanje<\/li>\n<li>Ura proizvodnja 5 kg<\/li>\n<li>Posoda in gnetilni kavlji iz nerjave\u010dega jekla<\/li>\n<li>Struktura prevle\u010dena s praskam odporno barvo<\/li>\n<li>Spirala iz medenine\/bronaste zlitine<\/li>\n<li>Mikro stikalo na pokrovu posode<\/li>\n<li>Hitro \u010di\u0161\u010denje<\/li>\n<\/ul>\n<h3 class=\"desc-headings\">Informacije o izdelku<\/h3>\n<ul>\n<li>Kapaciteta: 1,5 kg<\/li>\n<li>Zmogljivost: 5 kg\/h<\/li>\n<li>brez rezil za testenine<\/li>\n<\/ul>\n<h3 class=\"desc-headings\">Tehni\u010dne informacije<\/h3>\n<ul>\n<li>Povezava: 230 V \/ 300 W<\/li>\n<li>Dimenzije: 25 x 48 x 29-46 cm (\u0160xGxV)<\/li>\n<li>Te\u017ea: 18 kg<\/li>\n<\/ul>\n","protected":false},"excerpt":{"rendered":"<p>Ura produktivnost 5 kg<br \/>Povezava: 230 V \/ 300 W<br \/>Dimenzije: 25 x 48 x 29-46 cm (\u0160xGxV)<br \/>Te\u017ea: 18 kg<\/p>\n","protected":false},"featured_media":86207,"comment_status":"open","ping_status":"closed","template":"","meta":{"_acf_changed":false},"product_brand":[167],"product_cat":[70],"product_tag":[],"class_list":{"0":"post-86166","1":"product","2":"type-product","3":"status-publish","4":"has-post-thumbnail","6":"product_brand-fimar","7":"product_cat-naprave-za-izdelavo-testenin","9":"first","10":"instock","11":"shipping-taxable","12":"purchasable","13":"product-type-simple"},"acf":[],"_links":{"self":[{"href":"https:\/\/go-st.vizia.si\/index.php?rest_route=\/wp\/v2\/product\/86166","targetHints":{"allow":["GET"]}}],"collection":[{"href":"https:\/\/go-st.vizia.si\/index.php?rest_route=\/wp\/v2\/product"}],"about":[{"href":"https:\/\/go-st.vizia.si\/index.php?rest_route=\/wp\/v2\/types\/product"}],"replies":[{"embeddable":true,"href":"https:\/\/go-st.vizia.si\/index.php?rest_route=%2Fwp%2Fv2%2Fcomments&post=86166"}],"wp:featuredmedia":[{"embeddable":true,"href":"https:\/\/go-st.vizia.si\/index.php?rest_route=\/wp\/v2\/media\/86207"}],"wp:attachment":[{"href":"https:\/\/go-st.vizia.si\/index.php?rest_route=%2Fwp%2Fv2%2Fmedia&parent=86166"}],"wp:term":[{"taxonomy":"product_brand","embeddable":true,"href":"https:\/\/go-st.vizia.si\/index.php?rest_route=%2Fwp%2Fv2%2Fproduct_brand&post=86166"},{"taxonomy":"product_cat","embeddable":true,"href":"https:\/\/go-st.vizia.si\/index.php?rest_route=%2Fwp%2Fv2%2Fproduct_cat&post=86166"},{"taxonomy":"product_tag","embeddable":true,"href":"https:\/\/go-st.vizia.si\/index.php?rest_route=%2Fwp%2Fv2%2Fproduct_tag&post=86166"}],"curies":[{"name":"wp","href":"https:\/\/api.w.org\/{rel}","templated":true}]}}