{"id":86169,"date":"2026-01-29T18:16:14","date_gmt":"2026-01-29T18:16:14","guid":{"rendered":"https:\/\/go-st.vizia.si\/?post_type=product&#038;p=86169"},"modified":"2026-02-12T09:49:29","modified_gmt":"2026-02-12T09:49:29","slug":"aparat-za-valjanje-testa-impasto-rocni","status":"publish","type":"product","link":"https:\/\/go-st.vizia.si\/?product=aparat-za-valjanje-testa-impasto-rocni","title":{"rendered":"Aparat za valjanje testa, IMPASTO, ro\u010dni"},"content":{"rendered":"<p>Z ro\u010dnim valjarjem za testo IMPASTO boste pripravili testo za pico, testenine in pi\u0161kote kot profesionalec! Zahvaljujo\u010d nastavljivemu razmiku valjev od 0 do 17,5 mm, ki ga je mogo\u010de prilagajati v majhnih korakih, lahko testo natan\u010dno in brez truda razvaljate na \u017eeleno debelino. Zanesljiv pomo\u010dnik za vsako pekarno!<\/p>\n<h3 class=\"desc-headings\">Poudarki<\/h3>\n<ul>\n<li>za valjanje razli\u010dnih vrst testa, npr.:<\/li>\n<li>pizza<\/li>\n<li>testenine<\/li>\n<li>pi\u0161koti<\/li>\n<li>Dimenzije valja: 30 x 3,2 cm (DxDM)<\/li>\n<\/ul>\n<h3 class=\"desc-headings\">Informacije o izdelku<\/h3>\n<ul>\n<li>Nastavljiv razmik valja:<\/li>\n<li>0\u20135 mm: v korakih po 1 mm<\/li>\n<li>5\u201317,5 mm: v korakih po 2,5 mm<\/li>\n<\/ul>\n","protected":false},"excerpt":{"rendered":"<p>Dimenzije: 49 x 83 x 20 cm (\u0160xGxV)<\/p>\n","protected":false},"featured_media":86210,"comment_status":"open","ping_status":"closed","template":"","meta":{"_acf_changed":false},"product_brand":[166],"product_cat":[70],"product_tag":[],"class_list":{"0":"post-86169","1":"product","2":"type-product","3":"status-publish","4":"has-post-thumbnail","6":"product_brand-mayway","7":"product_cat-naprave-za-izdelavo-testenin","9":"first","10":"instock","11":"shipping-taxable","12":"purchasable","13":"product-type-simple"},"acf":[],"_links":{"self":[{"href":"https:\/\/go-st.vizia.si\/index.php?rest_route=\/wp\/v2\/product\/86169","targetHints":{"allow":["GET"]}}],"collection":[{"href":"https:\/\/go-st.vizia.si\/index.php?rest_route=\/wp\/v2\/product"}],"about":[{"href":"https:\/\/go-st.vizia.si\/index.php?rest_route=\/wp\/v2\/types\/product"}],"replies":[{"embeddable":true,"href":"https:\/\/go-st.vizia.si\/index.php?rest_route=%2Fwp%2Fv2%2Fcomments&post=86169"}],"wp:featuredmedia":[{"embeddable":true,"href":"https:\/\/go-st.vizia.si\/index.php?rest_route=\/wp\/v2\/media\/86210"}],"wp:attachment":[{"href":"https:\/\/go-st.vizia.si\/index.php?rest_route=%2Fwp%2Fv2%2Fmedia&parent=86169"}],"wp:term":[{"taxonomy":"product_brand","embeddable":true,"href":"https:\/\/go-st.vizia.si\/index.php?rest_route=%2Fwp%2Fv2%2Fproduct_brand&post=86169"},{"taxonomy":"product_cat","embeddable":true,"href":"https:\/\/go-st.vizia.si\/index.php?rest_route=%2Fwp%2Fv2%2Fproduct_cat&post=86169"},{"taxonomy":"product_tag","embeddable":true,"href":"https:\/\/go-st.vizia.si\/index.php?rest_route=%2Fwp%2Fv2%2Fproduct_tag&post=86169"}],"curies":[{"name":"wp","href":"https:\/\/api.w.org\/{rel}","templated":true}]}}