{"id":86211,"date":"2026-01-29T18:16:23","date_gmt":"2026-01-29T18:16:23","guid":{"rendered":"https:\/\/go-st.vizia.si\/?post_type=product&#038;p=86211"},"modified":"2026-02-12T09:46:32","modified_gmt":"2026-02-12T09:46:32","slug":"aparat-za-testenine-mpf-25n","status":"publish","type":"product","link":"https:\/\/go-st.vizia.si\/?product=aparat-za-testenine-mpf-25n","title":{"rendered":"Aparat za testenine, MPF 2,5N"},"content":{"rendered":"<p><span>Navdu\u0161ite in razvajajte svoje goste s sve\u017eimi, ro\u010dno izdelanimi testeninami, kakr\u0161ne sicer poznamo le iz Italije. S stroji za izdelavo testenin MAYWAY za gostinske obrate in velike kuhinje lahko hitro in enostavno pripravite svoje doma\u010de testenine. S \u0161tevilnimi rezili za testenine lahko hitro in enostavno izdelate razli\u010dne vrste testenin. Od caserecce do maccheroni, spaghetti & Co \u2013 z MAYWAY stroji za izdelavo testenin so va\u0161e mo\u017enosti neomejene.<\/p>\n<h3 class=\"desc-headings\">Poudarki<\/h3>\n<ul>\n<li>Enostavno upravljanje<\/li>\n<li>Urna zmogljivost 8 kg<\/li>\n<li>Posoda in gnetilni kavlji iz nerjave\u010dega jekla<\/li>\n<li>Struktura prevle\u010dena s praskam odpornim lakom<\/li>\n<li>Spirala iz medenine\/bronaste zlitine<\/li>\n<li>Mikro stikalo na pokrovu posode<\/li>\n<li>Hitro \u010di\u0161\u010denje<\/li>\n<\/ul>\n<h3 class=\"desc-headings\">Informacije o izdelku<\/h3>\n<ul>\n<li>Kapaciteta: 2,5 kg<\/li>\n<li>Zmogljivost: 8 kg\/h<\/li>\n<li>brez rezil za testenine<\/li>\n<\/ul>\n<h3 class=\"desc-headings\">Tehni\u010dne informacije<\/h3>\n<ul>\n<li>Povezovalna mo\u010d: 230 V \/ 370 W<\/li>\n<li>Dimenzije: 26 x 60 x 38-56 cm (\u0160xGxV)<\/li>\n<li>Te\u017ea: 30 kg<\/li>\n<\/ul>\n","protected":false},"excerpt":{"rendered":"<p>Ura delovanja 8 kg<br \/>Povezava: 230 V \/ 370 W<br \/>Dimenzije: 26 x 60 x 38-56 cm (\u0160xGxV)<br \/>Te\u017ea: 30 kg<\/p>\n","protected":false},"featured_media":86243,"comment_status":"open","ping_status":"closed","template":"","meta":{"_acf_changed":false},"product_brand":[167],"product_cat":[70],"product_tag":[],"class_list":{"0":"post-86211","1":"product","2":"type-product","3":"status-publish","4":"has-post-thumbnail","6":"product_brand-fimar","7":"product_cat-naprave-za-izdelavo-testenin","9":"first","10":"instock","11":"shipping-taxable","12":"purchasable","13":"product-type-simple"},"acf":[],"_links":{"self":[{"href":"https:\/\/go-st.vizia.si\/index.php?rest_route=\/wp\/v2\/product\/86211","targetHints":{"allow":["GET"]}}],"collection":[{"href":"https:\/\/go-st.vizia.si\/index.php?rest_route=\/wp\/v2\/product"}],"about":[{"href":"https:\/\/go-st.vizia.si\/index.php?rest_route=\/wp\/v2\/types\/product"}],"replies":[{"embeddable":true,"href":"https:\/\/go-st.vizia.si\/index.php?rest_route=%2Fwp%2Fv2%2Fcomments&post=86211"}],"wp:featuredmedia":[{"embeddable":true,"href":"https:\/\/go-st.vizia.si\/index.php?rest_route=\/wp\/v2\/media\/86243"}],"wp:attachment":[{"href":"https:\/\/go-st.vizia.si\/index.php?rest_route=%2Fwp%2Fv2%2Fmedia&parent=86211"}],"wp:term":[{"taxonomy":"product_brand","embeddable":true,"href":"https:\/\/go-st.vizia.si\/index.php?rest_route=%2Fwp%2Fv2%2Fproduct_brand&post=86211"},{"taxonomy":"product_cat","embeddable":true,"href":"https:\/\/go-st.vizia.si\/index.php?rest_route=%2Fwp%2Fv2%2Fproduct_cat&post=86211"},{"taxonomy":"product_tag","embeddable":true,"href":"https:\/\/go-st.vizia.si\/index.php?rest_route=%2Fwp%2Fv2%2Fproduct_tag&post=86211"}],"curies":[{"name":"wp","href":"https:\/\/api.w.org\/{rel}","templated":true}]}}