{"id":86216,"date":"2026-01-29T18:16:24","date_gmt":"2026-01-29T18:16:24","guid":{"rendered":"https:\/\/go-st.vizia.si\/?post_type=product&#038;p=86216"},"modified":"2026-02-12T09:43:09","modified_gmt":"2026-02-12T09:43:09","slug":"aparat-za-testenine-pf-25en-230-v","status":"publish","type":"product","link":"https:\/\/go-st.vizia.si\/?product=aparat-za-testenine-pf-25en-230-v","title":{"rendered":"Aparat za testenine, PF 25EN, 230 V"},"content":{"rendered":"<p><span>Navdu\u0161ite in razvajajte svoje goste s sve\u017eimi, ro\u010dno izdelanimi testeninami, kakr\u0161ne sicer poznamo le iz Italije. S stroji za izdelavo testenin MAYWAY za gostinske obrate in velike kuhinje lahko hitro in enostavno pripravite svoje doma\u010de testenine. S \u0161tevilnimi rezili za testenine lahko hitro in enostavno izdelate razli\u010dne vrste testenin. Od caserecce do maccheroni, spaghetti & Co \u2013 z MAYWAY stroji za izdelavo testenin so va\u0161e mo\u017enosti neomejene.<\/p>\n<h3 class=\"desc-headings\">Poudarki<\/h3>\n<ul>\n<li>Enostavna uporaba<\/li>\n<li>Ura zmogljivost 8 kg<\/li>\n<li>Ohi\u0161je, posoda, nosilec posode, gnetilni kavlji in spirala iz nerjave\u010dega jekla<\/li>\n<li>Posoda je primerna za pomivanje v pomivalnem stroju<\/li>\n<li>Re\u0161etka za dodajanje dodatnih sestavin med obdelavo<\/li>\n<li><span>Gnetenje in iztiskanje posameznih vrst testenin z enim samim aparatom<\/span><\/li>\n<li>Digitalni nadzorni panel<\/li>\n<li>Hlajenje z vodo<\/li>\n<\/ul>\n<h3 class=\"desc-headings\">Informacije o izdelku<\/h3>\n<ul>\n<li>Ura produktivnost: 8 kg<\/li>\n<li>Kapaciteta: 2 kg<\/li>\n<li>Brez rezil za testenine<\/li>\n<li>Rezilo za rezanje testenin je na voljo kot dodatna oprema<\/li>\n<\/ul>\n<h3 class=\"desc-headings\">Tehni\u010dne informacije<\/h3>\n<ul>\n<li>Povezava: 230 V \/ 370 W<\/li>\n<li>Dimenzije: 30 x 55 x 42,5\/54 cm (\u0160xGxV)<\/li>\n<li>Te\u017ea: 26,5 kg<\/li>\n<\/ul>\n","protected":false},"excerpt":{"rendered":"<p>Ura: 8 kg<br \/>Povezava: 230 V \/ 370 W<br \/>Dimenzije: 30 x 55 x 42,5\/54 cm (\u0160xGxV)<br \/>Te\u017ea: 26,5 kg<\/p>\n","protected":false},"featured_media":86246,"comment_status":"open","ping_status":"closed","template":"","meta":{"_acf_changed":false},"product_brand":[167],"product_cat":[70],"product_tag":[],"class_list":{"0":"post-86216","1":"product","2":"type-product","3":"status-publish","4":"has-post-thumbnail","6":"product_brand-fimar","7":"product_cat-naprave-za-izdelavo-testenin","9":"first","10":"instock","11":"shipping-taxable","12":"purchasable","13":"product-type-simple"},"acf":[],"_links":{"self":[{"href":"https:\/\/go-st.vizia.si\/index.php?rest_route=\/wp\/v2\/product\/86216","targetHints":{"allow":["GET"]}}],"collection":[{"href":"https:\/\/go-st.vizia.si\/index.php?rest_route=\/wp\/v2\/product"}],"about":[{"href":"https:\/\/go-st.vizia.si\/index.php?rest_route=\/wp\/v2\/types\/product"}],"replies":[{"embeddable":true,"href":"https:\/\/go-st.vizia.si\/index.php?rest_route=%2Fwp%2Fv2%2Fcomments&post=86216"}],"wp:featuredmedia":[{"embeddable":true,"href":"https:\/\/go-st.vizia.si\/index.php?rest_route=\/wp\/v2\/media\/86246"}],"wp:attachment":[{"href":"https:\/\/go-st.vizia.si\/index.php?rest_route=%2Fwp%2Fv2%2Fmedia&parent=86216"}],"wp:term":[{"taxonomy":"product_brand","embeddable":true,"href":"https:\/\/go-st.vizia.si\/index.php?rest_route=%2Fwp%2Fv2%2Fproduct_brand&post=86216"},{"taxonomy":"product_cat","embeddable":true,"href":"https:\/\/go-st.vizia.si\/index.php?rest_route=%2Fwp%2Fv2%2Fproduct_cat&post=86216"},{"taxonomy":"product_tag","embeddable":true,"href":"https:\/\/go-st.vizia.si\/index.php?rest_route=%2Fwp%2Fv2%2Fproduct_tag&post=86216"}],"curies":[{"name":"wp","href":"https:\/\/api.w.org\/{rel}","templated":true}]}}