{"id":86221,"date":"2026-01-29T18:16:24","date_gmt":"2026-01-29T18:16:24","guid":{"rendered":"https:\/\/go-st.vizia.si\/?post_type=product&#038;p=86221"},"modified":"2026-02-12T09:42:53","modified_gmt":"2026-02-12T09:42:53","slug":"aparat-za-pico-fi-42n0","status":"publish","type":"product","link":"https:\/\/go-st.vizia.si\/?product=aparat-za-pico-fi-42n0","title":{"rendered":"Aparat za pico, FI\/42N0"},"content":{"rendered":"<p><span><\/span><strong>Pizzaformer, FI\/42N od MAYWAY<\/strong><span> je idealen za valjanje testa za <\/span><strong>pico, kruh, piado, focaccio<\/strong><span> itd. Vgrajeni obra\u010dalnik omogo\u010da pribli\u017eno 90\u00b0 zasuk testa, tako da se razvalja v <\/span><strong>2 smeri<\/strong><span>. Ta stroj za razvaljanje testa va\u0161emu testu daje enakomerno in popolno obliko.<\/span><\/p>\n<h3 class=\"desc-headings\">Poudarki<\/h3>\n<ul>\n<li>Evropski blagovni izdelek \u2013 proizveden v Italiji<\/li>\n<li>Ohi\u0161je iz visokokakovostnega nerjave\u010dega jekla AISI 304<\/li>\n<li>Razvalja testo za pice do maksimalne \u0161irine 42 cm<\/li>\n<li>Debelina testa nastavljiva med 0,3 mm in 5,5 mm<\/li>\n<li>Enakomerno valjanje z dvojnimi valji<\/li>\n<li>Valji iz polietilena, primernega za stik z \u017eivili<\/li>\n<li>Varno delovanje z varnostnim stikalom na pokrovu za za\u0161\u010dito valjev<\/li>\n<li>Enostavno upravljanje in \u010di\u0161\u010denje<\/li>\n<\/ul>\n<h3 class=\"desc-headings\">Informacije o izdelku<\/h3>\n<ul>\n<li>Dol\u017eina valja: 42 cm<\/li>\n<li>Najve\u010dja \u0161irina testa:  42 cm<\/li>\n<li>Nastavljiva debelina testa: 0,3 \u2013 5,5 mm<\/li>\n<li>Valj na vrhu nagnjen<\/li>\n<\/ul>\n<h3 class=\"desc-headings\">Tehni\u010dne informacije<\/h3>\n<ul>\n<li>Povezava: 230 V \/ 370 W<\/li>\n<li>Dimenzije: 59 x 54 x 77,5 cm (\u0160xGxV)<\/li>\n<li>Te\u017ea: 44 kg<\/li>\n<\/ul>\n","protected":false},"excerpt":{"rendered":"<p>Za pice z maksimalnim premerom 42 cm<br \/> Priklju\u010dna mo\u010d: 230 V \/ 370 W<br \/> Dimenzije: 59 x 54 x 77,5 cm (\u0160xGxV)<br \/> Te\u017ea: 44 kg<\/p>\n","protected":false},"featured_media":86256,"comment_status":"open","ping_status":"closed","template":"","meta":{"_acf_changed":false},"product_brand":[],"product_cat":[71],"product_tag":[],"class_list":{"0":"post-86221","1":"product","2":"type-product","3":"status-publish","4":"has-post-thumbnail","6":"product_cat-oblikovalci-pizz","8":"first","9":"instock","10":"shipping-taxable","11":"purchasable","12":"product-type-simple"},"acf":[],"_links":{"self":[{"href":"https:\/\/go-st.vizia.si\/index.php?rest_route=\/wp\/v2\/product\/86221","targetHints":{"allow":["GET"]}}],"collection":[{"href":"https:\/\/go-st.vizia.si\/index.php?rest_route=\/wp\/v2\/product"}],"about":[{"href":"https:\/\/go-st.vizia.si\/index.php?rest_route=\/wp\/v2\/types\/product"}],"replies":[{"embeddable":true,"href":"https:\/\/go-st.vizia.si\/index.php?rest_route=%2Fwp%2Fv2%2Fcomments&post=86221"}],"wp:featuredmedia":[{"embeddable":true,"href":"https:\/\/go-st.vizia.si\/index.php?rest_route=\/wp\/v2\/media\/86256"}],"wp:attachment":[{"href":"https:\/\/go-st.vizia.si\/index.php?rest_route=%2Fwp%2Fv2%2Fmedia&parent=86221"}],"wp:term":[{"taxonomy":"product_brand","embeddable":true,"href":"https:\/\/go-st.vizia.si\/index.php?rest_route=%2Fwp%2Fv2%2Fproduct_brand&post=86221"},{"taxonomy":"product_cat","embeddable":true,"href":"https:\/\/go-st.vizia.si\/index.php?rest_route=%2Fwp%2Fv2%2Fproduct_cat&post=86221"},{"taxonomy":"product_tag","embeddable":true,"href":"https:\/\/go-st.vizia.si\/index.php?rest_route=%2Fwp%2Fv2%2Fproduct_tag&post=86221"}],"curies":[{"name":"wp","href":"https:\/\/api.w.org\/{rel}","templated":true}]}}