{"id":86227,"date":"2026-01-29T18:16:24","date_gmt":"2026-01-29T18:16:24","guid":{"rendered":"https:\/\/go-st.vizia.si\/?post_type=product&#038;p=86227"},"modified":"2026-02-12T09:49:17","modified_gmt":"2026-02-12T09:49:17","slug":"mesalni-stroj-mixer-7","status":"publish","type":"product","link":"https:\/\/go-st.vizia.si\/?product=mesalni-stroj-mixer-7","title":{"rendered":"ME\u0160ALNI STROJ, MIXER-7"},"content":{"rendered":"<p>Majhen pomo\u010dnik z velikimi zmogljivostmi, <strong>me\u0161alnik MAYWAY, MIXER-7<\/strong> je idealen za gostinske obrate, sla\u0161\u010di\u010darne, pekarne ali strastne ljubiteljske kuharje.<br \/><a href=\"https:\/\/www.youtube.com\/watch?v=Y6atnRDRbHU\" target=\"_blank\"><strong><span style=\"font-size: large; color: #99cc00;\">Oglejte si video o izdelku<\/span><\/strong><\/a><\/p>\n<h3 class=\"desc-headings\">Poudarki<\/h3>\n<ul>\n<li>Masivno kovinsko ohi\u0161je<\/li>\n<li>Mo\u010dan motor me\u0161alnika<\/li>\n<li>Protizdrsne noge<\/li>\n<li>Pokrov proti brizganju z odprtino za polnjenje<\/li>\n<li>Naklonljiva glava motorja<\/li>\n<li>Planetarni me\u0161alnik<\/li>\n<li>Stopenjska regulacija hitrosti<\/li>\n<li>Odstranljiva posoda za me\u0161anje z ro\u010dajem<\/li>\n<\/ul>\n<h3 class=\"desc-headings\">Tehni\u010dne informacije<\/h3>\n<ul>\n<li>Prostornina posode: 7 l<\/li>\n<li>Zmogljivost testa: do 1,5 kg<\/li>\n<li>Hitrosti me\u0161anja: 0 \u2013 1000 vrt.\/min<\/li>\n<li>Priklju\u010dek: 230 V \/ 550 W<\/li>\n<li>Te\u017ea: 21 kg<\/li>\n<li>Dimenzije: 22 x 41 x 41 cm (\u0160xGxV)<\/li>\n<\/ul>\n<h3 class=\"desc-headings\">Prilo\u017eena oprema<\/h3>\n<ul>\n<li>Posoda za me\u0161anje iz nerjave\u010dega jekla<\/li>\n<li>Me\u0161alna vilica<\/li>\n<li>Metlica<\/li>\n<li>Gnetilna vilica<\/li>\n<\/ul>\n","protected":false},"excerpt":{"rendered":"<p>Prostornina posode: 7 l.<br \/>Zmogljivost testa: do 1,5 kg<br \/>Hitrosti me\u0161anja: 0 \u2013 1000 rpm<br \/>Priklju\u010dek: 230 V \/ 550 W<br \/>Te\u017ea: 21 kg<br \/>Dimenzije: 22 x 41 x 41 cm (\u0160xGxV)<\/p>\n","protected":false},"featured_media":86266,"comment_status":"open","ping_status":"closed","template":"","meta":{"_acf_changed":false},"product_brand":[166],"product_cat":[72],"product_tag":[],"class_list":{"0":"post-86227","1":"product","2":"type-product","3":"status-publish","4":"has-post-thumbnail","6":"product_brand-mayway","7":"product_cat-planetarni-mesalci","9":"first","10":"instock","11":"shipping-taxable","12":"purchasable","13":"product-type-simple"},"acf":[],"_links":{"self":[{"href":"https:\/\/go-st.vizia.si\/index.php?rest_route=\/wp\/v2\/product\/86227","targetHints":{"allow":["GET"]}}],"collection":[{"href":"https:\/\/go-st.vizia.si\/index.php?rest_route=\/wp\/v2\/product"}],"about":[{"href":"https:\/\/go-st.vizia.si\/index.php?rest_route=\/wp\/v2\/types\/product"}],"replies":[{"embeddable":true,"href":"https:\/\/go-st.vizia.si\/index.php?rest_route=%2Fwp%2Fv2%2Fcomments&post=86227"}],"wp:featuredmedia":[{"embeddable":true,"href":"https:\/\/go-st.vizia.si\/index.php?rest_route=\/wp\/v2\/media\/86266"}],"wp:attachment":[{"href":"https:\/\/go-st.vizia.si\/index.php?rest_route=%2Fwp%2Fv2%2Fmedia&parent=86227"}],"wp:term":[{"taxonomy":"product_brand","embeddable":true,"href":"https:\/\/go-st.vizia.si\/index.php?rest_route=%2Fwp%2Fv2%2Fproduct_brand&post=86227"},{"taxonomy":"product_cat","embeddable":true,"href":"https:\/\/go-st.vizia.si\/index.php?rest_route=%2Fwp%2Fv2%2Fproduct_cat&post=86227"},{"taxonomy":"product_tag","embeddable":true,"href":"https:\/\/go-st.vizia.si\/index.php?rest_route=%2Fwp%2Fv2%2Fproduct_tag&post=86227"}],"curies":[{"name":"wp","href":"https:\/\/api.w.org\/{rel}","templated":true}]}}