{"id":86229,"date":"2026-01-29T18:16:24","date_gmt":"2026-01-29T18:16:24","guid":{"rendered":"https:\/\/go-st.vizia.si\/?post_type=product&#038;p=86229"},"modified":"2026-02-12T09:49:28","modified_gmt":"2026-02-12T09:49:28","slug":"planetarni-mesalec-m-200","status":"publish","type":"product","link":"https:\/\/go-st.vizia.si\/?product=planetarni-mesalec-m-200","title":{"rendered":"PLANETARNI ME\u0160ALEC, M-200"},"content":{"rendered":"<p><span>Univerzalni <\/span><strong>planetni me\u0161alniki MAYWAY<\/strong><span> so nepogre\u0161ljivi pomo\u010dniki v picerijah, pekarnah, restavracijah ali menzah, idealni za temeljito me\u0161anje in gnetenje testa za pice, kruh, testenine, cmoke ali druge \u017eivilske izdelke.\u00a0<\/span>Odlikujejo jih <\/span><strong>prilagodljive funkcije in visokokakovostne komponente<\/strong><span>.<\/span><\/p>\n<h3 class=\"desc-headings\">Poudarki<\/h3>\n<ul>\n<li>Masivno kovinsko ohi\u0161je<\/li>\n<li>Za\u0161\u010ditna re\u0161etka<\/li>\n<li>Odstranljiva posoda za me\u0161anje iz nerjave\u010dega jekla<\/li>\n<li>Kapaciteta (suha moka): do 6 kg<\/li>\n<li>Prostornina kotla: 20 l<\/li>\n<\/ul>\n<h3 class=\"desc-headings\">Tehni\u010dne informacije<\/h3>\n<ul>\n<li>3 hitrosti: 125-225-404 vrt.\/min.\n<li>Priklju\u010dek: 380 V \/ 0,75 KW\n<li>Dimenzije: 41,5 x 53 x 75 cm (\u0160xGxV)\n<\/ul>\n","protected":false},"excerpt":{"rendered":"<p>Prostornina posode: 20 l,<br \/>priklju\u010dek: 380 V \/ 0,75 KW<br \/>dimenzije: 41,5 x 53 x 75 cm (\u0160xGxV)<\/p>\n","protected":false},"featured_media":86268,"comment_status":"open","ping_status":"closed","template":"","meta":{"_acf_changed":false},"product_brand":[166],"product_cat":[72],"product_tag":[],"class_list":{"0":"post-86229","1":"product","2":"type-product","3":"status-publish","4":"has-post-thumbnail","6":"product_brand-mayway","7":"product_cat-planetarni-mesalci","9":"first","10":"instock","11":"shipping-taxable","12":"purchasable","13":"product-type-simple"},"acf":[],"_links":{"self":[{"href":"https:\/\/go-st.vizia.si\/index.php?rest_route=\/wp\/v2\/product\/86229","targetHints":{"allow":["GET"]}}],"collection":[{"href":"https:\/\/go-st.vizia.si\/index.php?rest_route=\/wp\/v2\/product"}],"about":[{"href":"https:\/\/go-st.vizia.si\/index.php?rest_route=\/wp\/v2\/types\/product"}],"replies":[{"embeddable":true,"href":"https:\/\/go-st.vizia.si\/index.php?rest_route=%2Fwp%2Fv2%2Fcomments&post=86229"}],"wp:featuredmedia":[{"embeddable":true,"href":"https:\/\/go-st.vizia.si\/index.php?rest_route=\/wp\/v2\/media\/86268"}],"wp:attachment":[{"href":"https:\/\/go-st.vizia.si\/index.php?rest_route=%2Fwp%2Fv2%2Fmedia&parent=86229"}],"wp:term":[{"taxonomy":"product_brand","embeddable":true,"href":"https:\/\/go-st.vizia.si\/index.php?rest_route=%2Fwp%2Fv2%2Fproduct_brand&post=86229"},{"taxonomy":"product_cat","embeddable":true,"href":"https:\/\/go-st.vizia.si\/index.php?rest_route=%2Fwp%2Fv2%2Fproduct_cat&post=86229"},{"taxonomy":"product_tag","embeddable":true,"href":"https:\/\/go-st.vizia.si\/index.php?rest_route=%2Fwp%2Fv2%2Fproduct_tag&post=86229"}],"curies":[{"name":"wp","href":"https:\/\/api.w.org\/{rel}","templated":true}]}}