{"id":86231,"date":"2026-01-29T18:16:24","date_gmt":"2026-01-29T18:16:24","guid":{"rendered":"https:\/\/go-st.vizia.si\/?post_type=product&#038;p=86231"},"modified":"2026-02-12T09:46:34","modified_gmt":"2026-02-12T09:46:34","slug":"planetarni-mesalnik-mx20b","status":"publish","type":"product","link":"https:\/\/go-st.vizia.si\/?product=planetarni-mesalnik-mx20b","title":{"rendered":"Planetarni me\u0161alnik, MX20B"},"content":{"rendered":"<p><span>Univerzalni <\/span><strong>planetni me\u0161alniki serije MX podjetja MAYWAY<\/strong><span>so nepogre\u0161ljivi pomo\u010dniki v picerijah, pekarnah, restavracijah ali menzah, idealni za temeljito me\u0161anje in gnetenje testa za pice, kruh, testenine, cmoke ali druge \u017eivilske izdelke.\u00a0<\/span><strong>Popolni za manj\u0161a do srednje velika podjetja<\/strong><span>, prepri\u010dajo s <\/span><strong>prilagodljivimi funkcijami in visokokakovostnimi komponentami<\/strong><span> ter ro\u010dnim in brezstopenjskim nastavljanjem hitrosti.<\/span><\/p>\n<h3 class=\"desc-headings\">Poudarki<\/h3>\n<ul>\n<li>Masivno kovinsko ohi\u0161je, prevle\u010deno s praskam odpornim lakom<\/li>\n<li>Tiho in zmogljivo me\u0161alno gredno motorje<\/li>\n<li>Stopenjsko nastavljiva hitrost<\/li>\n<li>Protizdrsne noge<\/li>\n<li>Pokrov proti brizganju z odprtino za polnjenje in varnostnim mikro stikalom<\/li>\n<li>Planetni me\u0161alnik<\/li>\n<li>Fina \u017ei\u010dna metlica<\/li>\n<li>\u010casovno krmiljenje z ro\u010dnim vklopom\/izklopom ali \u010dasovnikom<\/li>\n<li>Odstranljiva posoda za me\u0161anje z varnostnim mikro stikalom<\/li>\n<li>Zamenjava orodja brez odstranjevanja posode<\/li>\n<\/ul>\n<h3 class=\"desc-headings\">Tehni\u010dne informacije<\/h3>\n<ul>\n<li>Prostornina kotla: 20 l.\n<li>Hitrosti me\u0161anja: 30 do 120 vrt\/min.\n<li>\u010casovnik: 0\u201330 minut<\/li>\n<li>Priklju\u010dek: 230 V \/ 550 W<\/li>\n<li>Te\u017ea: 56 kg<\/li>\n<li>Dimenzije: 47 x 60 x 71,1 cm (\u0160xGxV)<\/li>\n<\/ul>\n<h3 class=\"desc-headings\">Prilo\u017eena oprema<\/h3>\n<ul>\n<li>Posoda za me\u0161anje iz nerjave\u010dega jekla<\/li>\n<li>Fina \u017eica za stepanje<\/li>\n<li>Aluminijasti kavlji za me\u0161anje<\/li>\n<li>Aluminijasti kavlji za gnetenje<\/li>\n<\/ul>\n","protected":false},"excerpt":{"rendered":"<p>Prostornina posode: 20 l.<br \/>Hitrosti me\u0161anja: 30 do 120 vrt.\/min.<br \/>Priklju\u010dek: 230 V \/ 550 W<br \/>Te\u017ea: 56 kg<br \/>Dimenzije: 47 x 60 x 71,1 cm (\u0160xGxV)<\/p>\n","protected":false},"featured_media":86270,"comment_status":"open","ping_status":"closed","template":"","meta":{"_acf_changed":false},"product_brand":[1443],"product_cat":[72],"product_tag":[],"class_list":{"0":"post-86231","1":"product","2":"type-product","3":"status-publish","4":"has-post-thumbnail","6":"product_brand-mecnosud","7":"product_cat-planetarni-mesalci","9":"first","10":"instock","11":"shipping-taxable","12":"purchasable","13":"product-type-simple"},"acf":[],"_links":{"self":[{"href":"https:\/\/go-st.vizia.si\/index.php?rest_route=\/wp\/v2\/product\/86231","targetHints":{"allow":["GET"]}}],"collection":[{"href":"https:\/\/go-st.vizia.si\/index.php?rest_route=\/wp\/v2\/product"}],"about":[{"href":"https:\/\/go-st.vizia.si\/index.php?rest_route=\/wp\/v2\/types\/product"}],"replies":[{"embeddable":true,"href":"https:\/\/go-st.vizia.si\/index.php?rest_route=%2Fwp%2Fv2%2Fcomments&post=86231"}],"wp:featuredmedia":[{"embeddable":true,"href":"https:\/\/go-st.vizia.si\/index.php?rest_route=\/wp\/v2\/media\/86270"}],"wp:attachment":[{"href":"https:\/\/go-st.vizia.si\/index.php?rest_route=%2Fwp%2Fv2%2Fmedia&parent=86231"}],"wp:term":[{"taxonomy":"product_brand","embeddable":true,"href":"https:\/\/go-st.vizia.si\/index.php?rest_route=%2Fwp%2Fv2%2Fproduct_brand&post=86231"},{"taxonomy":"product_cat","embeddable":true,"href":"https:\/\/go-st.vizia.si\/index.php?rest_route=%2Fwp%2Fv2%2Fproduct_cat&post=86231"},{"taxonomy":"product_tag","embeddable":true,"href":"https:\/\/go-st.vizia.si\/index.php?rest_route=%2Fwp%2Fv2%2Fproduct_tag&post=86231"}],"curies":[{"name":"wp","href":"https:\/\/api.w.org\/{rel}","templated":true}]}}