{"id":86239,"date":"2026-01-29T18:16:24","date_gmt":"2026-01-29T18:16:24","guid":{"rendered":"https:\/\/go-st.vizia.si\/?post_type=product&#038;p=86239"},"modified":"2026-02-11T07:38:43","modified_gmt":"2026-02-11T07:38:43","slug":"noz-za-rezanje-zelenjav-e2","status":"publish","type":"product","link":"https:\/\/go-st.vizia.si\/?product=noz-za-rezanje-zelenjav-e2","title":{"rendered":"NO\u017d ZA REZANJE ZELENJAV E2"},"content":{"rendered":"<p>za rezanje rezin (krompirjev \u010dips, repa, kumare, gobe, \u010debula, korenje)<\/p>\n","protected":false},"excerpt":{"rendered":"<p>za rezanje rezin (krompirjev \u010dips, repa, kumare, gobe, \u010debula, korenje)<\/p>\n","protected":false},"featured_media":86278,"comment_status":"open","ping_status":"closed","template":"","meta":{"_acf_changed":false},"product_brand":[],"product_cat":[133],"product_tag":[],"class_list":{"0":"post-86239","1":"product","2":"type-product","3":"status-publish","4":"has-post-thumbnail","6":"product_cat-nozi-in-rezila","8":"first","9":"instock","10":"shipping-taxable","11":"purchasable","12":"product-type-simple"},"acf":[],"_links":{"self":[{"href":"https:\/\/go-st.vizia.si\/index.php?rest_route=\/wp\/v2\/product\/86239","targetHints":{"allow":["GET"]}}],"collection":[{"href":"https:\/\/go-st.vizia.si\/index.php?rest_route=\/wp\/v2\/product"}],"about":[{"href":"https:\/\/go-st.vizia.si\/index.php?rest_route=\/wp\/v2\/types\/product"}],"replies":[{"embeddable":true,"href":"https:\/\/go-st.vizia.si\/index.php?rest_route=%2Fwp%2Fv2%2Fcomments&post=86239"}],"wp:featuredmedia":[{"embeddable":true,"href":"https:\/\/go-st.vizia.si\/index.php?rest_route=\/wp\/v2\/media\/86278"}],"wp:attachment":[{"href":"https:\/\/go-st.vizia.si\/index.php?rest_route=%2Fwp%2Fv2%2Fmedia&parent=86239"}],"wp:term":[{"taxonomy":"product_brand","embeddable":true,"href":"https:\/\/go-st.vizia.si\/index.php?rest_route=%2Fwp%2Fv2%2Fproduct_brand&post=86239"},{"taxonomy":"product_cat","embeddable":true,"href":"https:\/\/go-st.vizia.si\/index.php?rest_route=%2Fwp%2Fv2%2Fproduct_cat&post=86239"},{"taxonomy":"product_tag","embeddable":true,"href":"https:\/\/go-st.vizia.si\/index.php?rest_route=%2Fwp%2Fv2%2Fproduct_tag&post=86239"}],"curies":[{"name":"wp","href":"https:\/\/api.w.org\/{rel}","templated":true}]}}