{"id":86286,"date":"2026-01-29T18:16:40","date_gmt":"2026-01-29T18:16:40","guid":{"rendered":"https:\/\/go-st.vizia.si\/?post_type=product&#038;p=86286"},"modified":"2026-02-12T09:49:11","modified_gmt":"2026-02-12T09:49:11","slug":"noz-za-rezanje-zelenjave-z2","status":"publish","type":"product","link":"https:\/\/go-st.vizia.si\/?product=noz-za-rezanje-zelenjave-z2","title":{"rendered":"NO\u017d ZA REZANJE ZELENJAVE Z2"},"content":{"rendered":"<h3 class=\"desc-headings\">Informacije o izdelku<\/h3>\n<p><strong>REZINE ZA REZANJE:<\/strong><br \/><a href=\"https:\/\/www.mayway.eu\/scheibenschneider-e-1\">E1<\/a> - <a href=\"https:\/\/www.mayway.eu\/scheibenschneider-e-2\">E2<\/a>\u00a0- S1 - S2: krompirjevi \u010dips, repa, zelje, kumare, korenje, \u010debula, gobe.<br \/><a href=\"https:\/\/www.mayway.eu\/scheibenschneider-e-3\">E3<\/a>: jabolka, banane, krompir, bu\u010dke, jaj\u010devci, koroma\u010d, arti\u010doke.<br \/><a href=\"https:\/\/www.mayway.eu\/scheibenschneider-e-4\">E4<\/a> - <a href=\"https:\/\/www.mayway.eu\/scheibenschneider-e-6\">E6<\/a>: rde\u010da pesa, krompir, zelje, repa in \u010debula.<br \/><a href=\"https:\/\/www.mayway.eu\/sichelmesser-e-5\">E5<\/a>: paradi\u017enik, limone, pomaran\u010de, jabolka, ananas in grenivke.<br \/><a href=\"https:\/\/www.mayway.eu\/scheibenschneider-e-8\">E8<\/a> - <a href=\"https:\/\/www.mayway.eu\/scheibenschneider-e-10\">E10<\/a> - E14: krompir in korenje, jaj\u010devci in rde\u010da pesa.<br \/><strong><strong>REZINE <\/strong>ZA STRGANJE IN RIBANJE:<\/strong><br \/><a href=\"https:\/\/www.mayway.eu\/raffelscheibe-z-2\">Z2<\/a> - <a href=\"https:\/\/www.mayway.eu\/raffelscheibe-z-3\">Z3<\/a>: korenje, zelena, krompir, jabolka in repa.<br \/><a href=\"https:\/\/www.mayway.eu\/raffelscheibe-z-4\">Z4<\/a>: rde\u010da pesa, redkev, gruy\u00e8re sir in \u010dokolada.<br \/><a href=\"https:\/\/www.mayway.eu\/raffelscheibe-v\">V<\/a>: parmezan, suh kruh, mandlji, orehi, \u010dokolada in le\u0161niki.<br \/><a href=\"https:\/\/www.mayway.eu\/raffelscheibe-z-7\">Z7<\/a>: Mozzarella.<br \/><strong><strong>REZINE <\/strong>ZA Kocke:<\/strong><br \/>Iz kombinacije rezin <a href=\"https:\/\/www.mayway.eu\/wuerfelgitter-d-8x8\">D8x8<\/a> - <a href=\"https:\/\/www.mayway.eu\/wuerfelgitter-d-10x10\">D10x10<\/a>\u00a0- D12x12 - D20x20 - K8x8 - K10x10 - K12x12 - K20x20<br \/>z diski <a href=\"https:\/\/www.mayway.eu\/scheibenschneider-e-6\">E6<\/a>\u00a0- <a href=\"https:\/\/www.mayway.eu\/scheibenschneider-e-8\">E8<\/a> - <a href=\"https:\/\/www.mayway.eu\/scheibenschneider-e-10\">E10<\/a> - E14 dobite veliko razli\u010dnih vrst kock za minestrone in sadne solate.<br \/><strong><strong>REZINE <\/strong>ZA JULIENNESCHNITT:<\/strong><br \/><a href=\"https:\/\/www.mayway.eu\/streifenschneider-h-2-5\">H2,5<\/a>\u00a0- <a href=\"https:\/\/www.mayway.eu\/streifenschneider-h-4\">H4<\/a> - <a href=\"https:\/\/www.mayway.eu\/streifenschneider-h-6\">H6<\/a>\u00a0- <a href=\"https:\/\/www.mayway.eu\/streifenschneider-h-8\">H8<\/a> - <a href=\"https:\/\/www.mayway.eu\/streifenschneider-h-10\">H10<\/a>: zelena, bu\u010dke, rde\u010da pesa, korenje, krompir, repa.<br \/>Iz kombinacije rezil <a href=\"https:\/\/www.mayway.eu\/streifengitter-b-6\">B6<\/a> - <a href=\"https:\/\/www.mayway.eu\/streifengitter-b-8\">B8<\/a>\u00a0- <a href=\"https:\/\/www.mayway.eu\/streifengitter-b-10\">B10<\/a> z rezinami <a href=\"https:\/\/www.mayway.eu\/scheibenschneider-e-6\">E6<\/a>\u00a0- <a href=\"https:\/\/www.mayway.eu\/scheibenschneider-e-8\">E8<\/a> - <a href=\"https:\/\/www.mayway.eu\/scheibenschneider-e-10\">E10<\/a> <br \/>dobite julienne trakove po celotni dol\u017eini izdelka v \u017eeleni debelini.<\/p>\n<h3 class=\"desc-headings\">Tehni\u010dne informacije<\/h3>\n<ul>\n<li>Premer diska: 205 mm<\/li>\n<li>Za premer osi: 19 mm<\/li>\n<li>Os z bajonetnim vpetjem<\/li>\n<li>Material: nerjave\u010de jeklo in najlon<\/li>\n<\/ul>\n<p><strong>Primerno za modele:<\/strong> 2000, 3000N, 4000, FNT, FNTM, FNT2V, A2, A2L<br \/><em>Primerno za \u0161tevilne obi\u010dajne italijanske rezalnike za zelenjavo<\/em><\/p>\n","protected":false},"excerpt":{"rendered":"<p>Debelina reza: 2 mm<br \/>Za korenje, zelena, krompir, jabolka, repo itd.<\/p>\n","protected":false},"featured_media":86312,"comment_status":"open","ping_status":"closed","template":"","meta":{"_acf_changed":false},"product_brand":[],"product_cat":[133],"product_tag":[],"class_list":{"0":"post-86286","1":"product","2":"type-product","3":"status-publish","4":"has-post-thumbnail","6":"product_cat-nozi-in-rezila","8":"first","9":"instock","10":"shipping-taxable","11":"purchasable","12":"product-type-simple"},"acf":[],"_links":{"self":[{"href":"https:\/\/go-st.vizia.si\/index.php?rest_route=\/wp\/v2\/product\/86286","targetHints":{"allow":["GET"]}}],"collection":[{"href":"https:\/\/go-st.vizia.si\/index.php?rest_route=\/wp\/v2\/product"}],"about":[{"href":"https:\/\/go-st.vizia.si\/index.php?rest_route=\/wp\/v2\/types\/product"}],"replies":[{"embeddable":true,"href":"https:\/\/go-st.vizia.si\/index.php?rest_route=%2Fwp%2Fv2%2Fcomments&post=86286"}],"wp:featuredmedia":[{"embeddable":true,"href":"https:\/\/go-st.vizia.si\/index.php?rest_route=\/wp\/v2\/media\/86312"}],"wp:attachment":[{"href":"https:\/\/go-st.vizia.si\/index.php?rest_route=%2Fwp%2Fv2%2Fmedia&parent=86286"}],"wp:term":[{"taxonomy":"product_brand","embeddable":true,"href":"https:\/\/go-st.vizia.si\/index.php?rest_route=%2Fwp%2Fv2%2Fproduct_brand&post=86286"},{"taxonomy":"product_cat","embeddable":true,"href":"https:\/\/go-st.vizia.si\/index.php?rest_route=%2Fwp%2Fv2%2Fproduct_cat&post=86286"},{"taxonomy":"product_tag","embeddable":true,"href":"https:\/\/go-st.vizia.si\/index.php?rest_route=%2Fwp%2Fv2%2Fproduct_tag&post=86286"}],"curies":[{"name":"wp","href":"https:\/\/api.w.org\/{rel}","templated":true}]}}