{"id":86339,"date":"2026-01-29T18:16:49","date_gmt":"2026-01-29T18:16:49","guid":{"rendered":"https:\/\/go-st.vizia.si\/?post_type=product&#038;p=86339"},"modified":"2026-02-11T07:38:48","modified_gmt":"2026-02-11T07:38:48","slug":"naprava-za-lupljenje-jabolk-asestm","status":"publish","type":"product","link":"https:\/\/go-st.vizia.si\/?product=naprava-za-lupljenje-jabolk-asestm","title":{"rendered":"Naprava za lupljenje jabolk ASESTM"},"content":{"rendered":"<p>Naprava za lupljenje jabolk ASESTM je narejena iz zelo kvalitetnih materialov. Zajam\u010dena kakovost obdelovanja jabolk.&nbsp; Stroj je zasnovan tako, da jabolko olupi, izko\u0161\u010di\u010di in nare\u017ee na ko\u0161\u010dke ali rezine. No\u017e za lupljenje se prilagaja obliki in velikosti jabolka od 30 do 90 mm. Mo\u017enost devetih razli\u010dnih debelin rezanja rezin. Kapaciteta je od 70 do 100 kg na uro. Enostavna uporaba in \u010di\u0161\u010denje. <\/p>\n<p><iframe loading=\"lazy\" src=\"\/\/www.youtube.com\/embed\/UG4J2zqBaMk\" class=\"note-video-clip\" width=\"640\" height=\"360\" frameborder=\"0\"><\/iframe><\/p>\n","protected":false},"excerpt":{"rendered":"<p>Naprava za lupljenje jabolk ASESTM je narejena iz zelo kvalitetnih materialov. Zajam\u010dena kakovost obdelovanja jabolk.&nbsp; Stroj je zasnovan tako, da jabolko olupi, izko\u0161\u010di\u010di in nare\u017ee na ko\u0161\u010dke ali rezine. No\u017e za lupljenje se prilagaja obliki in velikosti jabolka od 30 do 90 mm. Mo\u017enost devetih razli\u010dnih debelin rezanja rezin. Kapaciteta je od 70 do 100 [&hellip;]<\/p>\n","protected":false},"featured_media":86373,"comment_status":"open","ping_status":"closed","template":"","meta":{"_acf_changed":false},"product_brand":[1479],"product_cat":[78],"product_tag":[],"class_list":{"0":"post-86339","1":"product","2":"type-product","3":"status-publish","4":"has-post-thumbnail","6":"product_brand-feuma","7":"product_cat-univerzalna-naprava","9":"first","10":"instock","11":"shipping-taxable","12":"purchasable","13":"product-type-simple"},"acf":[],"_links":{"self":[{"href":"https:\/\/go-st.vizia.si\/index.php?rest_route=\/wp\/v2\/product\/86339","targetHints":{"allow":["GET"]}}],"collection":[{"href":"https:\/\/go-st.vizia.si\/index.php?rest_route=\/wp\/v2\/product"}],"about":[{"href":"https:\/\/go-st.vizia.si\/index.php?rest_route=\/wp\/v2\/types\/product"}],"replies":[{"embeddable":true,"href":"https:\/\/go-st.vizia.si\/index.php?rest_route=%2Fwp%2Fv2%2Fcomments&post=86339"}],"wp:featuredmedia":[{"embeddable":true,"href":"https:\/\/go-st.vizia.si\/index.php?rest_route=\/wp\/v2\/media\/86373"}],"wp:attachment":[{"href":"https:\/\/go-st.vizia.si\/index.php?rest_route=%2Fwp%2Fv2%2Fmedia&parent=86339"}],"wp:term":[{"taxonomy":"product_brand","embeddable":true,"href":"https:\/\/go-st.vizia.si\/index.php?rest_route=%2Fwp%2Fv2%2Fproduct_brand&post=86339"},{"taxonomy":"product_cat","embeddable":true,"href":"https:\/\/go-st.vizia.si\/index.php?rest_route=%2Fwp%2Fv2%2Fproduct_cat&post=86339"},{"taxonomy":"product_tag","embeddable":true,"href":"https:\/\/go-st.vizia.si\/index.php?rest_route=%2Fwp%2Fv2%2Fproduct_tag&post=86339"}],"curies":[{"name":"wp","href":"https:\/\/api.w.org\/{rel}","templated":true}]}}