{"id":86352,"date":"2026-01-29T18:16:50","date_gmt":"2026-01-29T18:16:50","guid":{"rendered":"https:\/\/go-st.vizia.si\/?post_type=product&#038;p=86352"},"modified":"2026-04-28T09:41:33","modified_gmt":"2026-04-28T09:41:33","slug":"elektricna-friteza-delta-f13-74et","status":"publish","type":"product","link":"https:\/\/go-st.vizia.si\/?product=elektricna-friteza-delta-f13-74et","title":{"rendered":"ELEKTRI\u010cNA FRITEZA, DELTA 700, F13-74ET"},"content":{"rendered":"<p>Visoko kakovostna friteza za profesionalno uporabo, ki zdru\u017euje najvi\u0161jo zmogljivost in zanesljivost. Uporablja se kot samostojna enota ali kot del linije, saj je zdru\u017eljiva z drugimi aparati serije Delta 700.<\/p>\n<p><strong>Poudarki<\/strong><\/p>\n<ul>\n<li>V celoti iz visokokakovostnega nerjave\u010dega jekla<\/li>\n<li>Zaobljeni profili za hitro in enostavno \u010di\u0161\u010denje<\/li>\n<li>Vsi gumbi so za\u0161\u010diteni pred brizganjem vode z za\u0161\u010dito IPX5<\/li>\n<li>Enostavno in uporabniku prijazno upravljanje<\/li>\n<li>Odstranljiv dimnik<\/li>\n<li>Prilagajanje delovne vi\u0161ine z vi\u0161insko nastavljivimi nogami<\/li>\n<li>Enostavno vzdr\u017eevanje z odstranitvijo sprednje plo\u0161\u010de<\/li>\n<\/ul>\n<p><strong>Informacije o izdelku<\/strong><\/p>\n<ul>\n<li>Velikost ko\u0161are 210 x 300 x 120 mm (\u0160xGxV)<\/li>\n<li>Posoda za zbiranje ma\u0161\u010dobe s cedilom<\/li>\n<li>Zaprt podstavek s krilnimi vrati<\/li>\n<\/ul>\n<p><strong>Tehni\u010dne informacije<\/strong><\/p>\n<ul>\n<li>Elektri\u010dni priklju\u010dek: 400V\/ 11,95 kW<\/li>\n<li>Dimenzije: 400 x 705 x 900 mm (\u0160xGxV)<\/li>\n<\/ul>\n","protected":false},"excerpt":{"rendered":"<p>Kapaciteta: 13 l.<br \/>\nMo\u010d: 11,95 kW<br \/>\nDimenzije: 400 x 705 x 900 mm (\u0160xGxV)<\/p>\n","protected":false},"featured_media":97412,"comment_status":"open","ping_status":"closed","template":"","meta":{"_acf_changed":false},"product_brand":[1444],"product_cat":[124],"product_tag":[],"class_list":{"0":"post-86352","1":"product","2":"type-product","3":"status-publish","4":"has-post-thumbnail","6":"product_brand-lotus","7":"product_cat-friteze-termicna-oprema","8":"pa_linija-globina-2688","9":"pa_prikljucek-elektrika","11":"first","12":"instock","13":"shipping-taxable","14":"purchasable","15":"product-type-simple"},"acf":[],"_links":{"self":[{"href":"https:\/\/go-st.vizia.si\/index.php?rest_route=\/wp\/v2\/product\/86352","targetHints":{"allow":["GET"]}}],"collection":[{"href":"https:\/\/go-st.vizia.si\/index.php?rest_route=\/wp\/v2\/product"}],"about":[{"href":"https:\/\/go-st.vizia.si\/index.php?rest_route=\/wp\/v2\/types\/product"}],"replies":[{"embeddable":true,"href":"https:\/\/go-st.vizia.si\/index.php?rest_route=%2Fwp%2Fv2%2Fcomments&post=86352"}],"wp:featuredmedia":[{"embeddable":true,"href":"https:\/\/go-st.vizia.si\/index.php?rest_route=\/wp\/v2\/media\/97412"}],"wp:attachment":[{"href":"https:\/\/go-st.vizia.si\/index.php?rest_route=%2Fwp%2Fv2%2Fmedia&parent=86352"}],"wp:term":[{"taxonomy":"product_brand","embeddable":true,"href":"https:\/\/go-st.vizia.si\/index.php?rest_route=%2Fwp%2Fv2%2Fproduct_brand&post=86352"},{"taxonomy":"product_cat","embeddable":true,"href":"https:\/\/go-st.vizia.si\/index.php?rest_route=%2Fwp%2Fv2%2Fproduct_cat&post=86352"},{"taxonomy":"product_tag","embeddable":true,"href":"https:\/\/go-st.vizia.si\/index.php?rest_route=%2Fwp%2Fv2%2Fproduct_tag&post=86352"}],"curies":[{"name":"wp","href":"https:\/\/api.w.org\/{rel}","templated":true}]}}