{"id":86365,"date":"2026-01-29T18:16:50","date_gmt":"2026-01-29T18:16:50","guid":{"rendered":"https:\/\/go-st.vizia.si\/?post_type=product&#038;p=86365"},"modified":"2026-04-28T09:26:35","modified_gmt":"2026-04-28T09:26:35","slug":"plinska-friteza-delta-900-f2-18-98g","status":"publish","type":"product","link":"https:\/\/go-st.vizia.si\/?product=plinska-friteza-delta-900-f2-18-98g","title":{"rendered":"PLINSKA FRITEZA, DELTA 900, F2\/18-98G"},"content":{"rendered":"<p>Visoko kakovostna friteza za profesionalno uporabo, ki zdru\u017euje najvi\u0161jo zmogljivost in zanesljivost. Uporablja se kot samostojna enota ali kot del linije, saj je zdru\u017eljiva z drugimi aparati serije Delta 900.<\/p>\n<p><strong>Poudarki<\/strong><\/p>\n<ul>\n<li>V celoti iz visokokakovostnega nerjave\u010dega jekla<\/li>\n<li>Zaobljeni profili za hitro in enostavno \u010di\u0161\u010denje<\/li>\n<li>Vsi gumbi so za\u0161\u010diteni pred brizganjem vode z za\u0161\u010dito IPX5<\/li>\n<li>Enostavno in uporabniku prijazno upravljanje<\/li>\n<li>Odstranljiv dimnik<\/li>\n<li>Prilagajanje delovne vi\u0161ine z vi\u0161insko nastavljivimi nogami<\/li>\n<li>Enostavno vzdr\u017eevanje z odstranitvijo sprednje plo\u0161\u010de<\/li>\n<\/ul>\n<p><strong>Informacije o izdelku<\/strong><\/p>\n<ul>\n<li>Velikost bazenov 240 x 510 x 440 mm (\u0160xGxV)<\/li>\n<li>Velikost ko\u0161aric 210 x 450 x 150 mm (\u0160xGxV)<\/li>\n<li>Gorilnik s pilotnim plamenom s piezoelektri\u010dnim v\u017eigom<\/li>\n<li>Zaprt podstavek s krilnimi vrati<\/li>\n<\/ul>\n<p><strong>Tehni\u010dne informacije<\/strong><\/p>\n<ul>\n<li>Plinski priklju\u010dek: 30kW \/ 25.770 Kcal<\/li>\n<li>Dimenzije: 800 x 900 x 900 mm (\u0160xGxV)<\/li>\n<\/ul>\n","protected":false},"excerpt":{"rendered":"<p>Kapaciteta: 2x 18 l.<br \/>\nMo\u010d: 30 kW<br \/>\nDimenzije: 800 x 900 x 900 mm (\u0160xGxV)<\/p>\n","protected":false},"featured_media":97460,"comment_status":"open","ping_status":"closed","template":"","meta":{"_acf_changed":false},"product_brand":[1444],"product_cat":[124],"product_tag":[],"class_list":{"0":"post-86365","1":"product","2":"type-product","3":"status-publish","4":"has-post-thumbnail","6":"product_brand-lotus","7":"product_cat-friteze-termicna-oprema","8":"pa_linija-globina-2691","9":"pa_prikljucek-plin","11":"first","12":"instock","13":"shipping-taxable","14":"purchasable","15":"product-type-simple"},"acf":[],"_links":{"self":[{"href":"https:\/\/go-st.vizia.si\/index.php?rest_route=\/wp\/v2\/product\/86365","targetHints":{"allow":["GET"]}}],"collection":[{"href":"https:\/\/go-st.vizia.si\/index.php?rest_route=\/wp\/v2\/product"}],"about":[{"href":"https:\/\/go-st.vizia.si\/index.php?rest_route=\/wp\/v2\/types\/product"}],"replies":[{"embeddable":true,"href":"https:\/\/go-st.vizia.si\/index.php?rest_route=%2Fwp%2Fv2%2Fcomments&post=86365"}],"wp:featuredmedia":[{"embeddable":true,"href":"https:\/\/go-st.vizia.si\/index.php?rest_route=\/wp\/v2\/media\/97460"}],"wp:attachment":[{"href":"https:\/\/go-st.vizia.si\/index.php?rest_route=%2Fwp%2Fv2%2Fmedia&parent=86365"}],"wp:term":[{"taxonomy":"product_brand","embeddable":true,"href":"https:\/\/go-st.vizia.si\/index.php?rest_route=%2Fwp%2Fv2%2Fproduct_brand&post=86365"},{"taxonomy":"product_cat","embeddable":true,"href":"https:\/\/go-st.vizia.si\/index.php?rest_route=%2Fwp%2Fv2%2Fproduct_cat&post=86365"},{"taxonomy":"product_tag","embeddable":true,"href":"https:\/\/go-st.vizia.si\/index.php?rest_route=%2Fwp%2Fv2%2Fproduct_tag&post=86365"}],"curies":[{"name":"wp","href":"https:\/\/api.w.org\/{rel}","templated":true}]}}