{"id":86436,"date":"2026-01-29T18:17:01","date_gmt":"2026-01-29T18:17:01","guid":{"rendered":"https:\/\/go-st.vizia.si\/?post_type=product&#038;p=86436"},"modified":"2026-04-28T10:57:58","modified_gmt":"2026-04-28T10:57:58","slug":"elektricni-kuhalnik-testenin-delta-900-cp-94et","status":"publish","type":"product","link":"https:\/\/go-st.vizia.si\/?product=elektricni-kuhalnik-testenin-delta-900-cp-94et","title":{"rendered":"ELEKTRI\u010cNI KUHALNIK TESTENIN, DELTA 900, CP-94ET"},"content":{"rendered":"<p>Visoko kakovosten kuhalnik testenin za profesionalno uporabo, ki zdru\u017euje najvi\u0161jo zmogljivost in zanesljivost. Uporablja se kot samostojna enota ali kot del linije, saj je zdru\u017eljiv z drugimi aparati serije Delta 900.<\/p>\n<p><strong>Poudarki<\/strong><\/p>\n<ul>\n<li>V celoti iz visokokakovostnega nerjave\u010dega jekla<\/li>\n<li>Zaobljeni profili za hitro in enostavno \u010di\u0161\u010denje<\/li>\n<li>Vsi gumbi so za\u0161\u010diteni pred brizganjem vode z za\u0161\u010dito IPX5<\/li>\n<li>Enostavno in uporabniku prijazno upravljanje<\/li>\n<li>Odstranljiv dimnik<\/li>\n<li>Prilagajanje delovne vi\u0161ine z vi\u0161insko nastavljivimi nogami<\/li>\n<li>Enostavno vzdr\u017eevanje z odstranitvijo sprednje plo\u0161\u010de<\/li>\n<\/ul>\n<p><strong>Informacije o izdelku<\/strong><\/p>\n<ul>\n<li>Velikost bazena 307 x 509 x 327 mm (\u0160xGxV)<\/li>\n<li>Kapaciteta 40l, ko\u0161arice niso vklju\u010dene<\/li>\n<li>Ventil za vodo, preliv, odtok na dnu bazena<\/li>\n<li>Opcija:\n<ul>\n<li>ko\u0161arice razli\u010dnih velikosti<\/li>\n<li>vrata<\/li>\n<\/ul>\n<\/li>\n<\/ul>\n<p><strong>Tehni\u010dne informacije<\/strong><\/p>\n<ul>\n<li>Elektri\u010dni priklju\u010dek: 400V\/ 13,5 kW<\/li>\n<li>Dimenzije:\u00a0 400 x 900 x 900 mm (\u0160xGxV)<\/li>\n<\/ul>\n<p>&nbsp;<\/p>\n<p>)<\/p>\n","protected":false},"excerpt":{"rendered":"<p>Kapaciteta: 40l<br \/>\nMo\u010d: 13,5 kW<br \/>\nDimenzije: 400 x 900 x 900 mm (\u0160xGxV)<\/p>\n","protected":false},"featured_media":97439,"comment_status":"open","ping_status":"closed","template":"","meta":{"_acf_changed":false},"product_brand":[1444],"product_cat":[123],"product_tag":[],"class_list":{"0":"post-86436","1":"product","2":"type-product","3":"status-publish","4":"has-post-thumbnail","6":"product_brand-lotus","7":"product_cat-kuhalniki-testenin-termicna-oprema","8":"pa_linija-globina-2691","9":"pa_prikljucek-elektrika","11":"first","12":"instock","13":"shipping-taxable","14":"purchasable","15":"product-type-simple"},"acf":[],"_links":{"self":[{"href":"https:\/\/go-st.vizia.si\/index.php?rest_route=\/wp\/v2\/product\/86436","targetHints":{"allow":["GET"]}}],"collection":[{"href":"https:\/\/go-st.vizia.si\/index.php?rest_route=\/wp\/v2\/product"}],"about":[{"href":"https:\/\/go-st.vizia.si\/index.php?rest_route=\/wp\/v2\/types\/product"}],"replies":[{"embeddable":true,"href":"https:\/\/go-st.vizia.si\/index.php?rest_route=%2Fwp%2Fv2%2Fcomments&post=86436"}],"wp:featuredmedia":[{"embeddable":true,"href":"https:\/\/go-st.vizia.si\/index.php?rest_route=\/wp\/v2\/media\/97439"}],"wp:attachment":[{"href":"https:\/\/go-st.vizia.si\/index.php?rest_route=%2Fwp%2Fv2%2Fmedia&parent=86436"}],"wp:term":[{"taxonomy":"product_brand","embeddable":true,"href":"https:\/\/go-st.vizia.si\/index.php?rest_route=%2Fwp%2Fv2%2Fproduct_brand&post=86436"},{"taxonomy":"product_cat","embeddable":true,"href":"https:\/\/go-st.vizia.si\/index.php?rest_route=%2Fwp%2Fv2%2Fproduct_cat&post=86436"},{"taxonomy":"product_tag","embeddable":true,"href":"https:\/\/go-st.vizia.si\/index.php?rest_route=%2Fwp%2Fv2%2Fproduct_tag&post=86436"}],"curies":[{"name":"wp","href":"https:\/\/api.w.org\/{rel}","templated":true}]}}