{"id":86439,"date":"2026-01-29T18:17:02","date_gmt":"2026-01-29T18:17:02","guid":{"rendered":"https:\/\/go-st.vizia.si\/?post_type=product&#038;p=86439"},"modified":"2026-02-19T09:02:32","modified_gmt":"2026-02-19T09:02:32","slug":"multifunkcijska-ponev-hobart-precipan-hbt-10e-100-l","status":"publish","type":"product","link":"https:\/\/go-st.vizia.si\/?product=multifunkcijska-ponev-hobart-precipan-hbt-10e-100-l","title":{"rendered":"Precipan 100 l"},"content":{"rendered":"<ul>\n<li><strong>3 na\u010dini delovanja:<\/strong> ponev, kotli\u010dek, cvrtnik<\/li>\n<li><strong>Visokozmogljivo dno posode:<\/strong> Izjemno hitro segrevanje in zelo enakomerna porazdelitev toplote v <strong>1-2<\/strong>kuhalnih conah<\/li>\n<li><strong>Vgrajena razpr\u0161ilna pi\u0161tola<\/strong> z avtomatskim vra\u010danjem<\/li>\n<li><strong>Elektri\u010dna funkcija nagiba<\/strong> za enostavno vlivanje in \u010di\u0161\u010denje<\/li>\n<li><strong>Funkcija kuhanja pod pritiskom (neobvezno):<\/strong> kraj\u0161i \u010das kuhanja, ve\u010dja u\u010dinkovitost<\/li>\n<li><strong>Sistem za samodejno dvigovanje in spu\u0161\u010danje ko\u0161ar (neobvezno)<\/strong><\/li>\n<\/ul>\n","protected":false},"excerpt":{"rendered":"<p>Prostornina 100 l za 300 obrokov v dveh temperaturnih conah. Ta naprava je idealna za manj\u0161a gostinska podjetja, menze ali domove za ostarele.<\/p>\n","protected":false},"featured_media":87496,"comment_status":"closed","ping_status":"closed","template":"","meta":{"_acf_changed":false},"product_brand":[985],"product_cat":[155],"product_tag":[],"class_list":{"0":"post-86439","1":"product","2":"type-product","3":"status-publish","4":"has-post-thumbnail","6":"product_brand-hobart","7":"product_cat-multifunkcijske-naprave1","9":"first","10":"outofstock","11":"shipping-taxable","12":"purchasable","13":"product-type-simple"},"acf":[],"_links":{"self":[{"href":"https:\/\/go-st.vizia.si\/index.php?rest_route=\/wp\/v2\/product\/86439","targetHints":{"allow":["GET"]}}],"collection":[{"href":"https:\/\/go-st.vizia.si\/index.php?rest_route=\/wp\/v2\/product"}],"about":[{"href":"https:\/\/go-st.vizia.si\/index.php?rest_route=\/wp\/v2\/types\/product"}],"replies":[{"embeddable":true,"href":"https:\/\/go-st.vizia.si\/index.php?rest_route=%2Fwp%2Fv2%2Fcomments&post=86439"}],"wp:featuredmedia":[{"embeddable":true,"href":"https:\/\/go-st.vizia.si\/index.php?rest_route=\/wp\/v2\/media\/87496"}],"wp:attachment":[{"href":"https:\/\/go-st.vizia.si\/index.php?rest_route=%2Fwp%2Fv2%2Fmedia&parent=86439"}],"wp:term":[{"taxonomy":"product_brand","embeddable":true,"href":"https:\/\/go-st.vizia.si\/index.php?rest_route=%2Fwp%2Fv2%2Fproduct_brand&post=86439"},{"taxonomy":"product_cat","embeddable":true,"href":"https:\/\/go-st.vizia.si\/index.php?rest_route=%2Fwp%2Fv2%2Fproduct_cat&post=86439"},{"taxonomy":"product_tag","embeddable":true,"href":"https:\/\/go-st.vizia.si\/index.php?rest_route=%2Fwp%2Fv2%2Fproduct_tag&post=86439"}],"curies":[{"name":"wp","href":"https:\/\/api.w.org\/{rel}","templated":true}]}}