{"id":86443,"date":"2026-01-29T18:17:02","date_gmt":"2026-01-29T18:17:02","guid":{"rendered":"https:\/\/go-st.vizia.si\/?post_type=product&#038;p=86443"},"modified":"2026-04-28T16:59:16","modified_gmt":"2026-04-28T16:59:16","slug":"elektricni-celjustni-zar-egp-2015l","status":"publish","type":"product","link":"https:\/\/go-st.vizia.si\/?product=elektricni-celjustni-zar-egp-2015l","title":{"rendered":"\u010cELJUSTNI \u017dAR EGP-2015L"},"content":{"rendered":"<h3 class=\"desc-headings\">Poudarki<\/h3>\n<ul>\n<li>Masivna \u017ear plo\u0161\u010da iz jeklene litine<\/li>\n<li>Enakomerna porazdelitev toplote<\/li>\n<li>Velika posoda za zbiranje ma\u0161\u010dobe za higiensko uporabo in enostavno \u010di\u0161\u010denje<\/li>\n<li>Stranski rob za za\u0161\u010dito pred brizganjem<\/li>\n<\/ul>\n<h3 class=\"desc-headings\">Informacije o izdelku<\/h3>\n<ul>\n<li>Spodnja povr\u0161ina za peko: gladka<\/li>\n<li>Zgornja povr\u0161ina za peko: rebrasta<\/li>\n<li>Velikost povr\u0161ine za peko: 365 x 240 mm (\u0160xG)<\/li>\n<\/ul>\n<h3 class=\"desc-headings\">Tehni\u010dne informacije<\/h3>\n<ul>\n<li>Elektri\u010dni priklju\u010dek: 230 V \/ 3 KW<\/li>\n<li>Dimenzije: 409 x 405 x 182 mm (\u0160xGxV)<\/li>\n<\/ul>\n","protected":false},"excerpt":{"rendered":"<p>Povr\u0161ina za peko: gladka\/rebrasta<br \/>\nMo\u010d: 3 kW<br \/>\nDimenzije: 409 x 405 x 182 mm (\u0160xGxV)<\/p>\n","protected":false},"featured_media":86472,"comment_status":"open","ping_status":"closed","template":"","meta":{"_acf_changed":false},"product_brand":[986],"product_cat":[2839],"product_tag":[],"class_list":{"0":"post-86443","1":"product","2":"type-product","3":"status-publish","4":"has-post-thumbnail","6":"product_brand-rm-gastro","7":"product_cat-oprema-za-pripravo-hitre-hrane-termicna-oprema","8":"pa_prikljucek-elektrika","10":"first","11":"instock","12":"shipping-taxable","13":"purchasable","14":"product-type-simple"},"acf":[],"_links":{"self":[{"href":"https:\/\/go-st.vizia.si\/index.php?rest_route=\/wp\/v2\/product\/86443","targetHints":{"allow":["GET"]}}],"collection":[{"href":"https:\/\/go-st.vizia.si\/index.php?rest_route=\/wp\/v2\/product"}],"about":[{"href":"https:\/\/go-st.vizia.si\/index.php?rest_route=\/wp\/v2\/types\/product"}],"replies":[{"embeddable":true,"href":"https:\/\/go-st.vizia.si\/index.php?rest_route=%2Fwp%2Fv2%2Fcomments&post=86443"}],"wp:featuredmedia":[{"embeddable":true,"href":"https:\/\/go-st.vizia.si\/index.php?rest_route=\/wp\/v2\/media\/86472"}],"wp:attachment":[{"href":"https:\/\/go-st.vizia.si\/index.php?rest_route=%2Fwp%2Fv2%2Fmedia&parent=86443"}],"wp:term":[{"taxonomy":"product_brand","embeddable":true,"href":"https:\/\/go-st.vizia.si\/index.php?rest_route=%2Fwp%2Fv2%2Fproduct_brand&post=86443"},{"taxonomy":"product_cat","embeddable":true,"href":"https:\/\/go-st.vizia.si\/index.php?rest_route=%2Fwp%2Fv2%2Fproduct_cat&post=86443"},{"taxonomy":"product_tag","embeddable":true,"href":"https:\/\/go-st.vizia.si\/index.php?rest_route=%2Fwp%2Fv2%2Fproduct_tag&post=86443"}],"curies":[{"name":"wp","href":"https:\/\/api.w.org\/{rel}","templated":true}]}}