{"id":86480,"date":"2026-01-29T18:17:12","date_gmt":"2026-01-29T18:17:12","guid":{"rendered":"https:\/\/go-st.vizia.si\/?post_type=product&#038;p=86480"},"modified":"2026-04-28T14:35:34","modified_gmt":"2026-04-28T14:35:34","slug":"elektricna-friteza-ef-60","status":"publish","type":"product","link":"https:\/\/go-st.vizia.si\/?product=elektricna-friteza-ef-60","title":{"rendered":"ELEKTRI\u010cNA FRITEZA 30 lt., EF-60"},"content":{"rendered":"<h3 class=\"desc-headings\">Poudarki<\/h3>\n<ul>\n<li>Robustna konstrukcija iz nerjave\u010dega jekla<\/li>\n<li>Hladna cona<\/li>\n<li>Za\u0161\u010dita pred pregrevanjem<\/li>\n<li>Enostavno \u010di\u0161\u010denje zaradi snemljivega grelca<\/li>\n<li>Kontrolna lu\u010dka za delovanje in gretje<\/li>\n<li>Izpustna pipa za enostavno in hitro menjavo olja<\/li>\n<li>Prakti\u010dni ro\u010daji za prena\u0161anje<\/li>\n<\/ul>\n<h3 class=\"desc-headings\">Informacije o izdelku<\/h3>\n<ul>\n<li>Idealna za krofe, pecivo iz kvasnega testa, ocvrte pi\u0161\u010dance in podobno<\/li>\n<li>Stopenjska regulacija temperature<\/li>\n<li>Kapaciteta: 30 l<\/li>\n<li>Dimenzije ko\u0161are: 570 x 440 x 80 mm (\u0160xGxV)<\/li>\n<\/ul>\n<h3 class=\"desc-headings\">Tehni\u010dne informacije<\/h3>\n<ul>\n<li>Temperaturno obmo\u010dje: +50 \u00b0C\/+190 \u00b0C<\/li>\n<li>Elektri\u010dni priklju\u010dek: 400 V \/ 15 KW<\/li>\n<li>Dimenzije: 670 x 650 x 370 mm (\u0160xGxV)<\/li>\n<\/ul>\n","protected":false},"excerpt":{"rendered":"<p>Kapaciteta: 30 l.<br \/>\nMo\u010d: 15 kW<br \/>\nDimenzije: 670 x 650 x 370 mm (\u0160xGxV)<\/p>\n","protected":false},"featured_media":86507,"comment_status":"open","ping_status":"closed","template":"","meta":{"_acf_changed":false},"product_brand":[986],"product_cat":[3125],"product_tag":[],"class_list":{"0":"post-86480","1":"product","2":"type-product","3":"status-publish","4":"has-post-thumbnail","6":"product_brand-rm-gastro","7":"product_cat-friteze","8":"pa_prikljucek-elektrika","10":"first","11":"instock","12":"shipping-taxable","13":"purchasable","14":"product-type-simple"},"acf":[],"_links":{"self":[{"href":"https:\/\/go-st.vizia.si\/index.php?rest_route=\/wp\/v2\/product\/86480","targetHints":{"allow":["GET"]}}],"collection":[{"href":"https:\/\/go-st.vizia.si\/index.php?rest_route=\/wp\/v2\/product"}],"about":[{"href":"https:\/\/go-st.vizia.si\/index.php?rest_route=\/wp\/v2\/types\/product"}],"replies":[{"embeddable":true,"href":"https:\/\/go-st.vizia.si\/index.php?rest_route=%2Fwp%2Fv2%2Fcomments&post=86480"}],"wp:featuredmedia":[{"embeddable":true,"href":"https:\/\/go-st.vizia.si\/index.php?rest_route=\/wp\/v2\/media\/86507"}],"wp:attachment":[{"href":"https:\/\/go-st.vizia.si\/index.php?rest_route=%2Fwp%2Fv2%2Fmedia&parent=86480"}],"wp:term":[{"taxonomy":"product_brand","embeddable":true,"href":"https:\/\/go-st.vizia.si\/index.php?rest_route=%2Fwp%2Fv2%2Fproduct_brand&post=86480"},{"taxonomy":"product_cat","embeddable":true,"href":"https:\/\/go-st.vizia.si\/index.php?rest_route=%2Fwp%2Fv2%2Fproduct_cat&post=86480"},{"taxonomy":"product_tag","embeddable":true,"href":"https:\/\/go-st.vizia.si\/index.php?rest_route=%2Fwp%2Fv2%2Fproduct_tag&post=86480"}],"curies":[{"name":"wp","href":"https:\/\/api.w.org\/{rel}","templated":true}]}}