{"id":86485,"date":"2026-01-29T18:17:12","date_gmt":"2026-01-29T18:17:12","guid":{"rendered":"https:\/\/go-st.vizia.si\/?post_type=product&#038;p=86485"},"modified":"2026-04-28T14:41:16","modified_gmt":"2026-04-28T14:41:16","slug":"el-friteza-snack-line-fe60-el","status":"publish","type":"product","link":"https:\/\/go-st.vizia.si\/?product=el-friteza-snack-line-fe60-el","title":{"rendered":"ELEKTRI\u010cNA FRITEZA, SNACK LINE, FE60-EL"},"content":{"rendered":"<p>Friteze RM Gastro serije Snack-Line lahko uporabljate kot samostojno enoto ali pa kot del linije, saj je zdru\u017eljiva z drugimi aparati RM Gastro serije Snack Line.<\/p>\n<h3 class=\"desc-headings\">Poudarki<\/h3>\n<ul>\n<li>Robustna konstrukcija iz nerjave\u010dega jekla<\/li>\n<li>Dvignjen zadnji rob<\/li>\n<li>Za\u0161\u010dita pred pregrevanjem<\/li>\n<li>Enostavno \u010di\u0161\u010denje zaradi snemljivega grelca<\/li>\n<li>Kontrolna lu\u010dka za delovanje in gretje<\/li>\n<li>Izpustna pipa za enostavno in hitro menjavo olja<\/li>\n<\/ul>\n<h3 class=\"desc-headings\">Informacije o izdelku<\/h3>\n<ul>\n<li>Stopenjska regulacija temperature<\/li>\n<li>Kapaciteta: 2x 8 l<\/li>\n<li>Dimenzije ko\u0161ar: 210 x 235 x 100 mm (\u0160xGxV)<\/li>\n<\/ul>\n<h3 class=\"desc-headings\">Tehni\u010dne informacije<\/h3>\n<ul>\n<li>Temperaturno obmo\u010dje: +50\u00b0\/+190\u00b0C<\/li>\n<li>Elektri\u010dni priklju\u010dek: 230 V \/ 2 x 3 KW<\/li>\n<li>Dimenzije: 660 x 600 x 290 mm (\u0160xGxV)<\/li>\n<\/ul>\n","protected":false},"excerpt":{"rendered":"<p>Kapaciteta: 2 x 8 l.<br \/>\nMo\u010d: 2 x 3 kW<br \/>\nDimenzije: 660 x 600 x 290 mm (\u0160xGxV)<\/p>\n","protected":false},"featured_media":86512,"comment_status":"open","ping_status":"closed","template":"","meta":{"_acf_changed":false},"product_brand":[986],"product_cat":[3125],"product_tag":[],"class_list":{"0":"post-86485","1":"product","2":"type-product","3":"status-publish","4":"has-post-thumbnail","6":"product_brand-rm-gastro","7":"product_cat-friteze","8":"pa_linija-globina-2692","9":"pa_prikljucek-elektrika","11":"first","12":"instock","13":"shipping-taxable","14":"purchasable","15":"product-type-simple"},"acf":[],"_links":{"self":[{"href":"https:\/\/go-st.vizia.si\/index.php?rest_route=\/wp\/v2\/product\/86485","targetHints":{"allow":["GET"]}}],"collection":[{"href":"https:\/\/go-st.vizia.si\/index.php?rest_route=\/wp\/v2\/product"}],"about":[{"href":"https:\/\/go-st.vizia.si\/index.php?rest_route=\/wp\/v2\/types\/product"}],"replies":[{"embeddable":true,"href":"https:\/\/go-st.vizia.si\/index.php?rest_route=%2Fwp%2Fv2%2Fcomments&post=86485"}],"wp:featuredmedia":[{"embeddable":true,"href":"https:\/\/go-st.vizia.si\/index.php?rest_route=\/wp\/v2\/media\/86512"}],"wp:attachment":[{"href":"https:\/\/go-st.vizia.si\/index.php?rest_route=%2Fwp%2Fv2%2Fmedia&parent=86485"}],"wp:term":[{"taxonomy":"product_brand","embeddable":true,"href":"https:\/\/go-st.vizia.si\/index.php?rest_route=%2Fwp%2Fv2%2Fproduct_brand&post=86485"},{"taxonomy":"product_cat","embeddable":true,"href":"https:\/\/go-st.vizia.si\/index.php?rest_route=%2Fwp%2Fv2%2Fproduct_cat&post=86485"},{"taxonomy":"product_tag","embeddable":true,"href":"https:\/\/go-st.vizia.si\/index.php?rest_route=%2Fwp%2Fv2%2Fproduct_tag&post=86485"}],"curies":[{"name":"wp","href":"https:\/\/api.w.org\/{rel}","templated":true}]}}