{"id":86493,"date":"2026-01-29T18:17:13","date_gmt":"2026-01-29T18:17:13","guid":{"rendered":"https:\/\/go-st.vizia.si\/?post_type=product&#038;p=86493"},"modified":"2026-04-17T04:34:26","modified_gmt":"2026-04-17T04:34:26","slug":"vok-indukcijska-ploscapciwt-64et","status":"publish","type":"product","link":"https:\/\/go-st.vizia.si\/?product=vok-indukcijska-ploscapciwt-64et","title":{"rendered":"NAMIZNI INDUKCIJSKI WOK PCIWT-64ET"},"content":{"rendered":"<p>Visoko kakovosten \u0161tedilnik za profesionalno uporabo, ki zdru\u017euje najvi\u0161jo zmogljivost in zanesljivost. Uporablja se kot samostojna enota ali kot del linije, saj je zdru\u017eljiv z drugimi aparati Lotus linije 600.<\/p>\n<h3 class=\"desc-headings\">Poudarki<\/h3>\n<ul>\n<li>Ohi\u0161je iz visokokakovostnega nerjave\u010dega jekla CrNi 18\/10 AISI 304<\/li>\n<li>Steklokerami\u010dna kuhalna plo\u0161\u010da vel. 350 x 470 mm<\/li>\n<li>Gumb za upravljanje, za\u0161\u010diten pred brizganjem vode z za\u0161\u010dito IPX5<\/li>\n<li>\u0160vicarska indukcijska tehnologija EGO<\/li>\n<li>Enostavno in uporabniku prijazno upravljanje<\/li>\n<li>Vsi servisni deli so dostopni z enostavno odstranitvijo sprednje nadzorne plo\u0161\u010de.<\/li>\n<\/ul>\n<h3 class=\"desc-headings\">Informacije o izdelku<\/h3>\n<ul>\n<li>1 indukcijska kuhalna plo\u0161\u010da mo\u010di 5 kW<\/li>\n<li>primerna za posode od 16 cm premera<\/li>\n<\/ul>\n<h3 class=\"desc-headings\">Tehni\u010dne informacije<\/h3>\n<ul>\n<li>Elektri\u010dni priklju\u010dek: 400 V \/ 5 kW<\/li>\n<li>Dimenzije: 400 x 600 x 280 mm (\u0160xGxV)<\/li>\n<\/ul>\n<p><iframe loading=\"lazy\" title=\"Sketchfab 3D Model\" frameborder=\"0\" allowfullscreen=\"\" mozallowfullscreen=\"true\" webkitallowfullscreen=\"true\" allow=\"autoplay; fullscreen; xr-spatial-tracking\" src=\"https:\/\/sketchfab.com\/models\/1630f4bc5bbc4ba2b7f96cc14a72dca5\/embed?ui_animations=0\" width=\"100%\" height=\"auto\"><br \/> <\/iframe><\/p>\n","protected":false},"excerpt":{"rendered":"<p>1 indukcijsko wok kuhali\u0161\u010de<br \/>\nMo\u010d: 5 kW<br \/>\nDimenzije: 400 x 600 x 280 mm (\u0160xGxV)<\/p>\n","protected":false},"featured_media":97308,"comment_status":"open","ping_status":"closed","template":"","meta":{"_acf_changed":false},"product_brand":[1444],"product_cat":[3043],"product_tag":[],"class_list":{"0":"post-86493","1":"product","2":"type-product","3":"status-publish","4":"has-post-thumbnail","6":"product_brand-lotus","7":"product_cat-namizni-stedilniki","8":"pa_linija-globina-2692","9":"pa_prikljucek-elektrika","11":"first","12":"instock","13":"shipping-taxable","14":"purchasable","15":"product-type-simple"},"acf":[],"_links":{"self":[{"href":"https:\/\/go-st.vizia.si\/index.php?rest_route=\/wp\/v2\/product\/86493","targetHints":{"allow":["GET"]}}],"collection":[{"href":"https:\/\/go-st.vizia.si\/index.php?rest_route=\/wp\/v2\/product"}],"about":[{"href":"https:\/\/go-st.vizia.si\/index.php?rest_route=\/wp\/v2\/types\/product"}],"replies":[{"embeddable":true,"href":"https:\/\/go-st.vizia.si\/index.php?rest_route=%2Fwp%2Fv2%2Fcomments&post=86493"}],"wp:featuredmedia":[{"embeddable":true,"href":"https:\/\/go-st.vizia.si\/index.php?rest_route=\/wp\/v2\/media\/97308"}],"wp:attachment":[{"href":"https:\/\/go-st.vizia.si\/index.php?rest_route=%2Fwp%2Fv2%2Fmedia&parent=86493"}],"wp:term":[{"taxonomy":"product_brand","embeddable":true,"href":"https:\/\/go-st.vizia.si\/index.php?rest_route=%2Fwp%2Fv2%2Fproduct_brand&post=86493"},{"taxonomy":"product_cat","embeddable":true,"href":"https:\/\/go-st.vizia.si\/index.php?rest_route=%2Fwp%2Fv2%2Fproduct_cat&post=86493"},{"taxonomy":"product_tag","embeddable":true,"href":"https:\/\/go-st.vizia.si\/index.php?rest_route=%2Fwp%2Fv2%2Fproduct_tag&post=86493"}],"curies":[{"name":"wp","href":"https:\/\/api.w.org\/{rel}","templated":true}]}}