{"id":86498,"date":"2026-01-29T18:17:13","date_gmt":"2026-01-29T18:17:13","guid":{"rendered":"https:\/\/go-st.vizia.si\/?post_type=product&#038;p=86498"},"modified":"2026-04-28T16:27:44","modified_gmt":"2026-04-28T16:27:44","slug":"indukcijska-zar-plosca-mgp-600","status":"publish","type":"product","link":"https:\/\/go-st.vizia.si\/?product=indukcijska-zar-plosca-mgp-600","title":{"rendered":"INDUKCIJSKI \u017dAR, MGP-600"},"content":{"rendered":"<p>Indukcijska \u017ear plo\u0161\u010da MGP-600 z robustnim ohi\u0161jem iz nerjave\u010dega jekla in gladko povr\u0161ino.<\/p>\n<h3 class=\"desc-headings\">Poudarki<\/h3>\n<ul>\n<li>Visokokakovostno ohi\u0161je iz nerjave\u010dega jekla<\/li>\n<li>Povr\u0161ina \u017eara: gladka<\/li>\n<li>Enostavno upravljanje s funkcijo Soft-Touch in sodoben TFT zaslon<\/li>\n<\/ul>\n<h3 class=\"desc-headings\">Tehni\u010dne informacije<\/h3>\n<ul>\n<li>Temperaturno obmo\u010dje: 80\u2013300 \u00b0C<\/li>\n<li>Elektri\u010dni priklju\u010dek: 400 V \/ 5000 W<\/li>\n<li>Dimenzije: 400 x 600 x 227 mm (\u0160xGxV)<\/li>\n<\/ul>\n","protected":false},"excerpt":{"rendered":"<p>Povr\u0161ina: gladka, jeklena<br \/>\nMo\u010d: 5 kW<br \/>\nDimenzije: 400 x 600 x 227 mm (\u0160xGxV)<\/p>\n","protected":false},"featured_media":86527,"comment_status":"open","ping_status":"closed","template":"","meta":{"_acf_changed":false},"product_brand":[166],"product_cat":[3044],"product_tag":[],"class_list":{"0":"post-86498","1":"product","2":"type-product","3":"status-publish","4":"has-post-thumbnail","6":"product_brand-mayway","7":"product_cat-namizni-zari","8":"pa_linija-globina-2692","9":"pa_prikljucek-elektrika","11":"first","12":"instock","13":"shipping-taxable","14":"purchasable","15":"product-type-simple"},"acf":[],"_links":{"self":[{"href":"https:\/\/go-st.vizia.si\/index.php?rest_route=\/wp\/v2\/product\/86498","targetHints":{"allow":["GET"]}}],"collection":[{"href":"https:\/\/go-st.vizia.si\/index.php?rest_route=\/wp\/v2\/product"}],"about":[{"href":"https:\/\/go-st.vizia.si\/index.php?rest_route=\/wp\/v2\/types\/product"}],"replies":[{"embeddable":true,"href":"https:\/\/go-st.vizia.si\/index.php?rest_route=%2Fwp%2Fv2%2Fcomments&post=86498"}],"wp:featuredmedia":[{"embeddable":true,"href":"https:\/\/go-st.vizia.si\/index.php?rest_route=\/wp\/v2\/media\/86527"}],"wp:attachment":[{"href":"https:\/\/go-st.vizia.si\/index.php?rest_route=%2Fwp%2Fv2%2Fmedia&parent=86498"}],"wp:term":[{"taxonomy":"product_brand","embeddable":true,"href":"https:\/\/go-st.vizia.si\/index.php?rest_route=%2Fwp%2Fv2%2Fproduct_brand&post=86498"},{"taxonomy":"product_cat","embeddable":true,"href":"https:\/\/go-st.vizia.si\/index.php?rest_route=%2Fwp%2Fv2%2Fproduct_cat&post=86498"},{"taxonomy":"product_tag","embeddable":true,"href":"https:\/\/go-st.vizia.si\/index.php?rest_route=%2Fwp%2Fv2%2Fproduct_tag&post=86498"}],"curies":[{"name":"wp","href":"https:\/\/api.w.org\/{rel}","templated":true}]}}