{"id":86539,"date":"2026-01-29T18:17:23","date_gmt":"2026-01-29T18:17:23","guid":{"rendered":"https:\/\/go-st.vizia.si\/?post_type=product&#038;p=86539"},"modified":"2026-04-28T16:34:17","modified_gmt":"2026-04-28T16:34:17","slug":"lava-zar-plinski-snack-line-gl-30gl","status":"publish","type":"product","link":"https:\/\/go-st.vizia.si\/?product=lava-zar-plinski-snack-line-gl-30gl","title":{"rendered":"NAMIZNI LAVA \u017dAR, Snack Line, GLG-30G"},"content":{"rendered":"<p>Namizni \u017ear RM Gastro serije Snack-Line lahko uporabljate kot samostojno enoto ali pa kot del linije, saj je zdru\u017eljiv z drugimi aparati RM Gastro serije Snack Line.<\/p>\n<h3 class=\"desc-headings\">Poudarki<\/h3>\n<ul>\n<li>Robustna konstrukcija iz nerjave\u010dega jekla<\/li>\n<li>Odvod dimnih plinov na zadnji strani, odstranljiv dimnik<\/li>\n<li>Povr\u0161ina \u017eara 315 x 483 mm<\/li>\n<li>Vklju\u010dno s 5kg lava kamnov<\/li>\n<li>Stopenjska regulacija temperature<\/li>\n<\/ul>\n<h3 class=\"desc-headings\">Tehni\u010dne informacije<\/h3>\n<ul>\n<li>Plinski priklju\u010dek: 4 kW<\/li>\n<li>Dimenzije: 330 x 600 x 355 mm (\u0160xGxV)<\/li>\n<\/ul>\n<p>&nbsp;<\/p>\n","protected":false},"excerpt":{"rendered":"<p>Povr\u0161ina: lava<br \/>\nMo\u010d: 4 kW<br \/>\nDimenzije: 330 x 600 x 355 mm (\u0160xGxV)<\/p>\n","protected":false},"featured_media":86569,"comment_status":"open","ping_status":"closed","template":"","meta":{"_acf_changed":false},"product_brand":[986],"product_cat":[3044],"product_tag":[],"class_list":{"0":"post-86539","1":"product","2":"type-product","3":"status-publish","4":"has-post-thumbnail","6":"product_brand-rm-gastro","7":"product_cat-namizni-zari","8":"pa_linija-globina-2692","9":"pa_prikljucek-plin","11":"first","12":"instock","13":"shipping-taxable","14":"purchasable","15":"product-type-simple"},"acf":[],"_links":{"self":[{"href":"https:\/\/go-st.vizia.si\/index.php?rest_route=\/wp\/v2\/product\/86539","targetHints":{"allow":["GET"]}}],"collection":[{"href":"https:\/\/go-st.vizia.si\/index.php?rest_route=\/wp\/v2\/product"}],"about":[{"href":"https:\/\/go-st.vizia.si\/index.php?rest_route=\/wp\/v2\/types\/product"}],"replies":[{"embeddable":true,"href":"https:\/\/go-st.vizia.si\/index.php?rest_route=%2Fwp%2Fv2%2Fcomments&post=86539"}],"wp:featuredmedia":[{"embeddable":true,"href":"https:\/\/go-st.vizia.si\/index.php?rest_route=\/wp\/v2\/media\/86569"}],"wp:attachment":[{"href":"https:\/\/go-st.vizia.si\/index.php?rest_route=%2Fwp%2Fv2%2Fmedia&parent=86539"}],"wp:term":[{"taxonomy":"product_brand","embeddable":true,"href":"https:\/\/go-st.vizia.si\/index.php?rest_route=%2Fwp%2Fv2%2Fproduct_brand&post=86539"},{"taxonomy":"product_cat","embeddable":true,"href":"https:\/\/go-st.vizia.si\/index.php?rest_route=%2Fwp%2Fv2%2Fproduct_cat&post=86539"},{"taxonomy":"product_tag","embeddable":true,"href":"https:\/\/go-st.vizia.si\/index.php?rest_route=%2Fwp%2Fv2%2Fproduct_tag&post=86539"}],"curies":[{"name":"wp","href":"https:\/\/api.w.org\/{rel}","templated":true}]}}