{"id":86560,"date":"2026-01-29T18:17:23","date_gmt":"2026-01-29T18:17:23","guid":{"rendered":"https:\/\/go-st.vizia.si\/?post_type=product&#038;p=86560"},"modified":"2026-03-06T14:13:36","modified_gmt":"2026-03-06T14:13:36","slug":"elektricna-prekucna-ponev-br-90-80-et-n","status":"publish","type":"product","link":"https:\/\/go-st.vizia.si\/?product=elektricna-prekucna-ponev-br-90-80-et-n","title":{"rendered":"Elektri\u010dna prekucna ponev BR 90\/80 ET\/N"},"content":{"rendered":"<p>Elektri\u010dna prekucna ponev BR 90\/80 ET\/N je primerna predvsem za velike kuhinje v restavracijah, hotelih, \u0161olah, vrtcih, domovih za starej\u0161e ob\u010dane, bolnicah\u2026 Narejena je iz inoxa. Ima kvadratno posodo kapacitete 80 litrov in ro\u010dko za ro\u010dno nagibanje le te. Temperaturno obmo\u010dje od 50\u00b0C do 300\u00b0C.&nbsp; Nastavljive nogice po vi\u0161ini.<\/p>\n","protected":false},"excerpt":{"rendered":"<p>Elektri\u010dna prekucna ponev BR 90\/80 ET\/N je primerna predvsem za velike kuhinje v restavracijah, hotelih, \u0161olah, vrtcih, domovih za starej\u0161e ob\u010dane, bolnicah\u2026 Narejena je iz inoxa. Ima kvadratno posodo kapacitete 80 litrov in ro\u010dko za ro\u010dno nagibanje le te. Temperaturno obmo\u010dje od 50\u00b0C do 300\u00b0C.&nbsp; Nastavljive nogice po vi\u0161ini.<\/p>\n","protected":false},"featured_media":86595,"comment_status":"open","ping_status":"closed","template":"","meta":{"_acf_changed":false},"product_brand":[986],"product_cat":[118],"product_tag":[],"class_list":{"0":"post-86560","1":"product","2":"type-product","3":"status-publish","4":"has-post-thumbnail","6":"product_brand-rm-gastro","7":"product_cat-prekucne-ponve-termicna-oprema","8":"pa_prikljucek-elektrika","10":"first","11":"instock","12":"shipping-taxable","13":"purchasable","14":"product-type-simple"},"acf":[],"_links":{"self":[{"href":"https:\/\/go-st.vizia.si\/index.php?rest_route=\/wp\/v2\/product\/86560","targetHints":{"allow":["GET"]}}],"collection":[{"href":"https:\/\/go-st.vizia.si\/index.php?rest_route=\/wp\/v2\/product"}],"about":[{"href":"https:\/\/go-st.vizia.si\/index.php?rest_route=\/wp\/v2\/types\/product"}],"replies":[{"embeddable":true,"href":"https:\/\/go-st.vizia.si\/index.php?rest_route=%2Fwp%2Fv2%2Fcomments&post=86560"}],"wp:featuredmedia":[{"embeddable":true,"href":"https:\/\/go-st.vizia.si\/index.php?rest_route=\/wp\/v2\/media\/86595"}],"wp:attachment":[{"href":"https:\/\/go-st.vizia.si\/index.php?rest_route=%2Fwp%2Fv2%2Fmedia&parent=86560"}],"wp:term":[{"taxonomy":"product_brand","embeddable":true,"href":"https:\/\/go-st.vizia.si\/index.php?rest_route=%2Fwp%2Fv2%2Fproduct_brand&post=86560"},{"taxonomy":"product_cat","embeddable":true,"href":"https:\/\/go-st.vizia.si\/index.php?rest_route=%2Fwp%2Fv2%2Fproduct_cat&post=86560"},{"taxonomy":"product_tag","embeddable":true,"href":"https:\/\/go-st.vizia.si\/index.php?rest_route=%2Fwp%2Fv2%2Fproduct_tag&post=86560"}],"curies":[{"name":"wp","href":"https:\/\/api.w.org\/{rel}","templated":true}]}}