{"id":86605,"date":"2026-01-29T18:17:37","date_gmt":"2026-01-29T18:17:37","guid":{"rendered":"https:\/\/go-st.vizia.si\/?post_type=product&#038;p=86605"},"modified":"2026-04-17T04:34:37","modified_gmt":"2026-04-17T04:34:37","slug":"elektricna-prekucna-ponev-delta-900-br120-912etf-i","status":"publish","type":"product","link":"https:\/\/go-st.vizia.si\/?product=elektricna-prekucna-ponev-delta-900-br120-912etf-i","title":{"rendered":"Elektri\u010dna prekucna ponev BRM120-912ETF\/I elektri\u010dni dvig posode"},"content":{"rendered":"<p>2 mm debela zgornja plo\u0161\u010da, <br \/>za\u0161\u010dita pred brizganjem vode IPX5, <br \/>avtomatsko nagibanje, zmogljivost: 120 l,<br \/>posoda iz nerjave\u010dega jekla z dnom iz<br \/>nerjave\u010dega jekla, vklju\u010dno s pokrovom<br \/>priklju\u010dek: 400 V \/ 18,1 KW<br \/>dimenzije: 120 x 90 x 90 cm (\u0160xGxV)<\/p><\/p>\n","protected":false},"excerpt":{"rendered":"<p>2 mm debela zgornja plo\u0161\u010da, za\u0161\u010dita pred brizganjem vode IPX5, avtomatsko nagibanje, zmogljivost: 120 l,posoda iz nerjave\u010dega jekla z dnom iznerjave\u010dega jekla, vklju\u010dno s pokrovompriklju\u010dek: 400 V \/ 18,1 KWdimenzije: 120 x 90 x 90 cm (\u0160xGxV)<\/p>\n","protected":false},"featured_media":97464,"comment_status":"open","ping_status":"closed","template":"","meta":{"_acf_changed":false},"product_brand":[1444],"product_cat":[118],"product_tag":[],"class_list":{"0":"post-86605","1":"product","2":"type-product","3":"status-publish","4":"has-post-thumbnail","6":"product_brand-lotus","7":"product_cat-prekucne-ponve-termicna-oprema","8":"pa_prikljucek-elektrika","10":"first","11":"instock","12":"shipping-taxable","13":"purchasable","14":"product-type-simple"},"acf":[],"_links":{"self":[{"href":"https:\/\/go-st.vizia.si\/index.php?rest_route=\/wp\/v2\/product\/86605","targetHints":{"allow":["GET"]}}],"collection":[{"href":"https:\/\/go-st.vizia.si\/index.php?rest_route=\/wp\/v2\/product"}],"about":[{"href":"https:\/\/go-st.vizia.si\/index.php?rest_route=\/wp\/v2\/types\/product"}],"replies":[{"embeddable":true,"href":"https:\/\/go-st.vizia.si\/index.php?rest_route=%2Fwp%2Fv2%2Fcomments&post=86605"}],"wp:featuredmedia":[{"embeddable":true,"href":"https:\/\/go-st.vizia.si\/index.php?rest_route=\/wp\/v2\/media\/97464"}],"wp:attachment":[{"href":"https:\/\/go-st.vizia.si\/index.php?rest_route=%2Fwp%2Fv2%2Fmedia&parent=86605"}],"wp:term":[{"taxonomy":"product_brand","embeddable":true,"href":"https:\/\/go-st.vizia.si\/index.php?rest_route=%2Fwp%2Fv2%2Fproduct_brand&post=86605"},{"taxonomy":"product_cat","embeddable":true,"href":"https:\/\/go-st.vizia.si\/index.php?rest_route=%2Fwp%2Fv2%2Fproduct_cat&post=86605"},{"taxonomy":"product_tag","embeddable":true,"href":"https:\/\/go-st.vizia.si\/index.php?rest_route=%2Fwp%2Fv2%2Fproduct_tag&post=86605"}],"curies":[{"name":"wp","href":"https:\/\/api.w.org\/{rel}","templated":true}]}}