{"id":86671,"date":"2026-01-29T18:17:47","date_gmt":"2026-01-29T18:17:47","guid":{"rendered":"https:\/\/go-st.vizia.si\/?post_type=product&#038;p=86671"},"modified":"2026-04-17T04:34:33","modified_gmt":"2026-04-17T04:34:33","slug":"elektricni-stedilnik-delta-900-tp-98et","status":"publish","type":"product","link":"https:\/\/go-st.vizia.si\/?product=elektricni-stedilnik-delta-900-tp-98et","title":{"rendered":"ELEKTRI\u010cNI \u0160TEDILNIK Z ZAPRTO PLO\u0160\u010cO, DELTA 900, TP-98ET"},"content":{"rendered":"<p>Visoko kakovosten \u0161tedilnik za profesionalno uporabo, ki zdru\u017euje najvi\u0161jo zmogljivost in zanesljivost. Uporablja se kot samostojna enota ali kot del linije, saj je zdru\u017eljiv z drugimi aparati serije Delta 900.<\/p>\n<h3 class=\"desc-headings\">Poudarki<\/h3>\n<ul>\n<li>V celoti izdelan iz visokokakovostnega nerjave\u010dega jekla<\/li>\n<li>Zaobljeni profili za enostavno in hitro \u010di\u0161\u010denje<\/li>\n<li>Vsi gumbi so za\u0161\u010diteni pred brizganjem vode z za\u0161\u010dito IPX5<\/li>\n<li>Enostavno, uporabniku prijazno upravljanje<\/li>\n<li>Vsi servisni deli so dostopni z enostavno odstranitvijo sprednje nadzorne plo\u0161\u010de.<\/li>\n<\/ul>\n<h3 class=\"desc-headings\">Informacije o izdelku<\/h3>\n<ul>\n<li>Zaprta plo\u0161\u010da 4 conami skupne mo\u010di 13,6 kW<\/li>\n<li>Velikost kuhalne plo\u0161\u010de: 700 x 680 mm<\/li>\n<li>Stati\u010dna elektri\u010dna pe\u010dica velikosti GN 2\/1<\/li>\n<li>Nastavitev temperature pe\u010dice od 50 do 300 \u00b0C<\/li>\n<li>Odvod dimnih plinov na zadnji strani, odstranljiv dimnik<\/li>\n<li>Na odprtem podstavku<\/li>\n<li>Prilagajanje delovne vi\u0161ine z vi\u0161insko nastavljivimi nogami<\/li>\n<li>Opcija:\n<ul>\n<li style=\"text-align: left\">vrata<\/li>\n<\/ul>\n<\/li>\n<\/ul>\n<h3 class=\"desc-headings\">Tehni\u010dne informacije<\/h3>\n<ul>\n<li>Elektri\u010dni priklju\u010dek: 400 V \/ 13,6 KW<\/li>\n<li>Dimenzije: 800 x 900 x 900 mm (\u0160xGxV)<\/li>\n<\/ul>\n<p><iframe loading=\"lazy\" title=\"Sketchfab 3D Model\" frameborder=\"0\" allowfullscreen=\"\" mozallowfullscreen=\"true\" webkitallowfullscreen=\"true\" allow=\"autoplay; fullscreen; xr-spatial-tracking\" src=\"https:\/\/sketchfab.com\/models\/a642f755e4064526af8010647b499471\/embed?ui_animations=0\" width=\"100%\" height=\"auto\"><br \/> <\/iframe><\/p>\n","protected":false},"excerpt":{"rendered":"<p>4-conska kuhalna plo\u0161\u010da<br \/>\nMo\u010d: 13,6 KW<br \/>\nDimenzije: 800 x 900 x 900 mm (\u0160xGxV)<\/p>\n","protected":false},"featured_media":97438,"comment_status":"open","ping_status":"closed","template":"","meta":{"_acf_changed":false},"product_brand":[1444],"product_cat":[122],"product_tag":[],"class_list":{"0":"post-86671","1":"product","2":"type-product","3":"status-publish","4":"has-post-thumbnail","6":"product_brand-lotus","7":"product_cat-stedilniki-termicna-oprema","8":"pa_linija-globina-2691","9":"pa_prikljucek-elektrika","11":"first","12":"instock","13":"shipping-taxable","14":"purchasable","15":"product-type-simple"},"acf":[],"_links":{"self":[{"href":"https:\/\/go-st.vizia.si\/index.php?rest_route=\/wp\/v2\/product\/86671","targetHints":{"allow":["GET"]}}],"collection":[{"href":"https:\/\/go-st.vizia.si\/index.php?rest_route=\/wp\/v2\/product"}],"about":[{"href":"https:\/\/go-st.vizia.si\/index.php?rest_route=\/wp\/v2\/types\/product"}],"replies":[{"embeddable":true,"href":"https:\/\/go-st.vizia.si\/index.php?rest_route=%2Fwp%2Fv2%2Fcomments&post=86671"}],"wp:featuredmedia":[{"embeddable":true,"href":"https:\/\/go-st.vizia.si\/index.php?rest_route=\/wp\/v2\/media\/97438"}],"wp:attachment":[{"href":"https:\/\/go-st.vizia.si\/index.php?rest_route=%2Fwp%2Fv2%2Fmedia&parent=86671"}],"wp:term":[{"taxonomy":"product_brand","embeddable":true,"href":"https:\/\/go-st.vizia.si\/index.php?rest_route=%2Fwp%2Fv2%2Fproduct_brand&post=86671"},{"taxonomy":"product_cat","embeddable":true,"href":"https:\/\/go-st.vizia.si\/index.php?rest_route=%2Fwp%2Fv2%2Fproduct_cat&post=86671"},{"taxonomy":"product_tag","embeddable":true,"href":"https:\/\/go-st.vizia.si\/index.php?rest_route=%2Fwp%2Fv2%2Fproduct_tag&post=86671"}],"curies":[{"name":"wp","href":"https:\/\/api.w.org\/{rel}","templated":true}]}}