{"id":86683,"date":"2026-01-29T18:17:48","date_gmt":"2026-01-29T18:17:48","guid":{"rendered":"https:\/\/go-st.vizia.si\/?post_type=product&#038;p=86683"},"modified":"2026-04-17T04:34:27","modified_gmt":"2026-04-17T04:34:27","slug":"plinski-stedilnik-snack-60-pct-63g","status":"publish","type":"product","link":"https:\/\/go-st.vizia.si\/?product=plinski-stedilnik-snack-60-pct-63g","title":{"rendered":"NAMIZNI PLINSKI \u0160TEDILNIK PCT-63G"},"content":{"rendered":"<p>Visoko kakovosten \u0161tedilnik za profesionalno uporabo, ki zdru\u017euje najvi\u0161jo zmogljivost in zanesljivost. Uporablja se kot samostojna enota ali kot del linije, saj je zdru\u017eljiv z drugimi aparati Lotus linije 600.<\/p>\n<h3 class=\"desc-headings\">Poudarki<\/h3>\n<ul>\n<li>V celoti iz visokokakovostnega nerjave\u010dega jekla<\/li>\n<li>Zaobljeni profili za enostavno in hitro \u010di\u0161\u010denje<\/li>\n<li>Vsi gumbi so za\u0161\u010diteni pred brizganjem vode z za\u0161\u010dito IPX5<\/li>\n<li>Vsi gorilniki s pilotnim plamenom<\/li>\n<li>Enostavno in uporabniku prijazno upravljanje<\/li>\n<li>Vsi servisni deli so dostopni z enostavno odstranitvijo sprednje nadzorne plo\u0161\u010de.<\/li>\n<\/ul>\n<h3 class=\"desc-headings\">Informacije o izdelku<\/h3>\n<ul>\n<li>2 plinska gorilnika mo\u010di:\u00a0 5,5 + 3,5 kW<\/li>\n<li>Odstranljiv dimnik<\/li>\n<li>Prilagajanje delovne vi\u0161ine z vi\u0161insko nastavljivimi nogami<\/li>\n<\/ul>\n<h3 class=\"desc-headings\">Tehni\u010dne informacije<\/h3>\n<ul>\n<li>Plinski priklju\u010dek: 9 kW \/ 7.740 Kcal<\/li>\n<li>Dimenzije: 300 x 600 x 280 mm (\u0160xGxV)<\/li>\n<\/ul>\n<p><iframe loading=\"lazy\" title=\"Sketchfab 3D Model\" frameborder=\"0\" allowfullscreen=\"\" mozallowfullscreen=\"true\" webkitallowfullscreen=\"true\" allow=\"autoplay; fullscreen; xr-spatial-tracking\" src=\"https:\/\/sketchfab.com\/models\/bbbf0909ab64449baea90a4ba1b735d0\/embed?ui_animations=0\" width=\"100%\" height=\"auto\"><br \/> <\/iframe><\/p>\n","protected":false},"excerpt":{"rendered":"<p>2 plinska gorilnika<br \/>\nMo\u010d: 9 kW<br \/>\nDimenzije: 300 x 600 x 280 mm (\u0160xGxV)<\/p>\n","protected":false},"featured_media":97322,"comment_status":"open","ping_status":"closed","template":"","meta":{"_acf_changed":false},"product_brand":[1444],"product_cat":[3043],"product_tag":[],"class_list":{"0":"post-86683","1":"product","2":"type-product","3":"status-publish","4":"has-post-thumbnail","6":"product_brand-lotus","7":"product_cat-namizni-stedilniki","8":"pa_linija-globina-2692","9":"pa_prikljucek-plin","11":"first","12":"instock","13":"shipping-taxable","14":"purchasable","15":"product-type-simple"},"acf":[],"_links":{"self":[{"href":"https:\/\/go-st.vizia.si\/index.php?rest_route=\/wp\/v2\/product\/86683","targetHints":{"allow":["GET"]}}],"collection":[{"href":"https:\/\/go-st.vizia.si\/index.php?rest_route=\/wp\/v2\/product"}],"about":[{"href":"https:\/\/go-st.vizia.si\/index.php?rest_route=\/wp\/v2\/types\/product"}],"replies":[{"embeddable":true,"href":"https:\/\/go-st.vizia.si\/index.php?rest_route=%2Fwp%2Fv2%2Fcomments&post=86683"}],"wp:featuredmedia":[{"embeddable":true,"href":"https:\/\/go-st.vizia.si\/index.php?rest_route=\/wp\/v2\/media\/97322"}],"wp:attachment":[{"href":"https:\/\/go-st.vizia.si\/index.php?rest_route=%2Fwp%2Fv2%2Fmedia&parent=86683"}],"wp:term":[{"taxonomy":"product_brand","embeddable":true,"href":"https:\/\/go-st.vizia.si\/index.php?rest_route=%2Fwp%2Fv2%2Fproduct_brand&post=86683"},{"taxonomy":"product_cat","embeddable":true,"href":"https:\/\/go-st.vizia.si\/index.php?rest_route=%2Fwp%2Fv2%2Fproduct_cat&post=86683"},{"taxonomy":"product_tag","embeddable":true,"href":"https:\/\/go-st.vizia.si\/index.php?rest_route=%2Fwp%2Fv2%2Fproduct_tag&post=86683"}],"curies":[{"name":"wp","href":"https:\/\/api.w.org\/{rel}","templated":true}]}}