{"id":86687,"date":"2026-01-29T18:17:48","date_gmt":"2026-01-29T18:17:48","guid":{"rendered":"https:\/\/go-st.vizia.si\/?post_type=product&#038;p=86687"},"modified":"2026-04-28T15:45:40","modified_gmt":"2026-04-28T15:45:40","slug":"plin-kuhalna-plosca-snack-line-sp-30gl","status":"publish","type":"product","link":"https:\/\/go-st.vizia.si\/?product=plin-kuhalna-plosca-snack-line-sp-30gl","title":{"rendered":"NAMIZNI PLINSKI \u0160TEDILNIK, Snack-Line, GKP-30 GL"},"content":{"rendered":"<p>Namizni \u0161tedilnik RM Gastro serije Snack-Line lahko uporabljate kot samostojno enoto ali pa kot del linije, saj je zdru\u017eljiv z drugimi aparati RM Gastro serije Snack Line.<\/p>\n<h3 class=\"desc-headings\">Poudarki<\/h3>\n<ul>\n<li>Robustna konstrukcija iz nerjave\u010dega jekla<\/li>\n<li>Odvod dimnih plinov na zadnji strani, odstranljiv dimnik<\/li>\n<li>2 plinska gorilnika mo\u010di 3 + 3,6 kW<\/li>\n<li>Poglobljena povr\u0161ina<\/li>\n<li>Kontrolna lu\u010dka za delovanje in gretje<\/li>\n<li>Stopenjska regulacija temperature<\/li>\n<\/ul>\n<h3 class=\"desc-headings\">Tehni\u010dne informacije<\/h3>\n<ul>\n<li>Plinski priklju\u010dek: 6,6 kW<\/li>\n<li>Dimenzije: 330 x 600 x 290 mm (\u0160xGxV)<\/li>\n<\/ul>\n<p>&nbsp;<\/p>\n","protected":false},"excerpt":{"rendered":"<p>Namizni \u0161tedilnik RM Gastro serije Snack-Line lahko uporabljate kot samostojno enoto ali pa kot del linije, saj je zdru\u017eljiv z drugimi aparati RM Gastro serije Snack Line. Poudarki Robustna konstrukcija iz nerjave\u010dega jekla Odvod dimnih plinov na zadnji strani, odstranljiv dimnik 2 plinska gorilnika mo\u010di 3 + 3,6 kW Poglobljena povr\u0161ina Kontrolna lu\u010dka za delovanje [&hellip;]<\/p>\n","protected":false},"featured_media":86717,"comment_status":"open","ping_status":"closed","template":"","meta":{"_acf_changed":false},"product_brand":[986],"product_cat":[3043],"product_tag":[],"class_list":{"0":"post-86687","1":"product","2":"type-product","3":"status-publish","4":"has-post-thumbnail","6":"product_brand-rm-gastro","7":"product_cat-namizni-stedilniki","8":"pa_linija-globina-2692","9":"pa_prikljucek-plin","11":"first","12":"instock","13":"shipping-taxable","14":"purchasable","15":"product-type-simple"},"acf":[],"_links":{"self":[{"href":"https:\/\/go-st.vizia.si\/index.php?rest_route=\/wp\/v2\/product\/86687","targetHints":{"allow":["GET"]}}],"collection":[{"href":"https:\/\/go-st.vizia.si\/index.php?rest_route=\/wp\/v2\/product"}],"about":[{"href":"https:\/\/go-st.vizia.si\/index.php?rest_route=\/wp\/v2\/types\/product"}],"replies":[{"embeddable":true,"href":"https:\/\/go-st.vizia.si\/index.php?rest_route=%2Fwp%2Fv2%2Fcomments&post=86687"}],"wp:featuredmedia":[{"embeddable":true,"href":"https:\/\/go-st.vizia.si\/index.php?rest_route=\/wp\/v2\/media\/86717"}],"wp:attachment":[{"href":"https:\/\/go-st.vizia.si\/index.php?rest_route=%2Fwp%2Fv2%2Fmedia&parent=86687"}],"wp:term":[{"taxonomy":"product_brand","embeddable":true,"href":"https:\/\/go-st.vizia.si\/index.php?rest_route=%2Fwp%2Fv2%2Fproduct_brand&post=86687"},{"taxonomy":"product_cat","embeddable":true,"href":"https:\/\/go-st.vizia.si\/index.php?rest_route=%2Fwp%2Fv2%2Fproduct_cat&post=86687"},{"taxonomy":"product_tag","embeddable":true,"href":"https:\/\/go-st.vizia.si\/index.php?rest_route=%2Fwp%2Fv2%2Fproduct_tag&post=86687"}],"curies":[{"name":"wp","href":"https:\/\/api.w.org\/{rel}","templated":true}]}}