{"id":86689,"date":"2026-01-29T18:17:48","date_gmt":"2026-01-29T18:17:48","guid":{"rendered":"https:\/\/go-st.vizia.si\/?post_type=product&#038;p=86689"},"modified":"2026-04-11T14:45:11","modified_gmt":"2026-04-11T14:45:11","slug":"elektricni-stedilnik-snack-line-eh-60els","status":"publish","type":"product","link":"https:\/\/go-st.vizia.si\/?product=elektricni-stedilnik-snack-line-eh-60els","title":{"rendered":"ELEKTRI\u010cNI \u0160TEDILNIK S KONVEKCIJSKO EL. PE\u010cICO  EH-60ELS"},"content":{"rendered":"<p>4 kuhalne plo\u0161\u010de mo\u010di: 4x2 kW s 6-stopenjsko regulacijo<br \/>\nKonvekcijska elektri\u010dna pe\u010dica za 4 x GN 1\/1 65 h<br \/>\nPiezzo v\u017eig<br \/>\nElektri\u010dni priklju\u010dek: 400 V \/ 11,13 kW<br \/>\nDimenzije: 660 x 600 x 860 - 920 mm (\u0160xGxV)<\/p>\n<p>&nbsp;<\/p>\n","protected":false},"excerpt":{"rendered":"<p>4 kuhalne plo\u0161\u010de mo\u010di: 4x2 kW s 6-stopenjsko regulacijo Konvekcijska elektri\u010dna pe\u010dica za 4 x GN 1\/1 65 h Piezzo v\u017eig Elektri\u010dni priklju\u010dek: 400 V \/ 11,13 kW Dimenzije: 660 x 600 x 860 - 920 mm (\u0160xGxV) &nbsp;<\/p>\n","protected":false},"featured_media":86719,"comment_status":"open","ping_status":"closed","template":"","meta":{"_acf_changed":false},"product_brand":[986],"product_cat":[122],"product_tag":[],"class_list":{"0":"post-86689","1":"product","2":"type-product","3":"status-publish","4":"has-post-thumbnail","6":"product_brand-rm-gastro","7":"product_cat-stedilniki-termicna-oprema","8":"pa_linija-globina-2692","9":"pa_prikljucek-elektrika","11":"first","12":"instock","13":"shipping-taxable","14":"purchasable","15":"product-type-simple"},"acf":[],"_links":{"self":[{"href":"https:\/\/go-st.vizia.si\/index.php?rest_route=\/wp\/v2\/product\/86689","targetHints":{"allow":["GET"]}}],"collection":[{"href":"https:\/\/go-st.vizia.si\/index.php?rest_route=\/wp\/v2\/product"}],"about":[{"href":"https:\/\/go-st.vizia.si\/index.php?rest_route=\/wp\/v2\/types\/product"}],"replies":[{"embeddable":true,"href":"https:\/\/go-st.vizia.si\/index.php?rest_route=%2Fwp%2Fv2%2Fcomments&post=86689"}],"wp:featuredmedia":[{"embeddable":true,"href":"https:\/\/go-st.vizia.si\/index.php?rest_route=\/wp\/v2\/media\/86719"}],"wp:attachment":[{"href":"https:\/\/go-st.vizia.si\/index.php?rest_route=%2Fwp%2Fv2%2Fmedia&parent=86689"}],"wp:term":[{"taxonomy":"product_brand","embeddable":true,"href":"https:\/\/go-st.vizia.si\/index.php?rest_route=%2Fwp%2Fv2%2Fproduct_brand&post=86689"},{"taxonomy":"product_cat","embeddable":true,"href":"https:\/\/go-st.vizia.si\/index.php?rest_route=%2Fwp%2Fv2%2Fproduct_cat&post=86689"},{"taxonomy":"product_tag","embeddable":true,"href":"https:\/\/go-st.vizia.si\/index.php?rest_route=%2Fwp%2Fv2%2Fproduct_tag&post=86689"}],"curies":[{"name":"wp","href":"https:\/\/api.w.org\/{rel}","templated":true}]}}